{"id":100216,"date":"2022-01-16T22:59:29","date_gmt":"2022-01-16T21:59:29","guid":{"rendered":"https:\/\/hiphop4life.fr\/shop\/?post_type=product&#038;p=100216"},"modified":"2023-08-28T18:22:56","modified_gmt":"2023-08-28T16:22:56","slug":"lupe-fiasco-food-liquor-vinyle","status":"publish","type":"product","link":"https:\/\/hiphop4life.fr\/shop\/produit\/lupe-fiasco-food-liquor-vinyle\/","title":{"rendered":"Lupe Fiasco &#8211; Food &#038; Liquor [Vinyle Transparent]"},"content":{"rendered":"<div class=\"wpb-content-wrapper\"><p>[vc_row][vc_column width=\u00a0\u00bb1\/1&Prime;][vc_single_image media=\u00a0\u00bb100217&Prime; media_width_percent=\u00a0\u00bb100&Prime; uncode_shortcode_id=\u00a0\u00bb176395&Prime;][vc_column_text uncode_shortcode_id=\u00a0\u00bb209400&Prime;]<iframe style=\"border-radius: 12px;\" src=\"https:\/\/open.spotify.com\/embed\/album\/0TDJRkEr2SrhWTetdkEzED?utm_source=generator\" width=\"100%\" height=\"352\" frameborder=\"0\" allowfullscreen=\"allowfullscreen\"><\/iframe><\/p>\n<p><strong>Tracklist<\/strong><\/p>\n<p>SIDE A<br \/>\n<em>Intro<br \/>\nReal<br \/>\nJust Might Be Ok<br \/>\nKick Push<\/em><br \/>\nSIDE B<br \/>\n<em>I Gotcha<br \/>\nThe Instrumental<br \/>\nHe Say She Say<br \/>\nSunshine<br \/>\nDaydreamin Album Version<\/em><br \/>\nSIDE C<br \/>\n<em>The Cool<br \/>\nHurt Me Soul<br \/>\nPressure<br \/>\nAmerican Terrorist<\/em><br \/>\nSIDE D<br \/>\n<em>The Emperor S Soundtrack<br \/>\nKick Push II<br \/>\nOutro<\/em>[\/vc_column_text][\/vc_column][\/vc_row]<\/p>\n<div id=\"professor_prebid-root\"><\/div>\n<\/div>","protected":false},"excerpt":{"rendered":"<p><strong>Album :<\/strong> Food &amp; Liquor<br \/>\n<strong>Artiste :<\/strong> Lupe Fiasco<br \/>\n<strong>Etat :<\/strong>\u00a0Neuf<br \/>\n<strong>Format :<\/strong> Vinyle, 2 LP, Album<br \/>\n<strong>Label :<\/strong> Atlantic<br \/>\n<strong>Edition :<\/strong> R\u00e9\u00e9dition 2023 &#8211; Vinyle color\u00e9<br \/>\n<strong>Date de sortie :<\/strong> 2006<br \/>\n<strong>Genre :<\/strong>\u00a0Hip-Hop\u00a0\/ Rap US \/ Rap Conscient<\/p>\n<div id=\"professor_prebid-root\"><\/div>\n<div id=\"professor_prebid-root\"><\/div>\n","protected":false},"featured_media":100219,"comment_status":"open","ping_status":"closed","template":"","meta":{"om_disable_all_campaigns":false,"_monsterinsights_skip_tracking":false,"_monsterinsights_sitenote_active":false,"_monsterinsights_sitenote_note":"","_monsterinsights_sitenote_category":0},"product_brand":[],"product_cat":[6172,6177],"product_tag":[5374,6127,11060,5325,7593,5361,5326,7693,9089],"class_list":{"0":"post-100216","1":"product","2":"type-product","3":"status-publish","4":"has-post-thumbnail","6":"product_cat-2000s","7":"product_cat-midwest","8":"product_tag-2000s","9":"product_tag-chicago","10":"product_tag-food-liquor","11":"product_tag-hip-hop","12":"product_tag-lupe-fiasco","13":"product_tag-rap-conscient","14":"product_tag-rap-us","15":"product_tag-reedition","16":"product_tag-vinyle-colore","17":"product_shipping_class-3-lp","19":"first","20":"instock","21":"taxable","22":"shipping-taxable","23":"purchasable","24":"product-type-simple"},"aioseo_notices":[],"_links":{"self":[{"href":"https:\/\/hiphop4life.fr\/shop\/wp-json\/wp\/v2\/product\/100216","targetHints":{"allow":["GET"]}}],"collection":[{"href":"https:\/\/hiphop4life.fr\/shop\/wp-json\/wp\/v2\/product"}],"about":[{"href":"https:\/\/hiphop4life.fr\/shop\/wp-json\/wp\/v2\/types\/product"}],"replies":[{"embeddable":true,"href":"https:\/\/hiphop4life.fr\/shop\/wp-json\/wp\/v2\/comments?post=100216"}],"wp:featuredmedia":[{"embeddable":true,"href":"https:\/\/hiphop4life.fr\/shop\/wp-json\/wp\/v2\/media\/100219"}],"wp:attachment":[{"href":"https:\/\/hiphop4life.fr\/shop\/wp-json\/wp\/v2\/media?parent=100216"}],"wp:term":[{"taxonomy":"product_brand","embeddable":true,"href":"https:\/\/hiphop4life.fr\/shop\/wp-json\/wp\/v2\/product_brand?post=100216"},{"taxonomy":"product_cat","embeddable":true,"href":"https:\/\/hiphop4life.fr\/shop\/wp-json\/wp\/v2\/product_cat?post=100216"},{"taxonomy":"product_tag","embeddable":true,"href":"https:\/\/hiphop4life.fr\/shop\/wp-json\/wp\/v2\/product_tag?post=100216"}],"curies":[{"name":"wp","href":"https:\/\/api.w.org\/{rel}","templated":true}]}}