{"id":19264,"date":"2016-08-22T09:36:41","date_gmt":"2016-08-22T07:36:41","guid":{"rendered":"http:\/\/www.undsgn.com\/uncode\/?post_type=product&#038;p=19264"},"modified":"2022-01-17T16:04:40","modified_gmt":"2022-01-17T15:04:40","slug":"2-pac-all-eyez-on-me-vinyle","status":"publish","type":"product","link":"https:\/\/hiphop4life.fr\/shop\/produit\/2-pac-all-eyez-on-me-vinyle\/","title":{"rendered":"2 Pac &#8211; All Eyez On Me [Vinyle]"},"content":{"rendered":"<div class=\"wpb-content-wrapper\"><p>[vc_row][vc_column width=\u00a0\u00bb1\/1&Prime;][vc_column_text]Plus format\u00e9, moins sombre\u00a0et visc\u00e9ral\u00a0que le proph\u00e9tique\u00a0<em>The Don Killuminati: The 7 Day Theory<\/em>, <em>All Eyez On Me<\/em> n&rsquo;en est pas moins un des plus grands classiques du rap US et l&rsquo;album majeur de la l\u00e9gende 2 Pac.<\/p>\n<p>Du Gangsta Rap 100% West Coast, rempli de bangers et d&rsquo;invit\u00e9s prestigieux, on y croise tous les meilleurs rappeurs et producteurs de\u00a0Cali, de Snoop\u00a0au Dogg Pound en passant par DJ Quik et les refrains in\u00e9galables de Nate Dogg mais aussi Meth et Red c\u00f4t\u00e9 East et bien s\u00fbr Dr. Dre qui donnera \u00e0 Pac son plus gros tube, <em>California Love<\/em>, et la bombe\u00a0<em>Can&rsquo;t C Me<\/em>.<\/p>\n<p>Tout simplement un des\u00a0meilleurs double albums du rap avec <a href=\"http:\/\/hiphop4life.fr\/shop\/produit\/the-notorious-big-life-after-death-vinyle\/\"><em>Life After Death<\/em><\/a>, <a href=\"http:\/\/hiphop4life.fr\/shop\/produit\/wu-tang-clan-wu-tang-forever-vinyle\/\"><em>Wu-Tang Forever<\/em><\/a> et <a href=\"http:\/\/hiphop4life.fr\/shop\/produit\/outkast-speakerboxxx-the-love-below-vinyle\/\"><em>Speakerboxxx\/The Love Below<\/em><\/a>.[\/vc_column_text][vc_single_image media=\u00a0\u00bb69313&Prime; media_width_percent=\u00a0\u00bb100&Prime;][vc_column_text]<iframe src=\"https:\/\/embed.spotify.com\/?uri=spotify%3Aalbum%3A4CzT5ueFBRpbILw34HQYxi\" width=\"300\" height=\"380\" frameborder=\"0\"><\/iframe><\/p>\n<p><strong>Tracklist<\/strong><\/p>\n<p><em>1. Ambitionz Az A Ridah<\/em><br \/>\n<em>2. All About U (Ft. Snoop Dogg, Nate Dogg, Dru Down, Yaki Kadafi &amp; Hussein Fatal)<\/em><br \/>\n<em>3. Skandalouz (Ft. Nate Dogg)<\/em><br \/>\n<em>4. Got My Mind Made Up (Ft. Daz Dillinger, Kurupt, Method Man &amp; Redman)<\/em><br \/>\n<em>5. How Do U Want It (Ft. K-Ci &amp; JoJo)<\/em><br \/>\n<em>6. 2 of Amerikaz Most Wanted (Ft. Snoop Dogg)<\/em><br \/>\n<em>7. No More Pain<\/em><br \/>\n<em>8. Heartz of Men<\/em><br \/>\n<em>9. Life Goes On<\/em><br \/>\n<em>10. Only God Can Judge Me (Ft. Rappin&rsquo; 4-Tay)<\/em><br \/>\n<em>11. Tradin War Stories (Ft. Dramacydal, C-Bo &amp; Storm)<\/em><br \/>\n<em>12. California Love (Remix) (Ft. Dr. Dre &amp; Roger Troutman)<\/em><br \/>\n<em>13. I Ain&rsquo;t Mad At Cha (Ft. Danny Boy)<\/em><br \/>\n<em>14. What&rsquo;z Ya Phone # (Ft. Danny Boy)<\/em><br \/>\n<em>15. Can&rsquo;t C Me (Ft. George Clinton)<\/em><br \/>\n<em>16. Shorty Wanna Be a Thug<\/em><br \/>\n<em>17. Holla At Me<\/em><br \/>\n<em>18. Wonda Why They Call U Bitch<\/em><br \/>\n<em>19. When We Ride (Ft. Outlaw Immortalz)<\/em><br \/>\n<em>20. Thug Passion (Ft. Jewell, Dramacydal &amp; Storm)<\/em><br \/>\n<em>21. Picture Me Rollin&rsquo; (Ft. Danny Boy, CPO &amp; Big Syke)<\/em><br \/>\n<em>22. Check Out Time (Ft. Kurupt &amp; Big Syke)<\/em><br \/>\n<em>23. Ratha Be Ya Nigga (Ft. Richie Rich)<\/em><br \/>\n<em>24. All Eyez On Me (Ft. Big Syke)<\/em><br \/>\n<em>25. Run Tha Streetz (Ft. Michel&rsquo;le, Napoleon &amp; Storm)<\/em><br \/>\n<em>26. Ain&rsquo;t Hard 2 Find (Ft. E-40, B-Legit, D-Shot, C-Bo &amp; Richie Rich)<\/em><br \/>\n<em>27. Heaven Ain&rsquo;t Hard 2 Find (Ft. Danny Boy)<\/em><\/p>\n<p>Les meilleurs morceaux de <strong>2Pac<\/strong> sont \u00e0 \u00e9couter dans la playlist Hip-Hop 4 Life : <a href=\"http:\/\/hiphop4life.fr\/chroniques\/playlists\/\">Hit &lsquo;Em Up<\/a>.[\/vc_column_text][\/vc_column][\/vc_row]<\/p>\n<\/div>","protected":false},"excerpt":{"rendered":"<p><strong>Album :<\/strong>\u00a0All Eyez On Me (Version remasteris\u00e9e)<br \/>\n<strong>Artiste :<\/strong>\u00a02 Pac<br \/>\n<strong>Etat :<\/strong>\u00a0Neuf<br \/>\n<strong>Format :<\/strong>\u00a0Vinyle, 2 LP, Album<br \/>\n<strong>Label :<\/strong>\u00a0Death Row Records<br \/>\n<strong>Edition :\u00a0<\/strong>R\u00e9\u00e9dition 2001 &#8211; Remasteris\u00e9<br \/>\n<strong>Date de sortie :<\/strong>\u00a01996<br \/>\n<strong>Genre :<\/strong>\u00a0Hip-Hop \/ Rap US \/ Gangsta Rap \/ West Coast<\/p>\n","protected":false},"featured_media":65328,"comment_status":"open","ping_status":"closed","template":"","meta":{"om_disable_all_campaigns":false,"_monsterinsights_skip_tracking":false,"_monsterinsights_sitenote_active":false,"_monsterinsights_sitenote_note":"","_monsterinsights_sitenote_category":0},"product_brand":[],"product_cat":[6171,6175],"product_tag":[5323,5324,5341,5340,6110,5339,5325,5326,7693,7695,5328],"class_list":{"0":"post-19264","1":"product","2":"type-product","3":"status-publish","4":"has-post-thumbnail","6":"product_cat-golden-age","7":"product_cat-west-coast","8":"product_tag-2-pac","9":"product_tag-all-eyez-on-me","10":"product_tag-death-row-records","11":"product_tag-g-funk","12":"product_tag-gangsta-rap","13":"product_tag-golden-age","14":"product_tag-hip-hop","15":"product_tag-rap-us","16":"product_tag-reedition","17":"product_tag-remasterise","18":"product_tag-west-coast","19":"product_shipping_class-2-lp","21":"first","22":"outofstock","23":"taxable","24":"shipping-taxable","25":"purchasable","26":"product-type-simple"},"aioseo_notices":[],"_links":{"self":[{"href":"https:\/\/hiphop4life.fr\/shop\/wp-json\/wp\/v2\/product\/19264","targetHints":{"allow":["GET"]}}],"collection":[{"href":"https:\/\/hiphop4life.fr\/shop\/wp-json\/wp\/v2\/product"}],"about":[{"href":"https:\/\/hiphop4life.fr\/shop\/wp-json\/wp\/v2\/types\/product"}],"replies":[{"embeddable":true,"href":"https:\/\/hiphop4life.fr\/shop\/wp-json\/wp\/v2\/comments?post=19264"}],"wp:featuredmedia":[{"embeddable":true,"href":"https:\/\/hiphop4life.fr\/shop\/wp-json\/wp\/v2\/media\/65328"}],"wp:attachment":[{"href":"https:\/\/hiphop4life.fr\/shop\/wp-json\/wp\/v2\/media?parent=19264"}],"wp:term":[{"taxonomy":"product_brand","embeddable":true,"href":"https:\/\/hiphop4life.fr\/shop\/wp-json\/wp\/v2\/product_brand?post=19264"},{"taxonomy":"product_cat","embeddable":true,"href":"https:\/\/hiphop4life.fr\/shop\/wp-json\/wp\/v2\/product_cat?post=19264"},{"taxonomy":"product_tag","embeddable":true,"href":"https:\/\/hiphop4life.fr\/shop\/wp-json\/wp\/v2\/product_tag?post=19264"}],"curies":[{"name":"wp","href":"https:\/\/api.w.org\/{rel}","templated":true}]}}