{"id":69024,"date":"2016-04-29T15:33:26","date_gmt":"2016-04-29T13:33:26","guid":{"rendered":"http:\/\/hiphop4life.fr\/shop\/produit\/snoop-dogg-doggystyle-vinyle\/"},"modified":"2024-01-08T21:45:03","modified_gmt":"2024-01-08T20:45:03","slug":"snoop-dogg-doggystyle-vinyle","status":"publish","type":"product","link":"https:\/\/hiphop4life.fr\/shop\/produit\/snoop-dogg-doggystyle-vinyle\/","title":{"rendered":"Snoop Dogg &#8211; Doggystyle [Vinyle]"},"content":{"rendered":"<div class=\"wpb-content-wrapper\"><p>[vc_row][vc_column width=\u00a0\u00bb1\/1&Prime;][vc_column_text]Si Dr. Dre et sa <a href=\"http:\/\/hiphop4life.fr\/shop\/product\/dr-dre-the-chronic-vinyle\/\">Chronic<\/a> ont r\u00e9volutionn\u00e9 le rap en popularisant ce nouveau son inspir\u00e9 du P-Funk de George Clinton, c&rsquo;est bien le flow nonchalant\u00a0de Snoop qui en est\u00a0la voix si reconnaissable.<br \/>\nDe <em>Gin &amp; Juice<\/em> \u00e0 <em>What&rsquo;s My Name<\/em>, en passant par <em>Tha Shiznit<\/em> et <em>Murder Was The Case<\/em>, les plus gros classiques\u00a0du Dogg de Long Beach sont l\u00e0.<br \/>\n<em>Doggystyle<\/em> est une ode \u00e0 la gang life de Cali : du soleil, des meufs, du sexe, des low-riders, des gangsters, des gun fights&#8230; en plein territoire hostile,\u00a0le G-Funk\u00a0de Snoop &amp;\u00a0Dre rend ce\u00a0ride aussi cool que dangereux ![\/vc_column_text][vc_single_image media=\u00a0\u00bb69316&Prime; media_width_percent=\u00a0\u00bb100&Prime;][vc_column_text]<iframe src=\"https:\/\/embed.spotify.com\/?uri=spotify%3Aalbum%3A7f9KDGqY7X2VLBM5aA66KM\" width=\"300\" height=\"380\" frameborder=\"0\"><span data-mce-type=\"bookmark\" style=\"display: inline-block; width: 0px; overflow: hidden; line-height: 0;\" class=\"mce_SELRES_start\">\ufeff<\/span><\/iframe><\/p>\n<p><strong>Tracklist<\/strong><\/p>\n<p><em>1. Bathtub<\/em><br \/>\n<em>2. G Funk Intro (Ft. George Clinton, Dr. Dre &amp; The Lady of Rage)<\/em><br \/>\n<em>3. Gin and Juice (Ft. Daz Dillinger &amp; David Ruffin&rsquo; Jr.)<\/em><br \/>\n<em>4. W Balls (Ft. Nanci Fletcher &amp; Ricky Harris)<\/em><br \/>\n<em>5. Tha Shiznit<\/em><br \/>\n<em>6. Domino Intro<\/em><br \/>\n<em>7. Lodi Dodi (Ft. Nanci Fletcher)<\/em><br \/>\n<em>8. Murder Was the Case (Ft. Daz Dillinger)<\/em><br \/>\n<em>9. Serial Killa (Ft. D.O.C., RBX and Tha Dogg Pound)<\/em><br \/>\n<em>10. Who Am I? (What&rsquo;s My Name?) (Ft. Jewell, Dr. Dre &amp; Tony Green)<\/em><br \/>\n<em>11. For All My Niggaz &amp; Bitches (Ft. Tha Dogg Pound &amp; The Lady of Rage)<\/em><br \/>\n<em>12. Ain&rsquo;t No Fun (If the Homies Can&rsquo;t Have None) (Ft. Nate Dogg, Warren G, Nanci Fletcher &amp; Kurupt)<\/em><br \/>\n<em>13. Chronic Relief Intro<\/em><br \/>\n<em>14. Doggy Dogg World (Ft. Tha Dogg Pound, Nanci Fletcher &amp; The Dramatics)<\/em><br \/>\n<em>15. Class Room Intro<\/em><br \/>\n<em>16. Gz and Hustlas (Ft. Nanci Fletcher)<\/em><br \/>\n<em>17. Checkin&rsquo;<\/em><br \/>\n<em>18. Gz Up, Hoes Down (Ft. Hug)<\/em><br \/>\n<em>19. Pump Pump (Ft. Lil Malik)<\/em><\/p>\n<p>Les tubes du duo mythique <strong>Dre \/ Snoop<\/strong> sont\u00a0\u00e0 retrouver dans la playlist <a href=\"http:\/\/hiphop4life.fr\/chroniques\/playlists\/\">2 Live N Die In L.A.<br \/>\n<\/a><\/p>\n<p>Le dernier album de <strong>Snoop Dogg<\/strong>, <em><strong>Neva Left<\/strong><\/em>, est \u00e0 \u00e9couter en streaming sur Hip-Hop 4 Life <a href=\"http:\/\/hiphop4life.fr\/news\/snoop-dogg-neva-left-album-stream\/\">ici<\/a>.<\/p>\n<p><em>\u00a0<\/em>[\/vc_column_text][\/vc_column][\/vc_row]<\/p>\n<\/div>","protected":false},"excerpt":{"rendered":"<p><strong>Album :<\/strong>\u00a0Doggystyle<br \/>\n<strong>Artiste :<\/strong>\u00a0Snoop Dogg<br \/>\n<strong>Etat :<\/strong>\u00a0Neuf<br \/>\n<strong>Format :<\/strong>\u00a0Vinyle, 2 LP, Album<br \/>\n<strong>Label :<\/strong>\u00a0Death Row Records<br \/>\n<strong>Edition : <\/strong>R\u00e9\u00e9dition remasteris\u00e9e 2017<br \/>\n<strong>Date de sortie :<\/strong>\u00a01993<br \/>\n<strong>Genre :<\/strong>\u00a0Hip-Hop \/ Rap US \/ Gangsta Rap \/ West Coast<\/p>\n","protected":false},"featured_media":69025,"comment_status":"open","ping_status":"closed","template":"","meta":{"om_disable_all_campaigns":false,"_monsterinsights_skip_tracking":false,"_monsterinsights_sitenote_active":false,"_monsterinsights_sitenote_note":"","_monsterinsights_sitenote_category":0},"product_brand":[],"product_cat":[6171,6175],"product_tag":[5341,5343,5344,5340,6110,5339,5325,5326,7693,7695,5342,5328],"class_list":{"0":"post-69024","1":"product","2":"type-product","3":"status-publish","4":"has-post-thumbnail","6":"product_cat-golden-age","7":"product_cat-west-coast","8":"product_tag-death-row-records","9":"product_tag-doggystyle","10":"product_tag-dr-dre","11":"product_tag-g-funk","12":"product_tag-gangsta-rap","13":"product_tag-golden-age","14":"product_tag-hip-hop","15":"product_tag-rap-us","16":"product_tag-reedition","17":"product_tag-remasterise","18":"product_tag-snoop-dogg","19":"product_tag-west-coast","20":"product_shipping_class-2-lp","22":"first","23":"outofstock","24":"taxable","25":"shipping-taxable","26":"purchasable","27":"product-type-simple"},"aioseo_notices":[],"_links":{"self":[{"href":"https:\/\/hiphop4life.fr\/shop\/wp-json\/wp\/v2\/product\/69024","targetHints":{"allow":["GET"]}}],"collection":[{"href":"https:\/\/hiphop4life.fr\/shop\/wp-json\/wp\/v2\/product"}],"about":[{"href":"https:\/\/hiphop4life.fr\/shop\/wp-json\/wp\/v2\/types\/product"}],"replies":[{"embeddable":true,"href":"https:\/\/hiphop4life.fr\/shop\/wp-json\/wp\/v2\/comments?post=69024"}],"wp:featuredmedia":[{"embeddable":true,"href":"https:\/\/hiphop4life.fr\/shop\/wp-json\/wp\/v2\/media\/69025"}],"wp:attachment":[{"href":"https:\/\/hiphop4life.fr\/shop\/wp-json\/wp\/v2\/media?parent=69024"}],"wp:term":[{"taxonomy":"product_brand","embeddable":true,"href":"https:\/\/hiphop4life.fr\/shop\/wp-json\/wp\/v2\/product_brand?post=69024"},{"taxonomy":"product_cat","embeddable":true,"href":"https:\/\/hiphop4life.fr\/shop\/wp-json\/wp\/v2\/product_cat?post=69024"},{"taxonomy":"product_tag","embeddable":true,"href":"https:\/\/hiphop4life.fr\/shop\/wp-json\/wp\/v2\/product_tag?post=69024"}],"curies":[{"name":"wp","href":"https:\/\/api.w.org\/{rel}","templated":true}]}}