{"id":69026,"date":"2016-01-09T03:59:30","date_gmt":"2016-01-09T02:59:30","guid":{"rendered":"http:\/\/hiphop4life.fr\/shop\/produit\/anderson-paak-malibu-vinyle\/"},"modified":"2023-08-23T13:39:20","modified_gmt":"2023-08-23T11:39:20","slug":"anderson-paak-malibu-vinyle","status":"publish","type":"product","link":"https:\/\/hiphop4life.fr\/shop\/produit\/anderson-paak-malibu-vinyle\/","title":{"rendered":"Anderson .Paak &#8211; Malibu [Vinyle]"},"content":{"rendered":"<div class=\"wpb-content-wrapper\"><p>[vc_row][vc_column width=\u00a0\u00bb1\/1&Prime;][vc_column_text]Un talent de plus r\u00e9v\u00e9l\u00e9 par Dr. Dre, Anderson .Paak est entr\u00e9 dans l&rsquo;industrie musicale par la grande porte en braquant le tr\u00e8s attendu dernier album du docteur, <em>Compton<\/em>, en posant notamment sur l&rsquo;historique <em>Animals<\/em>, 1er morceau \u00e0 rassembler les deux producteurs mythiques de chaque c\u00f4te : Dr. Dre et DJ Premier.<br \/>\nCe surdou\u00e9 n&rsquo;a ensuite pas d\u00e9\u00e7u en sortant la p\u00e9pite <em>Malibu<\/em>, de la musique organique, vintage et funky comme on n&rsquo;en fait plus,\u00a0inspir\u00e9e des meilleurs artistes soul\/R&amp;B comme James Brown, Curtis Mayfield\u00a0ou encore Stevie Wonder, le tout\u00a0influenc\u00e9 par la\u00a0culture rap, du mouvement Native Tongue \u00e0 Nas, en passant par Kendrick Lamar.[\/vc_column_text][vc_single_image media=\u00a0\u00bb69318&Prime; media_width_percent=\u00a0\u00bb100&Prime;][vc_column_text]<iframe src=\"https:\/\/embed.spotify.com\/?uri=spotify%3Aalbum%3A6xNFuLOko8gjxi5kUAyGyM\" width=\"300\" height=\"380\" frameborder=\"0\"><\/iframe><\/p>\n<p><strong>Tracklist<\/strong><\/p>\n<p><em>1. The Bird<\/em><br \/>\n<em>2. Heart Don&rsquo;t Stand a Chance<\/em><br \/>\n<em>3. The Waters (Ft.\u00a0BJ the Chicago Kid)<\/em><br \/>\n<em>4. The Season \/ Carry Me <\/em><br \/>\n<em>5. Put Me Thru<\/em><br \/>\n<em>6. Am I Wrong (Ft.\u00a0ScHoolboy Q)<\/em><br \/>\n<em>7. Without You (Ft.\u00a0Rapsody)<\/em><br \/>\n<em>8. Parking Lot<\/em><br \/>\n<em>9. Lite Weight (Ft. The Free Nationals United Fellowship Choir)<\/em><br \/>\n<em>10. Room in Here (Ft.\u00a0The Game\u00a0and\u00a0Sonyae Elise)<\/em><br \/>\n<em>11. Water Fall (Interluuube)<\/em><br \/>\n<em>12. Your Prime<\/em><br \/>\n<em>13. Come Down<\/em><br \/>\n<em>14. Silicon Valley<\/em><br \/>\n<em>15. Celebrate<\/em><br \/>\n<em>16. The Dreamer (Ft.\u00a0Talib Kweli\u00a0and Timan Family Choir)<\/em><\/p>\n<p>Le dernier projet d&rsquo;<strong>Anderson .Paak<\/strong>\u00a0&amp;\u00a0<strong>Knxwledge<\/strong>, <em><strong>Yes Lawd!<\/strong><\/em>, est \u00e0 \u00e9couter en streaming sur Hip-Hop 4 Life <a href=\"http:\/\/hiphop4life.fr\/news\/anderson-paak-knwxledge-yes-lawd-album-stream\/\">ici<\/a>.[\/vc_column_text][\/vc_column][\/vc_row]<\/p>\n<\/div>","protected":false},"excerpt":{"rendered":"<p><strong>Album :<\/strong>\u00a0Malibu<br \/>\n<strong>Artiste :<\/strong>\u00a0Anderson .Paak<br \/>\n<strong>Etat :<\/strong>\u00a0Neuf<br \/>\n<strong>Format :<\/strong>\u00a0Vinyle, 2 LP, Album<br \/>\n<strong>Label :<\/strong>\u00a0Steel Wool Entertainment<br \/>\n<strong>Edition :<\/strong> Originale &#8211; 180g Audiophile<br \/>\n<strong>Date de sortie :<\/strong>\u00a02016<br \/>\n<strong>Genre :<\/strong>\u00a0R&amp;B \/ Neo Soul \/ Hip-Hop \/ Funk<\/p>\n","protected":false},"featured_media":69027,"comment_status":"open","ping_status":"closed","template":"","meta":{"om_disable_all_campaigns":false,"_monsterinsights_skip_tracking":false,"_monsterinsights_sitenote_active":false,"_monsterinsights_sitenote_note":"","_monsterinsights_sitenote_category":0},"product_brand":[],"product_cat":[9206,6179],"product_tag":[7705,5345,5873,5325,5346,5348,7701,5347,5326],"class_list":{"0":"post-69026","1":"product","2":"type-product","3":"status-publish","4":"has-post-thumbnail","6":"product_cat-new-school","7":"product_cat-soul-rnb","8":"product_tag-180g","9":"product_tag-anderson-paak","10":"product_tag-funk","11":"product_tag-hip-hop","12":"product_tag-malibu","13":"product_tag-neo-soul","14":"product_tag-original","15":"product_tag-r-n-b","16":"product_tag-rap-us","17":"product_shipping_class-2-lp","19":"first","20":"outofstock","21":"taxable","22":"shipping-taxable","23":"purchasable","24":"product-type-simple"},"aioseo_notices":[],"_links":{"self":[{"href":"https:\/\/hiphop4life.fr\/shop\/wp-json\/wp\/v2\/product\/69026","targetHints":{"allow":["GET"]}}],"collection":[{"href":"https:\/\/hiphop4life.fr\/shop\/wp-json\/wp\/v2\/product"}],"about":[{"href":"https:\/\/hiphop4life.fr\/shop\/wp-json\/wp\/v2\/types\/product"}],"replies":[{"embeddable":true,"href":"https:\/\/hiphop4life.fr\/shop\/wp-json\/wp\/v2\/comments?post=69026"}],"wp:featuredmedia":[{"embeddable":true,"href":"https:\/\/hiphop4life.fr\/shop\/wp-json\/wp\/v2\/media\/69027"}],"wp:attachment":[{"href":"https:\/\/hiphop4life.fr\/shop\/wp-json\/wp\/v2\/media?parent=69026"}],"wp:term":[{"taxonomy":"product_brand","embeddable":true,"href":"https:\/\/hiphop4life.fr\/shop\/wp-json\/wp\/v2\/product_brand?post=69026"},{"taxonomy":"product_cat","embeddable":true,"href":"https:\/\/hiphop4life.fr\/shop\/wp-json\/wp\/v2\/product_cat?post=69026"},{"taxonomy":"product_tag","embeddable":true,"href":"https:\/\/hiphop4life.fr\/shop\/wp-json\/wp\/v2\/product_tag?post=69026"}],"curies":[{"name":"wp","href":"https:\/\/api.w.org\/{rel}","templated":true}]}}