{"id":69028,"date":"2016-01-12T04:07:14","date_gmt":"2016-01-12T03:07:14","guid":{"rendered":"http:\/\/hiphop4life.fr\/shop\/produit\/kanye-west-my-beautiful-dark-twisted-fantasy-vinyle\/"},"modified":"2023-12-04T09:54:35","modified_gmt":"2023-12-04T08:54:35","slug":"kanye-west-my-beautiful-dark-twisted-fantasy-vinyle","status":"publish","type":"product","link":"https:\/\/hiphop4life.fr\/shop\/produit\/kanye-west-my-beautiful-dark-twisted-fantasy-vinyle\/","title":{"rendered":"Kanye West &#8211; My Beautiful Dark Twisted Fantasy [Vinyle]"},"content":{"rendered":"<div class=\"wpb-content-wrapper\"><p>[vc_row][vc_column width=\u00a0\u00bb1\/1&Prime;][vc_column_text]C&rsquo;est souvent durant des\u00a0p\u00e9riodes sombres\u00a0que les artistes cr\u00e9ent leur plus grandes \u0153uvres.<br \/>\nD\u00e9pressif, isol\u00e9 du monde, exil\u00e9 \u00e0 Hawa\u00ef pour fuir les\u00a0pol\u00e9miques m\u00e9diatiques et tenter de se racheter apr\u00e8s le mitig\u00e9 &#8211; mais tr\u00e8s influent &#8211; <em>808s &amp; Heartbreak<\/em>, Kanye West d\u00e9crit cet album comme\u00a0son pardon et franchement, il est plus que pardonn\u00e9 !<br \/>\nSublime, baroque, grandiloquent, exp\u00e9rimental, complexe, visuel, puissant, ce chef d&rsquo;\u0153uvre\u00a0port\u00e9 par un mini-film grandiose\u00a0et pr\u00e9curseur restera comme le z\u00e9nith de l&rsquo;\u0153uvre complexe de Kanye West, un artiste en perp\u00e9tuelle \u00e9volution qui semble avoir atteint sa forme ultime.[\/vc_column_text][vc_single_image media=\u00a0\u00bb69319&Prime; media_width_percent=\u00a0\u00bb100&Prime;][vc_column_text]<iframe src=\"https:\/\/embed.spotify.com\/?uri=spotify%3Aalbum%3A6LBiuhK7PZKjVXyMfPxPoh\" width=\"300\" height=\"380\" frameborder=\"0\"><\/iframe><\/p>\n<p><strong>Tracklist<\/strong><\/p>\n<p><em>1. Dark Fantasy (Ft. Nicki Minaj)<\/em><br \/>\n<em>2. Gorgeous (Ft.\u00a0Kid Cudi\u00a0&amp;\u00a0Raekwon)<\/em><br \/>\n<em>3. POWER<\/em><br \/>\n<em>4. All of the Lights (Interlude)<\/em><br \/>\n<em>5. All of the Lights (Ft. Rihanna, John Legend, The-Dream, Elly Jackson, Alicia Keys, Fergie, Kid Cudi, Drake &amp; Elton John)<\/em><br \/>\n<em>6. Monster (Ft.\u00a0Jay-Z,\u00a0Rick Ross,\u00a0Nicki Minaj\u00a0&amp;\u00a0Bon Iver)<\/em><br \/>\n<em>7. So Appalled (Ft.\u00a0Swizz Beatz, Jay-Z,\u00a0Pusha T,\u00a0Cyhi the Prynce\u00a0&amp;\u00a0RZA)<\/em><br \/>\n<em>8. Devil in a New Dress (Ft. Rick Ross)<\/em><br \/>\n<em>9. Runaway (Ft. Pusha T)<\/em><br \/>\n<em>10. Hell of a Life<\/em><br \/>\n<em>11. Blame Game (Ft.\u00a0John Legend)<\/em><br \/>\n<em>12. Lost in the World (Ft. Bon Iver)<\/em><br \/>\n<em>13. Who Will Survive in America<\/em><\/p>\n<p>La chronique et le stream de <em><strong>The Life Of Pablo<\/strong><\/em>, le dernier album de <strong>Kanye West<\/strong>, sont \u00e0 d\u00e9couvrir sur Hip-Hop 4 Life <a href=\"http:\/\/hiphop4life.fr\/chroniques\/kanye-west-the-life-of-pablo-chronique\/\">ici<\/a>.[\/vc_column_text][\/vc_column][\/vc_row]<\/p>\n<\/div>","protected":false},"excerpt":{"rendered":"<p><strong>Album :<\/strong>\u00a0My Beautiful Dark Twisted Fantasy<br \/>\n<strong>Artiste :<\/strong>\u00a0Kanye West<br \/>\n<strong>Etat :<\/strong>\u00a0Neuf<br \/>\n<strong>Format :<\/strong>\u00a0Vinyle, 3 LP, Album<br \/>\n<strong>Label :<\/strong>\u00a0Roc-A-Fella Records<br \/>\n<strong>Edition :<\/strong> Originale &#8211; Inclus Plusieurs Covers &amp; Poster Collector<br \/>\n<strong>Date de sortie :<\/strong>\u00a02010<br \/>\n<strong>Genre :<\/strong>\u00a0Hip-Hop \/ Rap US \/ Pop<\/p>\n","protected":false},"featured_media":69029,"comment_status":"open","ping_status":"closed","template":"","meta":{"om_disable_all_campaigns":false,"_monsterinsights_skip_tracking":false,"_monsterinsights_sitenote_active":false,"_monsterinsights_sitenote_note":"","_monsterinsights_sitenote_category":0},"product_brand":[],"product_cat":[6177],"product_tag":[6127,7266,6125,5325,6119,6121,7701,5875,5347,5326,6123],"class_list":{"0":"post-69028","1":"product","2":"type-product","3":"status-publish","4":"has-post-thumbnail","6":"product_cat-midwest","7":"product_tag-chicago","8":"product_tag-collector","9":"product_tag-g-o-o-d-music","10":"product_tag-hip-hop","11":"product_tag-kanye-west","12":"product_tag-my-beautiful-dark-twisted-fantasy","13":"product_tag-original","14":"product_tag-pop","15":"product_tag-r-n-b","16":"product_tag-rap-us","17":"product_tag-roc-a-fella","18":"product_shipping_class-3-lp","20":"first","21":"outofstock","22":"taxable","23":"shipping-taxable","24":"purchasable","25":"product-type-simple"},"aioseo_notices":[],"_links":{"self":[{"href":"https:\/\/hiphop4life.fr\/shop\/wp-json\/wp\/v2\/product\/69028","targetHints":{"allow":["GET"]}}],"collection":[{"href":"https:\/\/hiphop4life.fr\/shop\/wp-json\/wp\/v2\/product"}],"about":[{"href":"https:\/\/hiphop4life.fr\/shop\/wp-json\/wp\/v2\/types\/product"}],"replies":[{"embeddable":true,"href":"https:\/\/hiphop4life.fr\/shop\/wp-json\/wp\/v2\/comments?post=69028"}],"wp:featuredmedia":[{"embeddable":true,"href":"https:\/\/hiphop4life.fr\/shop\/wp-json\/wp\/v2\/media\/69029"}],"wp:attachment":[{"href":"https:\/\/hiphop4life.fr\/shop\/wp-json\/wp\/v2\/media?parent=69028"}],"wp:term":[{"taxonomy":"product_brand","embeddable":true,"href":"https:\/\/hiphop4life.fr\/shop\/wp-json\/wp\/v2\/product_brand?post=69028"},{"taxonomy":"product_cat","embeddable":true,"href":"https:\/\/hiphop4life.fr\/shop\/wp-json\/wp\/v2\/product_cat?post=69028"},{"taxonomy":"product_tag","embeddable":true,"href":"https:\/\/hiphop4life.fr\/shop\/wp-json\/wp\/v2\/product_tag?post=69028"}],"curies":[{"name":"wp","href":"https:\/\/api.w.org\/{rel}","templated":true}]}}