{"id":69030,"date":"2016-01-12T04:16:38","date_gmt":"2016-01-12T03:16:38","guid":{"rendered":"http:\/\/hiphop4life.fr\/shop\/produit\/drake-views-vinyle\/"},"modified":"2025-02-28T11:26:04","modified_gmt":"2025-02-28T10:26:04","slug":"drake-views-vinyle","status":"publish","type":"product","link":"https:\/\/hiphop4life.fr\/shop\/produit\/drake-views-vinyle\/","title":{"rendered":"Drake &#8211; Views [Vinyle Blanc]"},"content":{"rendered":"<div class=\"wpb-content-wrapper\"><p>[vc_row][vc_column width=\u00a0\u00bb1\/1&Prime;][vc_column_text]<strong>Extrait de la chronique Hip-Hop 4 Life :<\/strong><\/p>\n<p>[&#8230;] <em>La symbiose musicale entre <strong>Drake<\/strong> et <strong>40<\/strong> n\u2019a jamais \u00e9t\u00e9 aussi forte, comme <strong>Kendrick<\/strong>, <strong>Sounwave<\/strong> et sa team, ils ont invent\u00e9 un son\u00a0: tamis\u00e9, contemplatif, fin, d\u00e9licat, minimaliste mais musical, nostalgique mais jamais d\u00e9pressif, parfois dansant mais jamais vulgaire, on a envie de planer, r\u00eaver, penser, tiser, danser, faire l\u2019amour, il fait chaud puis froid, nuit puis jour, c\u2019est vari\u00e9 mais coh\u00e9rent, les quelques samples sont vraiment cool, \u00e0 l\u2019image du color\u00e9 <strong>Weston Road Flow<\/strong>, rien n\u2019est \u00e0 jeter musicalement.<\/em>\u00a0[&#8230;]<\/p>\n<p>La chronique compl\u00e8te de <em><strong>Views<\/strong><\/em> \u00e0 lire <a href=\"http:\/\/hiphop4life.fr\/chroniques\/drake-views-chronique\/\">ici<\/a>.[\/vc_column_text][vc_single_image media=\u00a0\u00bb69321&Prime; media_width_percent=\u00a0\u00bb100&Prime;][vc_column_text]<\/p>\n<p><iframe src=\"https:\/\/embed.spotify.com\/?uri=spotify%3Aalbum%3A3hARKC8cinq3mZLLAEaBh9\" width=\"300\" height=\"380\" frameborder=\"0\"><\/iframe><\/p>\n<p><strong>Tracklist<\/strong><\/p>\n<p><em>1. Keep the Family Close <\/em><br \/>\n<em>2. 9<\/em><br \/>\n<em>3. U with Me?<\/em><br \/>\n<em>4. Feel No Ways<\/em><br \/>\n<em>5. Hype<\/em><br \/>\n<em>6. Weston Road Flows<\/em><br \/>\n<em>7. Redemption<\/em><br \/>\n<em>8. With You (Ft.\u00a0PartyNextDoor)<\/em><br \/>\n<em>9. Faithful (Ft.\u00a0Pimp C\u00a0&amp;\u00a0Dvsn)<\/em><br \/>\n<em>10. Still Here<\/em><br \/>\n<em>11. Controlla<\/em><br \/>\n<em>12. One Dance (Ft.\u00a0Wizkid\u00a0&amp;\u00a0Kyla)<\/em><br \/>\n<em>13. Grammys (Ft.\u00a0Future)<\/em><br \/>\n<em>14. Childs Play<\/em><br \/>\n<em>15. Pop Style<\/em><br \/>\n<em>16. Too Good (Ft.\u00a0Rihanna)<\/em><br \/>\n<em>17. Summers Over Interlude <\/em><br \/>\n<em>18. Fire &amp; Desire<\/em><br \/>\n<em>19. Views<\/em><br \/>\n<em>20. Hotline Bling (Bonus)<\/em>[\/vc_column_text][\/vc_column][\/vc_row]<\/p>\n<\/div>","protected":false},"excerpt":{"rendered":"<p><strong>Album :<\/strong>\u00a0Views<br \/>\n<strong>Artiste :<\/strong>\u00a0Drake<br \/>\n<strong>Etat :<\/strong>\u00a0Neuf<br \/>\n<strong>Format :<\/strong>\u00a0Vinyle, 2 LP, Album<br \/>\n<strong>Label :<\/strong>\u00a0Young Money \/ Cash Money Records<br \/>\n<strong>Edition :<\/strong> Bootleg &#8211; Vinyle Blanc<br \/>\n<strong>Date de sortie :<\/strong>\u00a02016<br \/>\n<strong>Genre :<\/strong>\u00a0Hip-Hop \/ Rap US \/\u00a0R&amp;B \/ Pop<\/p>\n","protected":false},"featured_media":69031,"comment_status":"open","ping_status":"closed","template":"","meta":{"om_disable_all_campaigns":false,"_monsterinsights_skip_tracking":false,"_monsterinsights_sitenote_active":false,"_monsterinsights_sitenote_note":"","_monsterinsights_sitenote_category":0},"product_brand":[],"product_cat":[9206,6179],"product_tag":[10538,7709,6115,5325,5855,6129,5875,5347,5326,6117,5373],"class_list":{"0":"post-69030","1":"product","2":"type-product","3":"status-publish","4":"has-post-thumbnail","6":"product_cat-new-school","7":"product_cat-soul-rnb","8":"product_tag-bootleg","9":"product_tag-cash-money-records","10":"product_tag-drake","11":"product_tag-hip-hop","12":"product_tag-new-school","13":"product_tag-ovo-sound","14":"product_tag-pop","15":"product_tag-r-n-b","16":"product_tag-rap-us","17":"product_tag-views","18":"product_tag-young-money","19":"product_shipping_class-2-lp","21":"first","22":"outofstock","23":"taxable","24":"shipping-taxable","25":"purchasable","26":"product-type-simple"},"aioseo_notices":[],"_links":{"self":[{"href":"https:\/\/hiphop4life.fr\/shop\/wp-json\/wp\/v2\/product\/69030","targetHints":{"allow":["GET"]}}],"collection":[{"href":"https:\/\/hiphop4life.fr\/shop\/wp-json\/wp\/v2\/product"}],"about":[{"href":"https:\/\/hiphop4life.fr\/shop\/wp-json\/wp\/v2\/types\/product"}],"replies":[{"embeddable":true,"href":"https:\/\/hiphop4life.fr\/shop\/wp-json\/wp\/v2\/comments?post=69030"}],"wp:featuredmedia":[{"embeddable":true,"href":"https:\/\/hiphop4life.fr\/shop\/wp-json\/wp\/v2\/media\/69031"}],"wp:attachment":[{"href":"https:\/\/hiphop4life.fr\/shop\/wp-json\/wp\/v2\/media?parent=69030"}],"wp:term":[{"taxonomy":"product_brand","embeddable":true,"href":"https:\/\/hiphop4life.fr\/shop\/wp-json\/wp\/v2\/product_brand?post=69030"},{"taxonomy":"product_cat","embeddable":true,"href":"https:\/\/hiphop4life.fr\/shop\/wp-json\/wp\/v2\/product_cat?post=69030"},{"taxonomy":"product_tag","embeddable":true,"href":"https:\/\/hiphop4life.fr\/shop\/wp-json\/wp\/v2\/product_tag?post=69030"}],"curies":[{"name":"wp","href":"https:\/\/api.w.org\/{rel}","templated":true}]}}