{"id":69034,"date":"2019-06-19T23:36:54","date_gmt":"2019-06-19T21:36:54","guid":{"rendered":"http:\/\/hiphop4life.fr\/shop\/produit\/wu-tang-clan-enter-the-wu-tang-clan-36-chambers-vinyle\/"},"modified":"2024-02-16T17:22:21","modified_gmt":"2024-02-16T16:22:21","slug":"wu-tang-clan-enter-the-wu-tang-clan-36-chambers-vinyle","status":"publish","type":"product","link":"https:\/\/hiphop4life.fr\/shop\/produit\/wu-tang-clan-enter-the-wu-tang-clan-36-chambers-vinyle\/","title":{"rendered":"Wu-Tang Clan &#8211; Enter The Wu-Tang Clan (36 Chambers) [Vinyle]"},"content":{"rendered":"<div class=\"wpb-content-wrapper\"><p>[vc_row][vc_column width=\u00a0\u00bb1\/1&Prime;][vc_column_text]\u00c9picentre du s\u00e9isme Wu-Tang Clan qui a secou\u00e9\u00a0le rap pendant des ann\u00e9es,\u00a0<em>Enter The Wu-Tang Clan (36 Chambers)<\/em> est un enfer musical et lyrical.<br \/>\nLe cerveau RZA\u00a0s&rsquo;est inspir\u00e9 de vieux films de Kung-Fu pour inventer un\u00a0rap new-yorkais plus rugueux, minimaliste et poisseux, une terre hostile parcourue par des samoura\u00efs de la rime aussi charismatiques les uns que les autres :\u00a0de Method Man \u00e0 Raekwon en passant par Ghostface Killah, Inspectah Deck ou GZA,\u00a0les\u00a0lyrics abrasives et les flows aiguis\u00e9s d\u00e9coupent comme une guillotine, prot\u00e8ge ta nuque ![\/vc_column_text][vc_single_image media=\u00a0\u00bb69328&Prime; media_width_percent=\u00a0\u00bb100&Prime;][vc_column_text]<iframe src=\"https:\/\/embed.spotify.com\/?uri=spotify%3Aalbum%3A3tQd5mwBtVyxCoEo4htGAV\" width=\"300\" height=\"380\" frameborder=\"0\"><span data-mce-type=\"bookmark\" style=\"display: inline-block; width: 0px; overflow: hidden; line-height: 0;\" class=\"mce_SELRES_start\">\ufeff<\/span><\/iframe><\/p>\n<p><strong>Tracklist<\/strong><\/p>\n<p><em>1. Bring da Ruckus<\/em><br \/>\n<em>2. Shame on a Nigga<\/em><br \/>\n<em>3. Clan in da Front<\/em><br \/>\n<em>4. Wu-Tang: 7th Chamber<\/em><br \/>\n<em>5. Can It Be All So Simple<\/em><br \/>\n<em>6. Da Mystery of Chessboxin&rsquo;<\/em><br \/>\n<em>7. Wu-Tang Clan Ain&rsquo;t Nuthing ta Fuck Wit<\/em><br \/>\n<em>8. C.R.E.A.M.<\/em><br \/>\n<em>9. Method Man<\/em><br \/>\n<em>10. Protect Ya Neck<\/em><br \/>\n<em>11. Tearz<\/em><br \/>\n<em>12. Wu-Tang: 7th Chamber\u2014Part II<\/em><br \/>\n<em>13. Method Man (Skunk Mix)<\/em><\/p>\n<p>Le dernier album du <strong>Wu-Tang Clan<\/strong>, <em><strong>A Better Tomorrow<\/strong><\/em>, est \u00e0 \u00e9couter sur Hip-Hop 4 Life <a href=\"http:\/\/hiphop4life.fr\/news\/wu-tang-clan-a-better-tomorrow-album-stream\/\">ici<\/a>.<\/p>\n<p>Tous les classiques du <strong>Wu<\/strong> sont \u00e9galement \u00e0 kiffer dans la playlist <a href=\"http:\/\/hiphop4life.fr\/chroniques\/playlists\/\">36 Chambers<\/a>.[\/vc_column_text][\/vc_column][\/vc_row]<\/p>\n<\/div>","protected":false},"excerpt":{"rendered":"<p><strong>Album :<\/strong>\u00a0Enter The Wu-Tang Clan (36 Chambers)<br \/>\n<strong>Artiste :<\/strong>\u00a0Wu-Tang Clan &#8211; RZA \/ GZA \/ Raekwon \/ Ghostface Killah \/ Method Man \/ Ol&rsquo; Dirty Bastard \/ Inspectah Deck \/\u00a0U-God \/ Masta Killa \/ Cappadonna<br \/>\n<strong>Etat :<\/strong>\u00a0Neuf<br \/>\n<strong>Format :<\/strong>\u00a0Vinyle, LP, Album<br \/>\n<strong>Label :<\/strong>\u00a0Loud<br \/>\n<strong>Edition :\u00a0<\/strong>R\u00e9\u00e9dition 2018<br \/>\n<strong>Date de sortie :<\/strong>\u00a01993<br \/>\n<strong>Genre :<\/strong>\u00a0Hip-Hop \/ Rap US \/\u00a0East Coast \/ Hardcore<\/p>\n","protected":false},"featured_media":69035,"comment_status":"open","ping_status":"closed","template":"","meta":{"om_disable_all_campaigns":false,"_monsterinsights_skip_tracking":false,"_monsterinsights_sitenote_active":false,"_monsterinsights_sitenote_note":"","_monsterinsights_sitenote_category":0},"product_brand":[],"product_cat":[6174,6171],"product_tag":[5337,9091,5364,5339,5871,5325,5326,7693,5868],"class_list":{"0":"post-69034","1":"product","2":"type-product","3":"status-publish","4":"has-post-thumbnail","6":"product_cat-east-coast","7":"product_cat-golden-age","8":"product_tag-east-coast","9":"product_tag-edition-limitee","10":"product_tag-enter-the-wu-tang-clan-36-chambers","11":"product_tag-golden-age","12":"product_tag-hardcore","13":"product_tag-hip-hop","14":"product_tag-rap-us","15":"product_tag-reedition","16":"product_tag-wu-tang-clan","17":"product_shipping_class-lp","19":"first","20":"instock","21":"taxable","22":"shipping-taxable","23":"purchasable","24":"product-type-simple"},"aioseo_notices":[],"_links":{"self":[{"href":"https:\/\/hiphop4life.fr\/shop\/wp-json\/wp\/v2\/product\/69034","targetHints":{"allow":["GET"]}}],"collection":[{"href":"https:\/\/hiphop4life.fr\/shop\/wp-json\/wp\/v2\/product"}],"about":[{"href":"https:\/\/hiphop4life.fr\/shop\/wp-json\/wp\/v2\/types\/product"}],"replies":[{"embeddable":true,"href":"https:\/\/hiphop4life.fr\/shop\/wp-json\/wp\/v2\/comments?post=69034"}],"wp:featuredmedia":[{"embeddable":true,"href":"https:\/\/hiphop4life.fr\/shop\/wp-json\/wp\/v2\/media\/69035"}],"wp:attachment":[{"href":"https:\/\/hiphop4life.fr\/shop\/wp-json\/wp\/v2\/media?parent=69034"}],"wp:term":[{"taxonomy":"product_brand","embeddable":true,"href":"https:\/\/hiphop4life.fr\/shop\/wp-json\/wp\/v2\/product_brand?post=69034"},{"taxonomy":"product_cat","embeddable":true,"href":"https:\/\/hiphop4life.fr\/shop\/wp-json\/wp\/v2\/product_cat?post=69034"},{"taxonomy":"product_tag","embeddable":true,"href":"https:\/\/hiphop4life.fr\/shop\/wp-json\/wp\/v2\/product_tag?post=69034"}],"curies":[{"name":"wp","href":"https:\/\/api.w.org\/{rel}","templated":true}]}}