{"id":69036,"date":"2016-03-18T04:45:27","date_gmt":"2016-03-18T03:45:27","guid":{"rendered":"http:\/\/hiphop4life.fr\/shop\/produit\/ll-cool-j-mr-smith-vinyle\/"},"modified":"2022-01-17T16:17:16","modified_gmt":"2022-01-17T15:17:16","slug":"ll-cool-j-mr-smith-vinyle","status":"publish","type":"product","link":"https:\/\/hiphop4life.fr\/shop\/produit\/ll-cool-j-mr-smith-vinyle\/","title":{"rendered":"LL Cool J &#8211; Mr. Smith [Vinyle]"},"content":{"rendered":"<div class=\"wpb-content-wrapper\"><p>[vc_row][vc_column width=\u00a0\u00bb1\/1&Prime;][vc_column_text]Avec le classique<em> Mr. Smith<\/em>, LL Cool J\u00a0signa son grand retour apr\u00e8s le d\u00e9cevant <em>14 Shots to the Dome<\/em>.<br \/>\nLL revint \u00e0 ce qu&rsquo;il sait faire de mieux : mixer le rap hardcore et les morceaux romantiques, bien aid\u00e9 par les inspirations des Trackmasters, responsables quelques mois plus tard de la production du deuxi\u00e8me classique de Nas.<br \/>\nPort\u00e9 par les tubes <em>Hey Lover<\/em>, <em>Doin&rsquo; It<\/em>, <em>Loungin&rsquo;<\/em> et l&rsquo;\u00e9norme classique <em>I Shot Ya <\/em>et<em>\u00a0<\/em>son remix\u00a0mythique &#8211; R.I.P. Prodigy -,\u00a0ce 6\u00e8me album prouva \u00e0 tout le monde qu&rsquo;LL Cool J \u00e9tait loin d&rsquo;\u00eatre fini et cimenta son statut de l\u00e9gende du rap.[\/vc_column_text][vc_single_image media=\u00a0\u00bb69329&Prime; media_width_percent=\u00a0\u00bb100&Prime;][vc_column_text]<iframe src=\"https:\/\/embed.spotify.com\/?uri=spotify%3Aalbum%3A6b7NVGKHlwKyQzFKoVTaMA\" width=\"300\" height=\"380\" frameborder=\"0\"><span data-mce-type=\"bookmark\" style=\"display: inline-block; width: 0px; overflow: hidden; line-height: 0;\" class=\"mce_SELRES_start\">\ufeff<\/span><\/iframe><\/p>\n<p><strong>Tracklist<\/strong><\/p>\n<p><em>1. The Intro (skit)<\/em><br \/>\n<em>2. Make It Hot<\/em><br \/>\n<em>3. Hip Hop<\/em><br \/>\n<em>4. Hey Lover<\/em><br \/>\n<em>5. Doin It<\/em><br \/>\n<em>6. Life As&#8230;<\/em><br \/>\n<em>7. I Shot Ya (Ft. Keith Murray)<\/em><br \/>\n<em>8. Mr. Smith<\/em><br \/>\n<em>9. No Airplay<\/em><br \/>\n<em>10. Loungin (Ft. Terri &amp; Monica)<\/em><br \/>\n<em>11. Hollis to Hollywood<\/em><br \/>\n<em>12. God Bless<\/em><br \/>\n<em>13. Get da Drop on &lsquo;Em&rsquo;<\/em><br \/>\n<em>14. Prelude (skit)<\/em><br \/>\n<em>15. I Shot Ya (Remix) (Ft. Keith Murray, Prodigy, Fat Joe &amp; Foxy Brown)<\/em><\/p>\n<p>Les classiques du <strong>Golden Age<\/strong> \u00e0 \u00e9couter dans la playlist Hip-Hop 4 Life, Golden Age, <a href=\"http:\/\/hiphop4life.fr\/chroniques\/playlists\/\">ici<\/a>.<em><br \/>\n<\/em>[\/vc_column_text][\/vc_column][\/vc_row]<\/p>\n<\/div>","protected":false},"excerpt":{"rendered":"<p><strong>Album :<\/strong>\u00a0Mr. Smith<br \/>\n<strong>Artiste :<\/strong>\u00a0LL Cool J<br \/>\n<strong>Etat :<\/strong>\u00a0Neuf<br \/>\n<strong>Format :<\/strong>\u00a0Vinyle, LP, Album<br \/>\n<strong>Label :<\/strong>\u00a0Def Jam Recordings<br \/>\n<strong>Edition :\u00a0<\/strong>R\u00e9\u00e9dition 2015 \u00ab\u00a0Respect The Classics\u00a0\u00bb<br \/>\n<strong>Date de sortie :<\/strong>\u00a01995<br \/>\n<strong>Genre :<\/strong>\u00a0Hip-Hop \/ Rap US \/\u00a0East Coast<\/p>\n","protected":false},"featured_media":69037,"comment_status":"open","ping_status":"closed","template":"","meta":{"om_disable_all_campaigns":false,"_monsterinsights_skip_tracking":false,"_monsterinsights_sitenote_active":false,"_monsterinsights_sitenote_note":"","_monsterinsights_sitenote_category":0},"product_brand":[],"product_cat":[6174,6171],"product_tag":[5337,5339,5325,5368,5369,5326,7693,5367],"class_list":{"0":"post-69036","1":"product","2":"type-product","3":"status-publish","4":"has-post-thumbnail","6":"product_cat-east-coast","7":"product_cat-golden-age","8":"product_tag-east-coast","9":"product_tag-golden-age","10":"product_tag-hip-hop","11":"product_tag-ll-cool-j","12":"product_tag-mr-smith","13":"product_tag-rap-us","14":"product_tag-reedition","15":"product_tag-umc","16":"product_shipping_class-lp","18":"first","19":"outofstock","20":"taxable","21":"shipping-taxable","22":"purchasable","23":"product-type-simple"},"aioseo_notices":[],"_links":{"self":[{"href":"https:\/\/hiphop4life.fr\/shop\/wp-json\/wp\/v2\/product\/69036","targetHints":{"allow":["GET"]}}],"collection":[{"href":"https:\/\/hiphop4life.fr\/shop\/wp-json\/wp\/v2\/product"}],"about":[{"href":"https:\/\/hiphop4life.fr\/shop\/wp-json\/wp\/v2\/types\/product"}],"replies":[{"embeddable":true,"href":"https:\/\/hiphop4life.fr\/shop\/wp-json\/wp\/v2\/comments?post=69036"}],"wp:featuredmedia":[{"embeddable":true,"href":"https:\/\/hiphop4life.fr\/shop\/wp-json\/wp\/v2\/media\/69037"}],"wp:attachment":[{"href":"https:\/\/hiphop4life.fr\/shop\/wp-json\/wp\/v2\/media?parent=69036"}],"wp:term":[{"taxonomy":"product_brand","embeddable":true,"href":"https:\/\/hiphop4life.fr\/shop\/wp-json\/wp\/v2\/product_brand?post=69036"},{"taxonomy":"product_cat","embeddable":true,"href":"https:\/\/hiphop4life.fr\/shop\/wp-json\/wp\/v2\/product_cat?post=69036"},{"taxonomy":"product_tag","embeddable":true,"href":"https:\/\/hiphop4life.fr\/shop\/wp-json\/wp\/v2\/product_tag?post=69036"}],"curies":[{"name":"wp","href":"https:\/\/api.w.org\/{rel}","templated":true}]}}