{"id":69038,"date":"2016-03-18T04:54:34","date_gmt":"2016-03-18T03:54:34","guid":{"rendered":"http:\/\/hiphop4life.fr\/shop\/produit\/lil-wayne-tha-carter-ii-vinyle\/"},"modified":"2022-01-17T16:17:16","modified_gmt":"2022-01-17T15:17:16","slug":"lil-wayne-tha-carter-ii-vinyle","status":"publish","type":"product","link":"https:\/\/hiphop4life.fr\/shop\/produit\/lil-wayne-tha-carter-ii-vinyle\/","title":{"rendered":"Lil Wayne &#8211; Tha Carter II [Vinyle 3D Cover]"},"content":{"rendered":"<div class=\"wpb-content-wrapper\"><p>[vc_row][vc_column width=\u00a0\u00bb1\/1&Prime;][vc_column_text]Si <a href=\"http:\/\/hiphop4life.fr\/shop\/produit\/lil-wayne-tha-carter-iii-vinyle\/\"><em>Tha Carter III<\/em><\/a> est l&rsquo;album le plus important de la carri\u00e8re de Lil&rsquo; Wayne, celui qui l&rsquo;a fait passer de \u00ab\u00a0hot rappeur\u00a0\u00bb \u00e0 superstar de la musique, son meilleur projet\u00a0est sans aucun doute <em>Tha Carter II<\/em>.<br \/>\nUne voix\u00a0singuli\u00e8re et charismatique, un flow sous cod\u00e9ine, des m\u00e9taphores tr\u00e8s cr\u00e9atives,\u00a0pas encore\u00a0noy\u00e9 dans l&rsquo;autotune, loin des pr\u00e9occupations mainstream,\u00a0Lil&rsquo; Wayne \u00e9tait \u00e0 l&rsquo;\u00e9poque un putain de rappeur, pour certains le \u00ab\u00a0best rapper alive\u00a0\u00bb, sur ces productions reprenant les meilleurs \u00e9l\u00e9ments du rap des ann\u00e9es 2000 et de la trap sudiste, Weezy semblait tout simplement inarr\u00eatable.[\/vc_column_text][vc_single_image media=\u00a0\u00bb69331&Prime; media_width_percent=\u00a0\u00bb100&Prime;][vc_column_text]<\/p>\n<p><iframe src=\"https:\/\/embed.spotify.com\/?uri=spotify%3Aalbum%3A2RkTrXKXhgrkQhMWJpkfLC\" width=\"300\" height=\"380\" frameborder=\"0\"><\/iframe><\/p>\n<p><strong>Tracklist<\/strong><\/p>\n<p><em>1. Tha Mobb<\/em><br \/>\n<em>2. Fly In<\/em><br \/>\n<em>3. Money on My Mind<\/em><br \/>\n<em>4. Fireman<\/em><br \/>\n<em>5. Mo Fire<\/em><br \/>\n<em>6. On tha Block #1<\/em><br \/>\n<em>7. Best Rapper Alive<\/em><br \/>\n<em>8. Lock and Load (Ft.\u00a0Kurupt)<\/em><br \/>\n<em>9. Oh No<\/em><br \/>\n<em>10. Grown Man (Ft. Curren$y)<\/em><br \/>\n<em>11. On tha Block #2<\/em><br \/>\n<em>12. Hit Em Up<\/em><br \/>\n<em>13. Carter II<\/em><br \/>\n<em>14. Hustler Musik<\/em><br \/>\n<em>15. Receipt<\/em><br \/>\n<em>16. Shooter (Ft.\u00a0Robin Thicke)<\/em><br \/>\n<em>17. Weezy Baby (Ft. Nikki)<\/em><br \/>\n<em>18. On tha Block #3<\/em><br \/>\n<em>19. I&rsquo;m a D-Boy (Ft. Birdman)<\/em><br \/>\n<em>20. Feel Me<\/em><br \/>\n<em>21. Get Over (Ft. Nikki)<\/em><br \/>\n<em>22. Fly Out<\/em><\/p>\n<p>Les meilleurs morceaux de <strong>Lil&rsquo; Wayne<\/strong> \u00e0 retrouver dans la playlist Hip-Hop 4 Life : <a href=\"http:\/\/hiphop4life.fr\/chroniques\/playlists\/\">Southern Hospitality<\/a>.[\/vc_column_text][\/vc_column][\/vc_row]<\/p>\n<\/div>","protected":false},"excerpt":{"rendered":"<p><strong>Album :\u00a0<\/strong>Tha Carter II<br \/>\n<strong>Artiste :<\/strong>\u00a0Lil Wayne<br \/>\n<strong>Etat :<\/strong>\u00a0Neuf<br \/>\n<strong>Format :<\/strong>\u00a0Vinyle, 2 LP, Album<br \/>\n<strong>Label :<\/strong>\u00a0Cash Money Records<br \/>\n<strong>Edition : <\/strong>R\u00e9\u00e9dition Record Store Day 2016 (Cover Lenticulaire 3D \u00e9dition limit\u00e9e)<br \/>\n<strong>Date de sortie :<\/strong>\u00a02005<br \/>\n<strong>Genre :<\/strong>\u00a0Hip-Hop \/ Rap US \/\u00a0Dirty South \/ Gangsta Rap<\/p>\n","protected":false},"featured_media":69039,"comment_status":"open","ping_status":"closed","template":"","meta":{"om_disable_all_campaigns":false,"_monsterinsights_skip_tracking":false,"_monsterinsights_sitenote_active":false,"_monsterinsights_sitenote_note":"","_monsterinsights_sitenote_category":0},"product_brand":[],"product_cat":[6172,6176],"product_tag":[5374,7709,7266,5372,9091,6110,5325,5370,5326,7693,5371,5373],"class_list":{"0":"post-69038","1":"product","2":"type-product","3":"status-publish","4":"has-post-thumbnail","6":"product_cat-2000s","7":"product_cat-dirty-south","8":"product_tag-2000s","9":"product_tag-cash-money-records","10":"product_tag-collector","11":"product_tag-dirty-south","12":"product_tag-edition-limitee","13":"product_tag-gangsta-rap","14":"product_tag-hip-hop","15":"product_tag-lil-wayne","16":"product_tag-rap-us","17":"product_tag-reedition","18":"product_tag-tha-carter-ii","19":"product_tag-young-money","20":"product_shipping_class-2-lp","22":"first","23":"outofstock","24":"sold-individually","25":"taxable","26":"shipping-taxable","27":"purchasable","28":"product-type-simple"},"aioseo_notices":[],"_links":{"self":[{"href":"https:\/\/hiphop4life.fr\/shop\/wp-json\/wp\/v2\/product\/69038","targetHints":{"allow":["GET"]}}],"collection":[{"href":"https:\/\/hiphop4life.fr\/shop\/wp-json\/wp\/v2\/product"}],"about":[{"href":"https:\/\/hiphop4life.fr\/shop\/wp-json\/wp\/v2\/types\/product"}],"replies":[{"embeddable":true,"href":"https:\/\/hiphop4life.fr\/shop\/wp-json\/wp\/v2\/comments?post=69038"}],"wp:featuredmedia":[{"embeddable":true,"href":"https:\/\/hiphop4life.fr\/shop\/wp-json\/wp\/v2\/media\/69039"}],"wp:attachment":[{"href":"https:\/\/hiphop4life.fr\/shop\/wp-json\/wp\/v2\/media?parent=69038"}],"wp:term":[{"taxonomy":"product_brand","embeddable":true,"href":"https:\/\/hiphop4life.fr\/shop\/wp-json\/wp\/v2\/product_brand?post=69038"},{"taxonomy":"product_cat","embeddable":true,"href":"https:\/\/hiphop4life.fr\/shop\/wp-json\/wp\/v2\/product_cat?post=69038"},{"taxonomy":"product_tag","embeddable":true,"href":"https:\/\/hiphop4life.fr\/shop\/wp-json\/wp\/v2\/product_tag?post=69038"}],"curies":[{"name":"wp","href":"https:\/\/api.w.org\/{rel}","templated":true}]}}