{"id":69042,"date":"2016-03-18T05:10:29","date_gmt":"2016-03-18T04:10:29","guid":{"rendered":"http:\/\/hiphop4life.fr\/shop\/produit\/mobs-deep-hell-on-earth-vinyle\/"},"modified":"2022-01-17T16:17:15","modified_gmt":"2022-01-17T15:17:15","slug":"mobb-deep-hell-on-earth-vinyle","status":"publish","type":"product","link":"https:\/\/hiphop4life.fr\/shop\/produit\/mobb-deep-hell-on-earth-vinyle\/","title":{"rendered":"Mobb Deep &#8211; Hell On Earth [Vinyle]"},"content":{"rendered":"<div class=\"wpb-content-wrapper\"><p>[vc_row][vc_column width=\u00a0\u00bb1\/1&Prime;][vc_column_text]<em>Hell On Earth<\/em> reprend l\u00e0 o\u00f9 <a href=\"http:\/\/hiphop4life.fr\/shop\/produit\/mobb-deep-the-infamous-vinyle\/\"><em>The Infamous<\/em><\/a> s&rsquo;est termin\u00e9, Prodigy et Havoc ont recharg\u00e9 le barillet et reviennent d\u00e9crire l&rsquo;enfer sur Terre.<br \/>\nBeaucoup \u00e9voquent ce duo fondateur du rap new-yorkais avec <em>The Infamous<\/em> et les mythiques <em>Shook Ones Pt. II<\/em> et <em>Survival Of The Fittest<\/em> et oublient la\u00a02\u00e8me\u00a0salve, aussi pr\u00e9cise et puissante que la 1\u00e8re.<br \/>\nSous-estim\u00e9 comme les beats d&rsquo;Havoc, \u00e9corch\u00e9 vif comme la voix de Prodigy, m\u00e9connu comme Big Noyd, classique comme\u00a0son a\u00een\u00e9, <em>Hell On Earth<\/em> est un secret d&rsquo;initi\u00e9\u00a0dans le panth\u00e9on du rap\u00a0East Coast.[\/vc_column_text][vc_single_image media=\u00a0\u00bb69334&Prime; media_width_percent=\u00a0\u00bb100&Prime;][vc_column_text]<iframe src=\"https:\/\/embed.spotify.com\/?uri=spotify%3Aalbum%3A6BWf3fxsgSDhES4Cm4oyy5\" width=\"300\" height=\"380\" frameborder=\"0\"><\/iframe><\/p>\n<p><strong>Tracklist<\/strong><\/p>\n<p><em>1. Animal Instinct (Ft. Twin Gambino &amp; Ty Nitty)<\/em><br \/>\n<em>2. Drop a Gem on &lsquo;Em<\/em><br \/>\n<em>3. Bloodsport<\/em><br \/>\n<em>4. Extortion (Ft. Method Man)<\/em><br \/>\n<em>5. More Trife Life<\/em><br \/>\n<em>6. Man Down (Ft. Big Noyd)<\/em><br \/>\n<em>7. Can&rsquo;t Get Enough of It (Ft. Illa Ghee)<\/em><br \/>\n<em>8. Nighttime Vultures (Ft. Raekwon)<\/em><br \/>\n<em>9. G.O.D. Pt. III<\/em><br \/>\n<em>10. Get Dealt With<\/em><br \/>\n<em>11. Hell on Earth (Front Lines)<\/em><br \/>\n<em>12. Give It Up Fast (Ft. Big Noyd &amp; Nas)<\/em><br \/>\n<em>13. Still Shinin&rsquo;<\/em><br \/>\n<em>14. Apostle&rsquo;s Warning<\/em><\/p>\n<p>Tous les classiques de <strong>Mobb Deep<\/strong> \u00e0 retrouver dans la playlist <a href=\"http:\/\/hiphop4life.fr\/chroniques\/playlists\/\">The Infamous<\/a>.<\/p>\n<p>La chronique du 2\u00e8me album de <strong>Mobb Deep<\/strong>, le mythique <strong>The Infamous<\/strong>, est \u00e0 lire sur Hip-Hop 4 Life <a href=\"http:\/\/hiphop4life.fr\/chroniques\/the-infamous\/\">ici<\/a>.<em><br \/>\n<\/em>[\/vc_column_text][\/vc_column][\/vc_row]<\/p>\n<\/div>","protected":false},"excerpt":{"rendered":"<p><strong>Album :<\/strong>\u00a0Hell On Earth<br \/>\n<strong>Artiste :<\/strong>\u00a0Mobb Deep (Prodigy &amp; Havoc)<br \/>\n<strong>Etat :<\/strong>\u00a0Neuf<br \/>\n<strong>Format :<\/strong>\u00a0Vinyle, 2 LP, Album<br \/>\n<strong>Label :<\/strong>\u00a0Get On Down<br \/>\n<strong>Edition :<\/strong> R\u00e9\u00e9dition Officielle 2014<br \/>\n<strong>Date de sortie :<\/strong>\u00a01996<br \/>\n<strong>Genre :<\/strong>\u00a0Hip-Hop\u00a0\/ Rap US \/ Gangsta Rap \/ East Coast \/ Hardcore<\/p>\n","protected":false},"featured_media":69043,"comment_status":"open","ping_status":"closed","template":"","meta":{"om_disable_all_campaigns":false,"_monsterinsights_skip_tracking":false,"_monsterinsights_sitenote_active":false,"_monsterinsights_sitenote_note":"","_monsterinsights_sitenote_category":0},"product_brand":[],"product_cat":[6174,6171],"product_tag":[5337,6110,5339,5871,5967,5382,5325,5381,5976,5326,7693],"class_list":{"0":"post-69042","1":"product","2":"type-product","3":"status-publish","4":"has-post-thumbnail","6":"product_cat-east-coast","7":"product_cat-golden-age","8":"product_tag-east-coast","9":"product_tag-gangsta-rap","10":"product_tag-golden-age","11":"product_tag-hardcore","12":"product_tag-havoc","13":"product_tag-hell-on-earth","14":"product_tag-hip-hop","15":"product_tag-mobb-deep","16":"product_tag-prodigy","17":"product_tag-rap-us","18":"product_tag-reedition","19":"product_shipping_class-2-lp","21":"first","22":"outofstock","23":"taxable","24":"shipping-taxable","25":"purchasable","26":"product-type-simple"},"aioseo_notices":[],"_links":{"self":[{"href":"https:\/\/hiphop4life.fr\/shop\/wp-json\/wp\/v2\/product\/69042","targetHints":{"allow":["GET"]}}],"collection":[{"href":"https:\/\/hiphop4life.fr\/shop\/wp-json\/wp\/v2\/product"}],"about":[{"href":"https:\/\/hiphop4life.fr\/shop\/wp-json\/wp\/v2\/types\/product"}],"replies":[{"embeddable":true,"href":"https:\/\/hiphop4life.fr\/shop\/wp-json\/wp\/v2\/comments?post=69042"}],"wp:featuredmedia":[{"embeddable":true,"href":"https:\/\/hiphop4life.fr\/shop\/wp-json\/wp\/v2\/media\/69043"}],"wp:attachment":[{"href":"https:\/\/hiphop4life.fr\/shop\/wp-json\/wp\/v2\/media?parent=69042"}],"wp:term":[{"taxonomy":"product_brand","embeddable":true,"href":"https:\/\/hiphop4life.fr\/shop\/wp-json\/wp\/v2\/product_brand?post=69042"},{"taxonomy":"product_cat","embeddable":true,"href":"https:\/\/hiphop4life.fr\/shop\/wp-json\/wp\/v2\/product_cat?post=69042"},{"taxonomy":"product_tag","embeddable":true,"href":"https:\/\/hiphop4life.fr\/shop\/wp-json\/wp\/v2\/product_tag?post=69042"}],"curies":[{"name":"wp","href":"https:\/\/api.w.org\/{rel}","templated":true}]}}