{"id":69046,"date":"2020-11-07T05:23:28","date_gmt":"2020-11-07T04:23:28","guid":{"rendered":"http:\/\/hiphop4life.fr\/shop\/produit\/a-tribe-called-quest-we-got-it-from-here-thank-you-4-your-service-vinyle\/"},"modified":"2022-01-17T15:54:06","modified_gmt":"2022-01-17T14:54:06","slug":"a-tribe-called-quest-we-got-it-from-here-thank-you-4-your-service-vinyle","status":"publish","type":"product","link":"https:\/\/hiphop4life.fr\/shop\/produit\/a-tribe-called-quest-we-got-it-from-here-thank-you-4-your-service-vinyle\/","title":{"rendered":"A Tribe Called Quest &#8211; We Got It from Here&#8230; Thank You 4 Your Service [Vinyle]"},"content":{"rendered":"<div class=\"wpb-content-wrapper\"><p>[vc_row][vc_column width=\u00a0\u00bb1\/1&Prime;][vc_column_text]<strong>Extrait de la chronique Hip-Hop 4 Life :<br \/>\n<\/strong><\/p>\n<p>[&#8230;] <em>Timing is everything.<br \/>\n<\/em><em>18 ans d\u2019absence et on a pourtant l\u2019impression que le moment ne pouvait pas \u00eatre plus appropri\u00e9 pour le retour d\u2019<strong>A Tribe Called Quest<\/strong>.<strong><br \/>\n<\/strong>Le rapgame part en couille, le monde se divise, des noirs continuent de se faire abattre comme des animaux par des policiers, les bombes pleuvent, la peur pousse les gens vers les extr\u00eames\u00a0: un raciste \u00e9gocentrique et misogyne est \u00e0 la t\u00eate de la plus grande puissance mondiale\u2026 et presque symboliquement, les attentats du 13 novembre au Bataclan sont en quelque sorte \u00e0 l\u2019origine de cet album.<\/em> [&#8230;]<\/p>\n<p>La chronique compl\u00e8te de l&rsquo;album \u00e0 lire <a href=\"http:\/\/hiphop4life.fr\/chroniques\/a-tribe-called-quest-we-got-it-from-here-thank-you-4-your-service-chronique\/\">ici<\/a>.[\/vc_column_text][vc_single_image media=\u00a0\u00bb69338&Prime; media_width_percent=\u00a0\u00bb100&Prime;][vc_column_text]<iframe src=\"https:\/\/embed.spotify.com\/?uri=spotify%3Aalbum%3A3WvQpufOsPzkZvcSuynCf3\" width=\"300\" height=\"380\" frameborder=\"0\"><\/iframe><\/p>\n<p><strong>Tracklist<\/strong><\/p>\n<p><em>1. The Space Program<\/em><br \/>\n<em>2. We The People&#8230;<\/em><br \/>\n<em>3. Whateva Will Be (Ft. Consequence)<\/em><br \/>\n<em>4. Solid Wall of Sound (Ft. Busta Rhymes, Elton John &amp; Jack White)<\/em><br \/>\n<em>5. Dis Generation (Ft. Busta Rhymes)<\/em><br \/>\n<em>6. Kids&#8230; (Ft. Andr\u00e9 3000)<\/em><br \/>\n<em>7. Melatonin (Ft. Marsha Ambrosius&amp; Abbey Smith)<\/em><br \/>\n<em>8. Enough!!<\/em><br \/>\n<em>9. Mobius (Ft. Consequence &amp; Busta Rhymes)<\/em><br \/>\n<em>10. Black Spasmodic (Ft. Consequence)<\/em><br \/>\n<em>11. The Killing Season (Ft. Kanye West, Talib Kweli &amp; Consequence)<\/em><br \/>\n<em>12. Lost Somebody (Ft. Katia Cadet)<\/em><br \/>\n<em>13. Movin Backwards (Ft. Anderson .Paak)<\/em><br \/>\n<em>14. Conrad Tokyo (Ft. Kendrick Lamar)<\/em><br \/>\n<em>15. Ego (Ft. Jack White)<\/em><br \/>\n<em>16. The Donald (Ft. Busta Rhymes &amp; Katia Cadet)<\/em>[\/vc_column_text][\/vc_column][\/vc_row]<\/p>\n<\/div>","protected":false},"excerpt":{"rendered":"<p><strong>Album :<\/strong>\u00a0We Got It from Here&#8230; Thank You 4 Your Service<br \/>\n<strong>Artiste :<\/strong>\u00a0A Tribe Called Quest &#8211; Q-Tip \/ Phife Dawg \/ Ali Shaheed Muhammad \/ Jarobi White<br \/>\n<strong>Etat :<\/strong>\u00a0Neuf<br \/>\n<strong>Format :<\/strong>\u00a0Vinyle, 2 LP, Album<br \/>\n<strong>Label :<\/strong>\u00a0Epic<br \/>\n<strong>Edition :<\/strong> Originale<br \/>\n<strong>Date de sortie :<\/strong>\u00a02016<br \/>\n<strong>Genre :<\/strong>\u00a0Hip-Hop \/ Rap US \/ Rap Conscient \/ Jazz Rap \/ East Coast<\/p>\n","protected":false},"featured_media":69047,"comment_status":"open","ping_status":"closed","template":"","meta":{"om_disable_all_campaigns":false,"_monsterinsights_skip_tracking":false,"_monsterinsights_sitenote_active":false,"_monsterinsights_sitenote_note":"","_monsterinsights_sitenote_category":0},"product_brand":[],"product_cat":[6174],"product_tag":[5387,5337,5325,6131,7701,5389,5388,5361,5326,5390],"class_list":{"0":"post-69046","1":"product","2":"type-product","3":"status-publish","4":"has-post-thumbnail","6":"product_cat-east-coast","7":"product_tag-a-tribe-called-quest","8":"product_tag-east-coast","9":"product_tag-hip-hop","10":"product_tag-jazz-rap","11":"product_tag-original","12":"product_tag-phife-dawg","13":"product_tag-q-tip","14":"product_tag-rap-conscient","15":"product_tag-rap-us","16":"product_tag-we-got-it-from-here-thank-you-for-your-service","17":"product_shipping_class-2-lp","19":"first","20":"instock","21":"taxable","22":"shipping-taxable","23":"purchasable","24":"product-type-simple"},"aioseo_notices":[],"_links":{"self":[{"href":"https:\/\/hiphop4life.fr\/shop\/wp-json\/wp\/v2\/product\/69046","targetHints":{"allow":["GET"]}}],"collection":[{"href":"https:\/\/hiphop4life.fr\/shop\/wp-json\/wp\/v2\/product"}],"about":[{"href":"https:\/\/hiphop4life.fr\/shop\/wp-json\/wp\/v2\/types\/product"}],"replies":[{"embeddable":true,"href":"https:\/\/hiphop4life.fr\/shop\/wp-json\/wp\/v2\/comments?post=69046"}],"wp:featuredmedia":[{"embeddable":true,"href":"https:\/\/hiphop4life.fr\/shop\/wp-json\/wp\/v2\/media\/69047"}],"wp:attachment":[{"href":"https:\/\/hiphop4life.fr\/shop\/wp-json\/wp\/v2\/media?parent=69046"}],"wp:term":[{"taxonomy":"product_brand","embeddable":true,"href":"https:\/\/hiphop4life.fr\/shop\/wp-json\/wp\/v2\/product_brand?post=69046"},{"taxonomy":"product_cat","embeddable":true,"href":"https:\/\/hiphop4life.fr\/shop\/wp-json\/wp\/v2\/product_cat?post=69046"},{"taxonomy":"product_tag","embeddable":true,"href":"https:\/\/hiphop4life.fr\/shop\/wp-json\/wp\/v2\/product_tag?post=69046"}],"curies":[{"name":"wp","href":"https:\/\/api.w.org\/{rel}","templated":true}]}}