{"id":69048,"date":"2022-01-06T09:30:03","date_gmt":"2022-01-06T08:30:03","guid":{"rendered":"http:\/\/hiphop4life.fr\/shop\/produit\/a-tribe-called-quest-peoples-instinctive-travels-and-the-paths-of-rhythm-vinyle\/"},"modified":"2026-01-24T22:48:25","modified_gmt":"2026-01-24T21:48:25","slug":"a-tribe-called-quest-peoples-instinctive-travels-and-the-paths-of-rhythm-vinyle","status":"publish","type":"product","link":"https:\/\/hiphop4life.fr\/shop\/produit\/a-tribe-called-quest-peoples-instinctive-travels-and-the-paths-of-rhythm-vinyle\/","title":{"rendered":"A Tribe Called Quest &#8211; People&rsquo;s Instinctive Travels And The Paths Of Rhythm [Vinyle Edition Limit\u00e9e 25e Anniversaire]"},"content":{"rendered":"<div class=\"wpb-content-wrapper\"><p>[vc_row][vc_column width=\u00a0\u00bb1\/1&Prime;][vc_column_text]Le 1er classique\u00a0d&rsquo;un des groupes les plus importants du rap f\u00eate ses 25 ans, on te\u00a0propose pour l&rsquo;occasion une \u00e9dition limit\u00e9e\u00a0avec une cover brillante bien cool et des remixes de J. Cole, Cee-Lo ou encore Pharrell Williams.<br \/>\nUn album que tout fan de rap qui se respecte doit poss\u00e9der, antith\u00e8se du\u00a0Gangsta Rap de la c\u00f4te Ouest, ce rap hippie\u00a0port\u00e9 par les flows bondissants de Q-Tip, Phife Dawg et Jarobi White entrem\u00eale brillamment des lyrics intelligentes et des samples jazz de crate digger.<\/p>\n\n<p><strong>Tracklist<\/strong><\/p>\n<p><em>1. Push it Along<\/em><br \/>\n<em>2. Luck of Lucien<\/em><br \/>\n<em>3. After Hours<\/em><br \/>\n<em>4. Footprints<\/em><br \/>\n<em>5. I Left My Wallet In El Segundo<\/em><br \/>\n<em>6. Pubic Enemy<\/em><br \/>\n<em>7. Bonita Applebum<\/em><br \/>\n<em>8. Can I Kick It?<\/em><br \/>\n<em>9. Youthful Expression<\/em><br \/>\n<em>10. Rhythm (Devoted to the Art of Moving Butts)<\/em><br \/>\n<em>11. Mr. Muhammad<\/em><br \/>\n<em>12. Ham n&rsquo; Eggs<\/em><br \/>\n<em>13. Go Ahead in the Rain<\/em><br \/>\n<em>14. Description of a Fool<\/em><\/p>\n<p><strong>Bonus Tracks<\/strong><\/p>\n<p><em>15. Footprints (CeeLo Green Remix)<\/em><br \/>\n<em>16. Bonita Applebum (Pharrell Williams Remix)<\/em><br \/>\n<em>17. Can I Kick It? (J. Cole Remix)<\/em><\/p>\n<p>La chronique et le stream du dernier album d&rsquo;<strong>A Tribe Called Quest<\/strong>, <em><strong>We Got It From Here&#8230; Thank You For Your Service<\/strong><\/em>, est dispo sur Hip-Hop 4 Life <a href=\"http:\/\/hiphop4life.fr\/chroniques\/a-tribe-called-quest-we-got-it-from-here-thank-you-4-your-service-chronique\/\">ici<\/a>.[\/vc_column_text][\/vc_column][\/vc_row]<\/p>\n<\/div>","protected":false},"excerpt":{"rendered":"<p><strong>Album :<\/strong>\u00a0People&rsquo;s Instinctive Travels And The Paths Of Rhythm<br \/>\n<strong>Artiste :<\/strong>\u00a0A Tribe Called Quest &#8211; Q-Tip \/ Phife Dawg \/ Ali Shaheed Muhammad \/ Jarobi White<br \/>\n<strong>Etat :<\/strong>\u00a0Neuf<br \/>\n<strong>Format :<\/strong>\u00a0Vinyle, 2 LP, Album<br \/>\n<strong>Label :<\/strong>\u00a0Jive<br \/>\n<strong>Edition :<\/strong> R\u00e9\u00e9dition 2016 Remasteris\u00e9e (Edition Limit\u00e9e 25e Anniversaire) &#8211; 180g Audiophile<br \/>\n<strong>Date de sortie :<\/strong>\u00a01990<br \/>\n<strong>Genre :<\/strong>\u00a0Hip-Hop \/ Rap US \/ Rap Conscient \/ Jazz Rap \/ East Coast<\/p>\n<ul>\n<li>Edition limit\u00e9e pour le 25\u00e8me anniversaire, pressage 180g<\/li>\n<li>Cover \u00ab\u00a0shiny\u00a0\u00bb<\/li>\n<li>Remasteris\u00e9\u00a0par l&rsquo;ing\u00e9nieur du son r\u00e9compens\u00e9 aux Grammy Awards, Bob Power<\/li>\n<li>Remixes bonus de\u00a0Ceelo Green, Pharrell Williams et J. Cole<\/li>\n<li>Un\u00a0essai\u00a0de Harry Allen<\/li>\n<\/ul>\n","protected":false},"featured_media":69049,"comment_status":"open","ping_status":"closed","template":"","meta":{"om_disable_all_campaigns":false,"_monsterinsights_skip_tracking":false,"_monsterinsights_sitenote_active":false,"_monsterinsights_sitenote_note":"","_monsterinsights_sitenote_category":0},"product_brand":[],"product_cat":[6174,6171],"product_tag":[7705,5387,7266,5337,9091,5339,5325,6131,5391,5389,5388,5361,5326,7693,7695],"class_list":{"0":"post-69048","1":"product","2":"type-product","3":"status-publish","4":"has-post-thumbnail","6":"product_cat-east-coast","7":"product_cat-golden-age","8":"product_tag-180g","9":"product_tag-a-tribe-called-quest","10":"product_tag-collector","11":"product_tag-east-coast","12":"product_tag-edition-limitee","13":"product_tag-golden-age","14":"product_tag-hip-hop","15":"product_tag-jazz-rap","16":"product_tag-peoples-instinctive-travels-and-the-paths-of-rhythm","17":"product_tag-phife-dawg","18":"product_tag-q-tip","19":"product_tag-rap-conscient","20":"product_tag-rap-us","21":"product_tag-reedition","22":"product_tag-remasterise","23":"product_shipping_class-2-lp","25":"first","26":"outofstock","27":"taxable","28":"shipping-taxable","29":"purchasable","30":"product-type-simple"},"aioseo_notices":[],"_links":{"self":[{"href":"https:\/\/hiphop4life.fr\/shop\/wp-json\/wp\/v2\/product\/69048","targetHints":{"allow":["GET"]}}],"collection":[{"href":"https:\/\/hiphop4life.fr\/shop\/wp-json\/wp\/v2\/product"}],"about":[{"href":"https:\/\/hiphop4life.fr\/shop\/wp-json\/wp\/v2\/types\/product"}],"replies":[{"embeddable":true,"href":"https:\/\/hiphop4life.fr\/shop\/wp-json\/wp\/v2\/comments?post=69048"}],"wp:featuredmedia":[{"embeddable":true,"href":"https:\/\/hiphop4life.fr\/shop\/wp-json\/wp\/v2\/media\/69049"}],"wp:attachment":[{"href":"https:\/\/hiphop4life.fr\/shop\/wp-json\/wp\/v2\/media?parent=69048"}],"wp:term":[{"taxonomy":"product_brand","embeddable":true,"href":"https:\/\/hiphop4life.fr\/shop\/wp-json\/wp\/v2\/product_brand?post=69048"},{"taxonomy":"product_cat","embeddable":true,"href":"https:\/\/hiphop4life.fr\/shop\/wp-json\/wp\/v2\/product_cat?post=69048"},{"taxonomy":"product_tag","embeddable":true,"href":"https:\/\/hiphop4life.fr\/shop\/wp-json\/wp\/v2\/product_tag?post=69048"}],"curies":[{"name":"wp","href":"https:\/\/api.w.org\/{rel}","templated":true}]}}