{"id":69050,"date":"2016-11-02T15:31:19","date_gmt":"2016-11-02T14:31:19","guid":{"rendered":"http:\/\/hiphop4life.fr\/shop\/produit\/childish-gambino-awaken-my-love-virtual-reality-box-set\/"},"modified":"2022-08-19T12:01:19","modified_gmt":"2022-08-19T10:01:19","slug":"childish-gambino-awaken-my-love-virtual-reality-box-set","status":"publish","type":"product","link":"https:\/\/hiphop4life.fr\/shop\/produit\/childish-gambino-awaken-my-love-virtual-reality-box-set\/","title":{"rendered":"Childish Gambino &#8211; Awaken, My Love! [Virtual Reality Box]"},"content":{"rendered":"<div class=\"wpb-content-wrapper\"><p>[vc_row][vc_column width=\u00a0\u00bb1\/1&Prime;][vc_single_image media=\u00a0\u00bb69341&Prime; media_width_percent=\u00a0\u00bb100&Prime;][vc_column_text]<iframe src=\"https:\/\/embed.spotify.com\/?uri=spotify%3Aalbum%3A0jR6E4KQGrVLbnG6Fw3pe9\" width=\"300\" height=\"380\" frameborder=\"0\"><\/iframe><\/p>\n<p><strong>Tracklist<\/strong><\/p>\n<p><em>1. Me and Your Mama<\/em><br \/>\n<em>2. Have Some Love<\/em><br \/>\n<em>3. Boogieman<\/em><br \/>\n<em>4. Zombies<\/em><br \/>\n<em>5. Riot<\/em><br \/>\n<em>6. Redbone<\/em><br \/>\n<em>7. California<\/em><br \/>\n<em>8. Terrified<\/em><br \/>\n<em>9. Baby Boy<\/em><br \/>\n<em>10. The Night Me And Your Momma Met<\/em><br \/>\n<em>11. Stand Tall<\/em>[\/vc_column_text][\/vc_column][\/vc_row]<\/p>\n<\/div>","protected":false},"excerpt":{"rendered":"<p><strong>Album :<\/strong>\u00a0Awaken, My Love!<br \/>\n<strong>Artiste :<\/strong>\u00a0Childish Gambino<br \/>\n<strong>Etat :<\/strong>\u00a0Neuf<br \/>\n<strong>Format :\u00a0<\/strong>2LP Virtual Reality Box Set<br \/>\n<strong>Label :<\/strong>\u00a0UMG<br \/>\n<strong>Edition :<\/strong> Originale<br \/>\n<strong>Date de sortie :<\/strong>\u00a02016<br \/>\n<strong>Genre :<\/strong>\u00a0Hip-Hop \/ Rap US \/ R&amp;B \/ Soul \/ Funk \/ Rock<\/p>\n<p><strong>Inclus dans la box :<\/strong><\/p>\n<p>&#8211; 2 vinyles LP 180g 45 RPM<br \/>\n&#8211; Un livret in\u00e9dit<br \/>\n&#8211; La cover \u00e9dition limit\u00e9e \u00ab\u00a0Glow In The Dark\u00a0\u00bb<br \/>\n&#8211; Un casque de r\u00e9alit\u00e9 virtuelle<br \/>\n&#8211; Un acc\u00e8s exclusif aux performances live de la tourn\u00e9e \u00ab The PHAROS Experience\u00a0\u00bb\u00a0 en r\u00e9alit\u00e9 virtuelle<br \/>\n&#8211; L\u2019application PHAROS VR pour visionner les vid\u00e9os \u00e0 t\u00e9l\u00e9charger ici\u00a0:\u00a0<a href=\"http:\/\/pharos.earth\/\" target=\"_blank\" rel=\"noopener noreferrer\">http:\/\/pharos.earth\/<br \/>\n<\/a>&#8211; Un lien de t\u00e9l\u00e9chargement de l\u2019album en mp3 320kbit<\/p>\n","protected":false},"featured_media":69052,"comment_status":"open","ping_status":"closed","template":"","meta":{"om_disable_all_campaigns":false,"_monsterinsights_skip_tracking":false,"_monsterinsights_sitenote_active":false,"_monsterinsights_sitenote_note":"","_monsterinsights_sitenote_category":0},"product_brand":[],"product_cat":[9206,6179],"product_tag":[8787,8022,5392,7266,5873,8273,5325,5855,7701,5347,5326,5380,5378],"class_list":{"0":"post-69050","1":"product","2":"type-product","3":"status-publish","4":"has-post-thumbnail","6":"product_cat-new-school","7":"product_cat-soul-rnb","8":"product_tag-awaken-my-love-fr","9":"product_tag-box","10":"product_tag-childish-gambino","11":"product_tag-collector","12":"product_tag-funk","13":"product_tag-hh4l-awards-2017-fr","14":"product_tag-hip-hop","15":"product_tag-new-school","16":"product_tag-original","17":"product_tag-r-n-b","18":"product_tag-rap-us","19":"product_tag-rock","20":"product_tag-soul","21":"product_shipping_class-4-lp","23":"first","24":"outofstock","25":"sold-individually","26":"taxable","27":"shipping-taxable","28":"purchasable","29":"product-type-simple"},"aioseo_notices":[],"_links":{"self":[{"href":"https:\/\/hiphop4life.fr\/shop\/wp-json\/wp\/v2\/product\/69050","targetHints":{"allow":["GET"]}}],"collection":[{"href":"https:\/\/hiphop4life.fr\/shop\/wp-json\/wp\/v2\/product"}],"about":[{"href":"https:\/\/hiphop4life.fr\/shop\/wp-json\/wp\/v2\/types\/product"}],"replies":[{"embeddable":true,"href":"https:\/\/hiphop4life.fr\/shop\/wp-json\/wp\/v2\/comments?post=69050"}],"wp:featuredmedia":[{"embeddable":true,"href":"https:\/\/hiphop4life.fr\/shop\/wp-json\/wp\/v2\/media\/69052"}],"wp:attachment":[{"href":"https:\/\/hiphop4life.fr\/shop\/wp-json\/wp\/v2\/media?parent=69050"}],"wp:term":[{"taxonomy":"product_brand","embeddable":true,"href":"https:\/\/hiphop4life.fr\/shop\/wp-json\/wp\/v2\/product_brand?post=69050"},{"taxonomy":"product_cat","embeddable":true,"href":"https:\/\/hiphop4life.fr\/shop\/wp-json\/wp\/v2\/product_cat?post=69050"},{"taxonomy":"product_tag","embeddable":true,"href":"https:\/\/hiphop4life.fr\/shop\/wp-json\/wp\/v2\/product_tag?post=69050"}],"curies":[{"name":"wp","href":"https:\/\/api.w.org\/{rel}","templated":true}]}}