{"id":69352,"date":"2016-01-07T14:46:27","date_gmt":"2016-01-07T13:46:27","guid":{"rendered":"http:\/\/hiphop4life.fr\/shop\/produit\/j-cole-forest-hills-drive-vinyle\/"},"modified":"2023-07-06T15:27:15","modified_gmt":"2023-07-06T13:27:15","slug":"j-cole-forest-hills-drive-vinyle","status":"publish","type":"product","link":"https:\/\/hiphop4life.fr\/shop\/produit\/j-cole-forest-hills-drive-vinyle\/","title":{"rendered":"J. Cole &#8211; Forest Hills Drive [Vinyle]"},"content":{"rendered":"<div class=\"wpb-content-wrapper\"><p>[vc_row][vc_column width=\u00a0\u00bb1\/1&Prime;][vc_column_text]Lib\u00e9r\u00e9 de la pression par le succ\u00e8s commercial de <em>Born Sinner<\/em>,\u00a0Jermaine Cole a enfin livr\u00e9\u00a0le projet qu&rsquo;on attendait d&rsquo;un artiste de son\u00a0calibre.<br \/>\nDisque de platine\u00a0sans featuring, le rappeur\/chanteur\/producteur a r\u00e9ussi l&rsquo;exploit de squatter le top des charts, d\u00e9passant m\u00eame un certain Kanye West,\u00a0avec un\u00a0rap \u00e0 son image, sinc\u00e8re, d\u00e9licat et musical, tr\u00e8s loin de la trap sans \u00e2me qui squatte les ondes.[\/vc_column_text][vc_single_image media=\u00a0\u00bb69354&Prime; media_width_percent=\u00a0\u00bb100&Prime;][vc_column_text]<iframe src=\"https:\/\/embed.spotify.com\/?uri=spotify%3Aalbum%3A7viNUmZZ8ztn2UB4XB3jIL\" width=\"300\" height=\"380\" frameborder=\"0\"><span data-mce-type=\"bookmark\" style=\"display: inline-block; width: 0px; overflow: hidden; line-height: 0;\" class=\"mce_SELRES_start\">\ufeff<\/span><\/iframe><\/p>\n<p><strong>Tracklist<\/strong><\/p>\n<p><em>1. Intro<\/em><br \/>\n<em>2. January 28th<\/em><br \/>\n<em>3. Wet Dreamz<\/em><br \/>\n<em>4. 03&prime; Adolescence<\/em><br \/>\n<em>5. A Tale of 2 Citiez<\/em><br \/>\n<em>6. Fire Squad<\/em><br \/>\n<em>7. St. Tropez<\/em><br \/>\n<em>8. G.O.M.D.<\/em><br \/>\n<em>9. No Role Modelz<\/em><br \/>\n<em>10. Hello<\/em><br \/>\n<em>11. Apparently<\/em><br \/>\n<em>12. Love Yourz<\/em><br \/>\n<em>13. Note to Self<\/em><\/p>\n<p>Le dernier projet de <strong>J. Cole<\/strong>, le tr\u00e8s personnel <em><strong>4 Your Eyez Only<\/strong><\/em>, est \u00e0<b> <\/b>\u00e9couter en streaming sur Hip-Hop 4 Life <a href=\"http:\/\/hiphop4life.fr\/news\/j-cole-4-your-eyez-only-album-stream\/\">ici<\/a>.[\/vc_column_text][\/vc_column][\/vc_row]<\/p>\n<\/div>","protected":false},"excerpt":{"rendered":"<p><strong>Album :<\/strong>\u00a02014 Forest Hills Drive<br \/>\n<strong>Artiste :<\/strong>\u00a0J. Cole<br \/>\n<strong>Etat :<\/strong>\u00a0Neuf<br \/>\n<strong>Format :<\/strong>\u00a0Vinyle, 2 LP, Album<br \/>\n<strong>Label :<\/strong>\u00a0Dreamville<br \/>\n<strong>Edition :<\/strong> Originale<br \/>\n<strong>Date de sortie :<\/strong>\u00a02014<br \/>\n<strong>Genre :<\/strong>\u00a0Hip-Hop \/ Rap US<\/p>\n","protected":false},"featured_media":69353,"comment_status":"open","ping_status":"closed","template":"","meta":{"om_disable_all_campaigns":false,"_monsterinsights_skip_tracking":false,"_monsterinsights_sitenote_active":false,"_monsterinsights_sitenote_note":"","_monsterinsights_sitenote_category":0},"product_brand":[],"product_cat":[9206],"product_tag":[6078,9688,6077,5325,6083,5855,7701,5326],"class_list":{"0":"post-69352","1":"product","2":"type-product","3":"status-publish","4":"has-post-thumbnail","6":"product_cat-new-school","7":"product_tag-dreamville","8":"product_tag-dreamville-vs-tde","9":"product_tag-forest-hills-drive","10":"product_tag-hip-hop","11":"product_tag-j-cole","12":"product_tag-new-school","13":"product_tag-original","14":"product_tag-rap-us","15":"product_shipping_class-2-lp","17":"first","18":"outofstock","19":"taxable","20":"shipping-taxable","21":"purchasable","22":"product-type-simple"},"aioseo_notices":[],"_links":{"self":[{"href":"https:\/\/hiphop4life.fr\/shop\/wp-json\/wp\/v2\/product\/69352","targetHints":{"allow":["GET"]}}],"collection":[{"href":"https:\/\/hiphop4life.fr\/shop\/wp-json\/wp\/v2\/product"}],"about":[{"href":"https:\/\/hiphop4life.fr\/shop\/wp-json\/wp\/v2\/types\/product"}],"replies":[{"embeddable":true,"href":"https:\/\/hiphop4life.fr\/shop\/wp-json\/wp\/v2\/comments?post=69352"}],"wp:featuredmedia":[{"embeddable":true,"href":"https:\/\/hiphop4life.fr\/shop\/wp-json\/wp\/v2\/media\/69353"}],"wp:attachment":[{"href":"https:\/\/hiphop4life.fr\/shop\/wp-json\/wp\/v2\/media?parent=69352"}],"wp:term":[{"taxonomy":"product_brand","embeddable":true,"href":"https:\/\/hiphop4life.fr\/shop\/wp-json\/wp\/v2\/product_brand?post=69352"},{"taxonomy":"product_cat","embeddable":true,"href":"https:\/\/hiphop4life.fr\/shop\/wp-json\/wp\/v2\/product_cat?post=69352"},{"taxonomy":"product_tag","embeddable":true,"href":"https:\/\/hiphop4life.fr\/shop\/wp-json\/wp\/v2\/product_tag?post=69352"}],"curies":[{"name":"wp","href":"https:\/\/api.w.org\/{rel}","templated":true}]}}