{"id":69365,"date":"2016-01-01T16:00:41","date_gmt":"2016-01-01T15:00:41","guid":{"rendered":"http:\/\/hiphop4life.fr\/shop\/produit\/dangelo-voodoo-vinyle\/"},"modified":"2022-01-20T13:31:34","modified_gmt":"2022-01-20T12:31:34","slug":"dangelo-voodoo-vinyle","status":"publish","type":"product","link":"https:\/\/hiphop4life.fr\/shop\/produit\/dangelo-voodoo-vinyle\/","title":{"rendered":"D&rsquo;Angelo &#8211; Voodoo [Vinyle]"},"content":{"rendered":"<div class=\"wpb-content-wrapper\"><p>[vc_row][vc_column width=\u00a0\u00bb1\/1&Prime;][vc_column_text]<em>Voodoo<\/em> est tout simplement \u00e0\u00a0classer au panth\u00e9on des meilleurs albums de tous les temps.<br \/>\nDu funk exp\u00e9rimental de Prince\u00a0\u00e0 la soul vintage de Sly Stones en passant par\u00a0le jazz de Miles Davis, les drums de J. Dilla et la MPC de DJ Premier, D&rsquo;Angelo repr\u00e9sente la quintessence de tout ce qui se fait de mieux dans la black music, un condens\u00e9 d&rsquo;influences essentielles port\u00e9 par une voix divine.[\/vc_column_text][vc_single_image media=\u00a0\u00bb69366&Prime; media_width_percent=\u00a0\u00bb100&Prime;][vc_column_text]<\/p>\n<p><iframe src=\"https:\/\/embed.spotify.com\/?uri=spotify%3Aalbum%3A0gSmTwEd1wJS1v1lbFWZDv\" width=\"300\" height=\"380\" frameborder=\"0\"><\/iframe><\/p>\n<p><strong>Tracklist<\/strong><\/p>\n<p><em>1. Playa Playa<\/em><br \/>\n<em>2. Devil&rsquo;s Pie<\/em><br \/>\n<em>3. Left &amp; Right (Ft. Method Man &amp; Redman)<\/em><br \/>\n<em>4. The Line<\/em><br \/>\n<em>5. Send It On<\/em><br \/>\n<em>6. Chicken Grease<\/em><br \/>\n<em>7. One Mo&rsquo;Gin<\/em><br \/>\n<em>8. The Root<\/em><br \/>\n<em>9. Spanish Joint<\/em><br \/>\n<em>10. Feel Like Makin&rsquo; Love<\/em><br \/>\n<em>11. Greatdayindamornin&rsquo; \/ Booty<\/em><br \/>\n<em>12. Untitled (How Does It Feel)<\/em><br \/>\n<em>13. Africa<\/em><\/p>\n<p>Le dernier album de <strong>D&rsquo;Angelo<\/strong>, <em><strong>Black Messiah<\/strong><\/em>, est \u00e0 \u00e9couter sur Hip-Hop 4 Life <a href=\"http:\/\/hiphop4life.fr\/news\/dangelo-black-messiah-album-stream\/\">ici<\/a>.[\/vc_column_text][\/vc_column][\/vc_row]<\/p>\n<\/div>","protected":false},"excerpt":{"rendered":"<p><strong>Album :<\/strong>\u00a0Voodoo<br \/>\n<strong>Artiste :<\/strong>\u00a0D&rsquo;Angelo<br \/>\n<strong>Etat :<\/strong>\u00a0Neuf<br \/>\n<strong>Format :<\/strong>\u00a0Vinyle, 2 LP, Album<br \/>\n<strong>Label :<\/strong>\u00a0Virgin<br \/>\n<strong>Edition :<\/strong> R\u00e9\u00e9dition 2015 \u00ab\u00a0Back To Black\u00a0\u00bb &#8211; 180g Audiophile<br \/>\n<strong>Date de sortie :<\/strong>\u00a02000<br \/>\n<strong>Genre :<\/strong>\u00a0R&amp;B \/ Neo Soul\u00a0\/ Soul\u00a0\/\u00a0Funk<\/p>\n","protected":false},"featured_media":69367,"comment_status":"open","ping_status":"closed","template":"","meta":{"om_disable_all_campaigns":false,"_monsterinsights_skip_tracking":false,"_monsterinsights_sitenote_active":false,"_monsterinsights_sitenote_note":"","_monsterinsights_sitenote_category":0},"product_brand":[],"product_cat":[6172,6179],"product_tag":[7705,5374,5375,5873,5348,5347,7693,5378,6061],"class_list":{"0":"post-69365","1":"product","2":"type-product","3":"status-publish","4":"has-post-thumbnail","6":"product_cat-2000s","7":"product_cat-soul-rnb","8":"product_tag-180g","9":"product_tag-2000s","10":"product_tag-dangelo","11":"product_tag-funk","12":"product_tag-neo-soul","13":"product_tag-r-n-b","14":"product_tag-reedition","15":"product_tag-soul","16":"product_tag-voodoo","17":"product_shipping_class-2-lp","19":"first","20":"outofstock","21":"taxable","22":"shipping-taxable","23":"purchasable","24":"product-type-simple"},"aioseo_notices":[],"_links":{"self":[{"href":"https:\/\/hiphop4life.fr\/shop\/wp-json\/wp\/v2\/product\/69365","targetHints":{"allow":["GET"]}}],"collection":[{"href":"https:\/\/hiphop4life.fr\/shop\/wp-json\/wp\/v2\/product"}],"about":[{"href":"https:\/\/hiphop4life.fr\/shop\/wp-json\/wp\/v2\/types\/product"}],"replies":[{"embeddable":true,"href":"https:\/\/hiphop4life.fr\/shop\/wp-json\/wp\/v2\/comments?post=69365"}],"wp:featuredmedia":[{"embeddable":true,"href":"https:\/\/hiphop4life.fr\/shop\/wp-json\/wp\/v2\/media\/69367"}],"wp:attachment":[{"href":"https:\/\/hiphop4life.fr\/shop\/wp-json\/wp\/v2\/media?parent=69365"}],"wp:term":[{"taxonomy":"product_brand","embeddable":true,"href":"https:\/\/hiphop4life.fr\/shop\/wp-json\/wp\/v2\/product_brand?post=69365"},{"taxonomy":"product_cat","embeddable":true,"href":"https:\/\/hiphop4life.fr\/shop\/wp-json\/wp\/v2\/product_cat?post=69365"},{"taxonomy":"product_tag","embeddable":true,"href":"https:\/\/hiphop4life.fr\/shop\/wp-json\/wp\/v2\/product_tag?post=69365"}],"curies":[{"name":"wp","href":"https:\/\/api.w.org\/{rel}","templated":true}]}}