{"id":69368,"date":"2016-01-12T16:59:07","date_gmt":"2016-01-12T15:59:07","guid":{"rendered":"http:\/\/hiphop4life.fr\/shop\/produit\/dr-dre-2001-vinyle\/"},"modified":"2026-04-10T08:07:40","modified_gmt":"2026-04-10T06:07:40","slug":"dr-dre-2001-vinyle","status":"publish","type":"product","link":"https:\/\/hiphop4life.fr\/shop\/produit\/dr-dre-2001-vinyle\/","title":{"rendered":"Dr. Dre &#8211; 2001 [Vinyle]"},"content":{"rendered":"<div class=\"wpb-content-wrapper\"><p>[vc_row][vc_column width=\u00a0\u00bb1\/1&Prime;][vc_column_text]Apr\u00e8s avoir popularis\u00e9 le G-Funk avec son 1er classique\u00a0<a href=\"http:\/\/hiphop4life.fr\/shop\/product\/dr-dre-the-chronic-vinyle\/\"><em>The Chronic<\/em><\/a> et influenc\u00e9 le rap West Coast \u00e0 jamais, beaucoup pensaient que Dr. Dre s&rsquo;\u00e9tait perdu\u00a0en quittant le navire Death Row et en lan\u00e7ant son propre label, Aftermath.<br \/>\nIl mettra un premier uppercut aux sceptiques avec l&rsquo;iconique <em>Still Dre<\/em> avec\u00a0Scott Storch au piano, Jay-Z \u00e0 l&rsquo;\u00e9criture et Snoop Dogg au mic.<br \/>\nEn avance sur son temps,\u00a0<em>2001<\/em> s&rsquo;appuie sur une production encore in\u00e9gal\u00e9e aujourd&rsquo;hui, les samples sont remplac\u00e9s par des instruments live, le G-Funk organique et vintage laisse place\u00a0\u00e0 des productions froides, modernes et industrielles,\u00a0on passe d&rsquo;une apr\u00e8s-midi sous le soleil de Cali \u00e0 une soir\u00e9e enfum\u00e9e dans une bo\u00eete \u00e0\u00a0Compton.<br \/>\nLes talents de l&rsquo;\u00e9poque Death Row comme Snoop, Kurupt et Nate Dogg rencontrent les petits nouveaux de chez Aftermath et un certain Eminem, une \u00e9quipe \u00e9clectique\u00a0de rappeurs hors norme\u00a0sur quelques uns des meilleurs beats de l&rsquo;histoire, le r\u00e9sultat est\u00a0un nombre de classic tracks assez hallucinant et un album titanesque, 2\u00e8me coup de ma\u00eetre du maestro et nouveau virage pour le rap.[\/vc_column_text][vc_single_image media=\u00a0\u00bb69369&Prime; media_width_percent=\u00a0\u00bb100&Prime;][vc_column_text]<iframe src=\"https:\/\/embed.spotify.com\/?uri=spotify%3Aalbum%3A0qRYw8PUU2AE7MPTvC9AwF\" width=\"300\" height=\"380\" frameborder=\"0\"><span data-mce-type=\"bookmark\" style=\"display: inline-block; width: 0px; overflow: hidden; line-height: 0;\" class=\"mce_SELRES_start\">\ufeff<\/span><\/iframe><\/p>\n<p><strong>Tracklist<\/strong><\/p>\n<p><em>1. Lolo (Intro) (Ft. Xzibit &amp; Tray-Dee)<\/em><br \/>\n<em>2. The Watcher<\/em><br \/>\n<em>3. Fuck You (Ft. Devin The Dude &amp; Snoop Dogg)<\/em><br \/>\n<em>4. Still D.R.E. (Ft. Snoop Dogg)<\/em><br \/>\n<em>5. Big Ego&rsquo;s (Ft. Hittman)<\/em><br \/>\n<em>6. Xxplosive (Ft. Hittman, Kurupt, Nate Dogg &amp; Six-Two)<\/em><br \/>\n<em>7. What&rsquo;s the Difference (Ft. Xzibit &amp; Eminem)<\/em><br \/>\n<em>8. Bar One (Ft. Traci Nelson, Ms. Roq &amp; Eddie Griffin)<\/em><br \/>\n<em>9. Light Speed (Ft. Hittman)<\/em><br \/>\n<em>10. Forgot About Dre (Ft. Eminem)<\/em><br \/>\n<em>11. The Next Episode (Ft. Snoop Dogg)<\/em><br \/>\n<em>12. Let&rsquo;s Get High (Ft. Hittman, Kurupt &amp; Ms. Roq)<\/em><br \/>\n<em>13. Bitch Niggaz (Ft. Snoop Dogg, Hittman &amp; Six-Two)<\/em><br \/>\n<em>14. The Car Bomb (Ft. Mel-Man and Charis Henry)<\/em><br \/>\n<em>15. Murder Ink (Ft. Hittman &amp; Ms. Roq)<\/em><br \/>\n<em>16. Ed-Ucation (Ft. Eddie Griffin)<\/em><br \/>\n<em>17. Some L.A. Niggaz (Ft. Hittman, DeFari, Xzibit, Knoc-turn&rsquo;al, Time Bomb, King T, MC Ren &amp; Kokane)<\/em><br \/>\n<em>18. Pause 4 Porno (Ft. Jake Steed)<\/em><br \/>\n<em>19. Housewife (Ft. Kurupt &amp; Hittman)<\/em><br \/>\n<em>20. Ackrite (Ft. Hittman)<\/em><br \/>\n<em>21. Bang Bang (Ft. Knoc-turn&rsquo;al &amp; Hittman)<\/em><br \/>\n<em>22. The Message (Ft. Mary J. Blige &amp; Rell)<\/em><\/p>\n<p>Les tubes du duo mythique <strong>Dre \/ Snoop<\/strong> sont\u00a0\u00e0 retrouver dans la playlist <a href=\"http:\/\/hiphop4life.fr\/chroniques\/playlists\/\">2 Live N Die In L.A.<br \/>\n<\/a><\/p>\n<p>La chronique du dernier album de <strong>Dr. Dre<\/strong>, <em><strong>Compton<\/strong><\/em>, est \u00e0 lire sur Hip-Hop 4 Life <a href=\"http:\/\/hiphop4life.fr\/chroniques\/dr-dre-compton-chronique\/\">ici<\/a>.[\/vc_column_text][\/vc_column][\/vc_row]<\/p>\n<\/div>","protected":false},"excerpt":{"rendered":"<p><strong>Album :<\/strong>\u00a02001<br \/>\n<strong>Artiste :<\/strong>\u00a0Dr. Dre<br \/>\n<strong>Etat :<\/strong>\u00a0Neuf<br \/>\n<strong>Format :<\/strong>\u00a0Vinyle, 2 LP, Album<br \/>\n<strong>Label :<\/strong>\u00a0Aftermath<br \/>\n<strong>Edition :<\/strong> R\u00e9\u00e9dition 2019 HD \/ Explicit<br \/>\n<strong>Date de sortie :<\/strong>\u00a01999<br \/>\n<strong>Genre :<\/strong>\u00a0Hip-Hop \/ Rap US \/ West Coast \/ Gangsta Rap \/ G-Funk<\/p>\n","protected":false},"featured_media":69370,"comment_status":"open","ping_status":"closed","template":"","meta":{"om_disable_all_campaigns":false,"_monsterinsights_skip_tracking":false,"_monsterinsights_sitenote_active":false,"_monsterinsights_sitenote_note":"","_monsterinsights_sitenote_category":0},"product_brand":[],"product_cat":[6172,6171,6175],"product_tag":[7705,6057,5887,5344,6059,5340,6110,5339,5325,5326,7693,7695,5342,5328],"class_list":{"0":"post-69368","1":"product","2":"type-product","3":"status-publish","4":"has-post-thumbnail","6":"product_cat-2000s","7":"product_cat-golden-age","8":"product_cat-west-coast","9":"product_tag-180g","10":"product_tag-6057","11":"product_tag-aftermath","12":"product_tag-dr-dre","13":"product_tag-eminem","14":"product_tag-g-funk","15":"product_tag-gangsta-rap","16":"product_tag-golden-age","17":"product_tag-hip-hop","18":"product_tag-rap-us","19":"product_tag-reedition","20":"product_tag-remasterise","21":"product_tag-snoop-dogg","22":"product_tag-west-coast","23":"product_shipping_class-2-lp","25":"first","26":"outofstock","27":"taxable","28":"shipping-taxable","29":"purchasable","30":"product-type-simple"},"aioseo_notices":[],"_links":{"self":[{"href":"https:\/\/hiphop4life.fr\/shop\/wp-json\/wp\/v2\/product\/69368","targetHints":{"allow":["GET"]}}],"collection":[{"href":"https:\/\/hiphop4life.fr\/shop\/wp-json\/wp\/v2\/product"}],"about":[{"href":"https:\/\/hiphop4life.fr\/shop\/wp-json\/wp\/v2\/types\/product"}],"replies":[{"embeddable":true,"href":"https:\/\/hiphop4life.fr\/shop\/wp-json\/wp\/v2\/comments?post=69368"}],"wp:featuredmedia":[{"embeddable":true,"href":"https:\/\/hiphop4life.fr\/shop\/wp-json\/wp\/v2\/media\/69370"}],"wp:attachment":[{"href":"https:\/\/hiphop4life.fr\/shop\/wp-json\/wp\/v2\/media?parent=69368"}],"wp:term":[{"taxonomy":"product_brand","embeddable":true,"href":"https:\/\/hiphop4life.fr\/shop\/wp-json\/wp\/v2\/product_brand?post=69368"},{"taxonomy":"product_cat","embeddable":true,"href":"https:\/\/hiphop4life.fr\/shop\/wp-json\/wp\/v2\/product_cat?post=69368"},{"taxonomy":"product_tag","embeddable":true,"href":"https:\/\/hiphop4life.fr\/shop\/wp-json\/wp\/v2\/product_tag?post=69368"}],"curies":[{"name":"wp","href":"https:\/\/api.w.org\/{rel}","templated":true}]}}