{"id":69371,"date":"2022-01-14T16:21:05","date_gmt":"2022-01-14T15:21:05","guid":{"rendered":"http:\/\/hiphop4life.fr\/shop\/produit\/drake-if-youre-reading-this-its-too-late-vinyle\/"},"modified":"2023-02-01T17:09:47","modified_gmt":"2023-02-01T16:09:47","slug":"drake-if-youre-reading-this-its-too-late-vinyle","status":"publish","type":"product","link":"https:\/\/hiphop4life.fr\/shop\/produit\/drake-if-youre-reading-this-its-too-late-vinyle\/","title":{"rendered":"Drake &#8211; If You&rsquo;re Reading This It&rsquo;s Too Late [Vinyle]"},"content":{"rendered":"<div class=\"wpb-content-wrapper\"><p>[vc_row][vc_column width=\u00a0\u00bb1\/1&Prime;][vc_column_text]<em>If You&rsquo;re Reading This It&rsquo;s Too Late<\/em> est\u00a0le projet de Drake pr\u00e9f\u00e9r\u00e9 de toutes les personnes qui n&rsquo;aiment pas Drake !<br \/>\n\u00c0 l&rsquo;image de la cover, c&rsquo;est\u00a0brute, direct et sans fioriture, quasiment 100% rap et presque contre nature tant le c\u00f4t\u00e9 soft du canadien semble \u00e0 des ann\u00e9es lumi\u00e8res de morceaux comme <em>Energy<\/em>.<br \/>\nToujours plus influent, Drake lance la mode de l&rsquo;album surprise quand Boi-1da, 40 et Vinylz standardisent\u00a0le banger des ann\u00e9es \u00e0 venir, une production\u00a0froide et minimaliste qui emprunte aussi bien aux boucles d&rsquo;Havoc qu&rsquo;\u00e0 la 808 tr\u00e8s utilis\u00e9e dans la Trap Muzik.<br \/>\nDrake solidifie son statut contest\u00e9 de \u00ab\u00a0rappeur\u00a0\u00bb et prouve\u00a0\u00e0 nouveau son talent de songwriter \u00e0 travers ses refrains ent\u00eatants, ses punchlines \u00ab\u00a0Twitter-ready\u00a0\u00bb ou encore\u00a0cette\u00a0transition folle\u00a0qui en a traumatis\u00e9 plus d&rsquo;un \u00e0 l&rsquo;\u00e9coute de\u00a0<em>Know Yourself<\/em>.[\/vc_column_text][vc_single_image media=\u00a0\u00bb69372&Prime; media_width_percent=\u00a0\u00bb100&Prime;][vc_column_text]<\/p>\n<p><iframe src=\"https:\/\/embed.spotify.com\/?uri=spotify%3Aalbum%3A2bfWH730j0HtAJrNcg1LuP\" width=\"300\" height=\"380\" frameborder=\"0\"><\/iframe><\/p>\n<p><strong>Tracklist<\/strong><\/p>\n<p><em>1. Legend<\/em><br \/>\n<em>2. Energy<\/em><br \/>\n<em>3. 10 Bands<\/em><br \/>\n<em>4. Know Yourself<\/em><br \/>\n<em>5. No Tellin&rsquo;<\/em><br \/>\n<em>6. Madonna<\/em><br \/>\n<em>7. 6 God<\/em><br \/>\n<em>8. Star67<\/em><br \/>\n<em>9. Preach\u00a0(Ft.\u00a0PartyNextDoor)<\/em><br \/>\n<em>10. Wednesday Night Interlude\u00a0(Ft. PartyNextDoor)<\/em><br \/>\n<em>11. Used To\u00a0(Ft.\u00a0Lil Wayne)<\/em><br \/>\n<em>12. 6 Man<\/em><br \/>\n<em>13. Now &amp; Forever<\/em><br \/>\n<em>14. Company (Ft. Travis Scott) <\/em><br \/>\n<em>15. You &amp; the 6 <\/em><br \/>\n<em>16. Jungle <\/em><br \/>\n<em>17. 6PM in New York (Bonus track)<\/em><\/p>\n<p>L&rsquo;album et les meilleurs sons de Drake sont \u00e0 retrouver dans la playlist <em>Cartoon &amp; Cereal<\/em>, en exclusivit\u00e9\u00a0sur Hip-Hop 4 Life <a href=\"http:\/\/hiphop4life.fr\/chroniques\/playlists\/\">ici<\/a>.[\/vc_column_text][\/vc_column][\/vc_row]<\/p>\n<\/div>","protected":false},"excerpt":{"rendered":"<p><strong>Album :<\/strong> If You&rsquo;re Reading This It&rsquo;s Too Late<br \/>\n<strong>Artiste :<\/strong>\u00a0Drake<br \/>\n<strong>Etat :<\/strong>\u00a0Neuf<br \/>\n<strong>Format :<\/strong>\u00a0Vinyle, 2 LP, Album<br \/>\n<strong>Label :<\/strong>\u00a0Young Money &#8211; Cash Money Records<br \/>\n<strong>Edition :<\/strong> Originale<br \/>\n<strong>Date de sortie :<\/strong>\u00a02015<br \/>\n<strong>Genre :<\/strong>\u00a0Hip-Hop \/ Rap US<\/p>\n","protected":false},"featured_media":69373,"comment_status":"open","ping_status":"closed","template":"","meta":{"om_disable_all_campaigns":false,"_monsterinsights_skip_tracking":false,"_monsterinsights_sitenote_active":false,"_monsterinsights_sitenote_note":"","_monsterinsights_sitenote_category":0},"product_brand":[],"product_cat":[9206,6179],"product_tag":[6115,5325,5429,5855,7701,6129,5347,5326],"class_list":{"0":"post-69371","1":"product","2":"type-product","3":"status-publish","4":"has-post-thumbnail","6":"product_cat-new-school","7":"product_cat-soul-rnb","8":"product_tag-drake","9":"product_tag-hip-hop","10":"product_tag-if-youre-reading-this-its-too-late","11":"product_tag-new-school","12":"product_tag-original","13":"product_tag-ovo-sound","14":"product_tag-r-n-b","15":"product_tag-rap-us","16":"product_shipping_class-2-lp","18":"first","19":"instock","20":"taxable","21":"shipping-taxable","22":"purchasable","23":"product-type-simple"},"aioseo_notices":[],"_links":{"self":[{"href":"https:\/\/hiphop4life.fr\/shop\/wp-json\/wp\/v2\/product\/69371","targetHints":{"allow":["GET"]}}],"collection":[{"href":"https:\/\/hiphop4life.fr\/shop\/wp-json\/wp\/v2\/product"}],"about":[{"href":"https:\/\/hiphop4life.fr\/shop\/wp-json\/wp\/v2\/types\/product"}],"replies":[{"embeddable":true,"href":"https:\/\/hiphop4life.fr\/shop\/wp-json\/wp\/v2\/comments?post=69371"}],"wp:featuredmedia":[{"embeddable":true,"href":"https:\/\/hiphop4life.fr\/shop\/wp-json\/wp\/v2\/media\/69373"}],"wp:attachment":[{"href":"https:\/\/hiphop4life.fr\/shop\/wp-json\/wp\/v2\/media?parent=69371"}],"wp:term":[{"taxonomy":"product_brand","embeddable":true,"href":"https:\/\/hiphop4life.fr\/shop\/wp-json\/wp\/v2\/product_brand?post=69371"},{"taxonomy":"product_cat","embeddable":true,"href":"https:\/\/hiphop4life.fr\/shop\/wp-json\/wp\/v2\/product_cat?post=69371"},{"taxonomy":"product_tag","embeddable":true,"href":"https:\/\/hiphop4life.fr\/shop\/wp-json\/wp\/v2\/product_tag?post=69371"}],"curies":[{"name":"wp","href":"https:\/\/api.w.org\/{rel}","templated":true}]}}