{"id":69374,"date":"2022-01-14T16:59:33","date_gmt":"2022-01-14T15:59:33","guid":{"rendered":"http:\/\/hiphop4life.fr\/shop\/produit\/drake-take-care-vinyle\/"},"modified":"2023-04-04T17:02:42","modified_gmt":"2023-04-04T15:02:42","slug":"drake-take-care-vinyle","status":"publish","type":"product","link":"https:\/\/hiphop4life.fr\/shop\/produit\/drake-take-care-vinyle\/","title":{"rendered":"Drake &#8211; Take Care [Vinyle]"},"content":{"rendered":"<div class=\"wpb-content-wrapper\"><p>[vc_row][vc_column width=\u00a0\u00bb1\/1&Prime;][vc_column_text]Moins abouti que <em>Nothing Was The Same<\/em>, <em>Take Care<\/em>\u00a0n&rsquo;en reste pas moins l&rsquo;album fondamental\u00a0de la discographie de Drake,\u00a0celui qui l&rsquo;a plac\u00e9\u00a0au centre de gravit\u00e9\u00a0du rap,\u00a0du R&amp;B et de la pop et qui a influenc\u00e9 la musique pour les ann\u00e9es \u00e0 venir.<br \/>\nGrammy du meilleur album rap, n\u00b01 au Billboard, plus de 4 millions de copies vendus, <em>Take Care<\/em> est le point de d\u00e9part de la domination sans pr\u00e9c\u00e9dent de Drake qui bat aujourd&rsquo;hui les records de Michael Jackson.<br \/>\nLe Canadien est l&rsquo;artiste le plus influent de ces derni\u00e8res ann\u00e9es, tr\u00e8s loin des fronti\u00e8res du rap, il a cass\u00e9\u00a0les barri\u00e8res\u00a0entre les genres tout en les ma\u00eetrisant tous, il a pi\u00e9tin\u00e9\u00a0l\u2019ego du rappeur pour en faire ressortir sa sensibilit\u00e9, il a lanc\u00e9 une des plus grandes rivalit\u00e9s du rap et a pris la place de Jay-Z, <em>Lord Knows<\/em>.[\/vc_column_text][vc_single_image media=\u00a0\u00bb69377&Prime; media_width_percent=\u00a0\u00bb100&Prime;][vc_column_text]<iframe src=\"https:\/\/embed.spotify.com\/?uri=spotify%3Aalbum%3A6X1x82kppWZmDzlXXK3y3q\" width=\"300\" height=\"380\" frameborder=\"0\"><span data-mce-type=\"bookmark\" style=\"display: inline-block; width: 0px; overflow: hidden; line-height: 0;\" class=\"mce_SELRES_start\">\ufeff<\/span><\/iframe><\/p>\n<p><strong>Tracklist<\/strong><\/p>\n<p><em>1. Over My Dead Body<\/em><br \/>\n<em>2. Shot for Me<\/em><br \/>\n<em>3. Headlines <\/em><br \/>\n<em>4. Crew Love (Ft. The Weeknd) <\/em><br \/>\n<em>5. Take Care (Ft. Rihanna) <\/em><br \/>\n<em>6. Marvins Room <\/em><br \/>\n<em>7. Buried Alive Interlude (Ft. Kendrick Lamar) <\/em><br \/>\n<em>8. Under Ground Kings<\/em><br \/>\n<em>9. We&rsquo;ll Be Fine (Ft. Birdman)<\/em><br \/>\n<em>10. Make Me Proud (Ft. Nicki Minaj) <\/em><br \/>\n<em>11. Lord Knows (Ft. Rick Ross) <\/em><br \/>\n<em>12. Cameras \/ Good Ones Go Interlude<\/em><br \/>\n<em>13. Doing It Wrong <\/em><br \/>\n<em>14. The Real Her (Ft. Lil Wayne &amp; Andr\u00e9 3000) <\/em><br \/>\n<em>15. Look What You\u2019ve Done <\/em><br \/>\n<em>16. HYFR (Hell Ya Fucking Right) (Ft. Lil Wayne) <\/em><br \/>\n<em>17. Practice <\/em><br \/>\n<em>18. The Ride<\/em><\/p>\n<p>La chronique et le stream du dernier album de <strong>Drake<\/strong>, <em><strong>Views<\/strong><\/em>, sont dispo sur Hip-Hop 4 Life <a href=\"http:\/\/hiphop4life.fr\/chroniques\/drake-views-chronique\/\">ici<\/a>.[\/vc_column_text][\/vc_column][\/vc_row]<\/p>\n<\/div>","protected":false},"excerpt":{"rendered":"<p><strong>Album :<\/strong>\u00a0Take Care<br \/>\n<strong>Artiste :<\/strong>\u00a0Drake<br \/>\n<strong>Etat :<\/strong>\u00a0Neuf<br \/>\n<strong>Format :<\/strong>\u00a0Vinyle, 2 LP, Album<br \/>\n<strong>Label :<\/strong>\u00a0Young Money \/ Cash Money Records<br \/>\n<strong>Edition :<\/strong> Originale<br \/>\n<strong>Date de sortie :<\/strong>\u00a02011<br \/>\n<strong>Genre :<\/strong>\u00a0Hip-Hop \/ Rap US \/ R&amp;B \/ Pop<\/p>\n","protected":false},"featured_media":69376,"comment_status":"open","ping_status":"closed","template":"","meta":{"om_disable_all_campaigns":false,"_monsterinsights_skip_tracking":false,"_monsterinsights_sitenote_active":false,"_monsterinsights_sitenote_note":"","_monsterinsights_sitenote_category":0},"product_brand":[],"product_cat":[9206,6179],"product_tag":[6115,5325,5855,7701,6129,5875,5347,5326,6053],"class_list":{"0":"post-69374","1":"product","2":"type-product","3":"status-publish","4":"has-post-thumbnail","6":"product_cat-new-school","7":"product_cat-soul-rnb","8":"product_tag-drake","9":"product_tag-hip-hop","10":"product_tag-new-school","11":"product_tag-original","12":"product_tag-ovo-sound","13":"product_tag-pop","14":"product_tag-r-n-b","15":"product_tag-rap-us","16":"product_tag-take-care","17":"product_shipping_class-2-lp","19":"first","20":"instock","21":"taxable","22":"shipping-taxable","23":"purchasable","24":"product-type-simple"},"aioseo_notices":[],"_links":{"self":[{"href":"https:\/\/hiphop4life.fr\/shop\/wp-json\/wp\/v2\/product\/69374","targetHints":{"allow":["GET"]}}],"collection":[{"href":"https:\/\/hiphop4life.fr\/shop\/wp-json\/wp\/v2\/product"}],"about":[{"href":"https:\/\/hiphop4life.fr\/shop\/wp-json\/wp\/v2\/types\/product"}],"replies":[{"embeddable":true,"href":"https:\/\/hiphop4life.fr\/shop\/wp-json\/wp\/v2\/comments?post=69374"}],"wp:featuredmedia":[{"embeddable":true,"href":"https:\/\/hiphop4life.fr\/shop\/wp-json\/wp\/v2\/media\/69376"}],"wp:attachment":[{"href":"https:\/\/hiphop4life.fr\/shop\/wp-json\/wp\/v2\/media?parent=69374"}],"wp:term":[{"taxonomy":"product_brand","embeddable":true,"href":"https:\/\/hiphop4life.fr\/shop\/wp-json\/wp\/v2\/product_brand?post=69374"},{"taxonomy":"product_cat","embeddable":true,"href":"https:\/\/hiphop4life.fr\/shop\/wp-json\/wp\/v2\/product_cat?post=69374"},{"taxonomy":"product_tag","embeddable":true,"href":"https:\/\/hiphop4life.fr\/shop\/wp-json\/wp\/v2\/product_tag?post=69374"}],"curies":[{"name":"wp","href":"https:\/\/api.w.org\/{rel}","templated":true}]}}