{"id":69378,"date":"2016-01-07T11:16:50","date_gmt":"2016-01-07T10:16:50","guid":{"rendered":"http:\/\/hiphop4life.fr\/shop\/produit\/eminem-relapse-vinyle\/"},"modified":"2023-08-29T19:03:12","modified_gmt":"2023-08-29T17:03:12","slug":"eminem-relapse-vinyle","status":"publish","type":"product","link":"https:\/\/hiphop4life.fr\/shop\/produit\/eminem-relapse-vinyle\/","title":{"rendered":"Eminem &#8211; Relapse [Vinyle]"},"content":{"rendered":"<div class=\"wpb-content-wrapper\"><p>[vc_row][vc_column width=\u00a0\u00bb1\/1&Prime;][vc_column_text]L&rsquo;album le plus sous-estim\u00e9 d&rsquo;Eminem.<\/p>\n<p>De retour apr\u00e8s des ann\u00e9es loin de la musique, rong\u00e9 par les\u00a0drogues et la d\u00e9pression suite \u00e0 la mort de son pote Proof,\u00a0Eminem a enfin rechut\u00e9 dans le rap mais\u00a0a \u00e9t\u00e9 snob\u00e9 par la critique \u00e0 cause d&rsquo;un accent&#8230; C&rsquo;est en fait le dernier tr\u00e8s bon album\u00a0de Slim Shady, tout ce qu&rsquo;il va sortir apr\u00e8s sera catastrophique.<br \/>\nDr. Dre produit tout l&rsquo;album et donne\u00a0sa derni\u00e8re prescription \u00e0 l&rsquo;\u00e2me tortur\u00e9e du meilleur rappeur des ann\u00e9es 2000, celui qu&rsquo;on verra par la suite sera un fant\u00f4me aux joues creus\u00e9es, l&rsquo;ombre d&rsquo;un g\u00e9ant qui ne rena\u00eetra plus.[\/vc_column_text][vc_single_image media=\u00a0\u00bb69379&Prime; media_width_percent=\u00a0\u00bb100&Prime;][vc_column_text]<\/p>\n<p><iframe src=\"https:\/\/embed.spotify.com\/?uri=spotify%3Aalbum%3A04r9yvH25PwePggAYZQYq8\" width=\"300\" height=\"380\" frameborder=\"0\"><\/iframe><\/p>\n<p><strong>Tracklist<\/strong><\/p>\n<p><em>1. Dr. West (skit)<\/em><br \/>\n<em>2. 3 a.m.<\/em><br \/>\n<em>3. My Mom<\/em><br \/>\n<em>4. Insane<\/em><br \/>\n<em>5. Bagpipes from Baghdad<\/em><br \/>\n<em>6. Hello<\/em><br \/>\n<em>7. Tonya (skit)<\/em><br \/>\n<em>8. Same Song &amp; Dance<\/em><br \/>\n<em>9. We Made You<\/em><br \/>\n<em>10. Medicine Ball<\/em><br \/>\n<em>11. Paul (skit)<\/em><br \/>\n<em>12. Stay Wide Awake<\/em><br \/>\n<em>13. Old Time&rsquo;s Sake (Ft. Dr. Dre)<\/em><br \/>\n<em>14. Must Be the Ganja<\/em><br \/>\n<em>15. Mr. Mathers (skit)<\/em><br \/>\n<em>16. D\u00e9j\u00e0 Vu<\/em><br \/>\n<em>17. Beautiful<\/em><br \/>\n<em>18. Crack a Bottle (Ft. Dr. Dre &amp; 50 Cent)<\/em><br \/>\n<em>19. Steve Berman (skit)<\/em><br \/>\n<em>20. Underground \/ Ken Kaniff<\/em><\/p>\n<p>Tous les classiques d&rsquo;<strong>Eminem<\/strong> sont \u00e0 retrouver dans la playlist Hip-Hop 4 Life : <a href=\"http:\/\/hiphop4life.fr\/chroniques\/playlists\/\">G-Unit &#8211; Shady &#8211; Aftermath<\/a>.<em><br \/>\n<\/em>[\/vc_column_text][\/vc_column][\/vc_row]<\/p>\n<\/div>","protected":false},"excerpt":{"rendered":"<p><strong>Album :<\/strong>\u00a0Relapse<br \/>\n<strong>Artiste :<\/strong>\u00a0Eminem<br \/>\n<strong>Etat :<\/strong>\u00a0Neuf<br \/>\n<strong>Format :<\/strong>\u00a0Vinyle, 2 LP, Album<br \/>\n<strong>Label :<\/strong>\u00a0Aftermath<br \/>\n<strong>Edition :<\/strong> Originale<br \/>\n<strong>Date de sortie :<\/strong>\u00a02009<br \/>\n<strong>Genre :<\/strong>\u00a0Hip-Hop \/ Rap US<\/p>\n","protected":false},"featured_media":69380,"comment_status":"open","ping_status":"closed","template":"","meta":{"om_disable_all_campaigns":false,"_monsterinsights_skip_tracking":false,"_monsterinsights_sitenote_active":false,"_monsterinsights_sitenote_note":"","_monsterinsights_sitenote_category":0},"product_brand":[],"product_cat":[6172,6177],"product_tag":[5374,5887,6051,5344,6059,5325,7701,5326,6044,6041],"class_list":{"0":"post-69378","1":"product","2":"type-product","3":"status-publish","4":"has-post-thumbnail","6":"product_cat-2000s","7":"product_cat-midwest","8":"product_tag-2000s","9":"product_tag-aftermath","10":"product_tag-detroit","11":"product_tag-dr-dre","12":"product_tag-eminem","13":"product_tag-hip-hop","14":"product_tag-original","15":"product_tag-rap-us","16":"product_tag-relapse","17":"product_tag-shady-records","18":"product_shipping_class-2-lp","20":"first","21":"outofstock","22":"taxable","23":"shipping-taxable","24":"purchasable","25":"product-type-simple"},"aioseo_notices":[],"_links":{"self":[{"href":"https:\/\/hiphop4life.fr\/shop\/wp-json\/wp\/v2\/product\/69378","targetHints":{"allow":["GET"]}}],"collection":[{"href":"https:\/\/hiphop4life.fr\/shop\/wp-json\/wp\/v2\/product"}],"about":[{"href":"https:\/\/hiphop4life.fr\/shop\/wp-json\/wp\/v2\/types\/product"}],"replies":[{"embeddable":true,"href":"https:\/\/hiphop4life.fr\/shop\/wp-json\/wp\/v2\/comments?post=69378"}],"wp:featuredmedia":[{"embeddable":true,"href":"https:\/\/hiphop4life.fr\/shop\/wp-json\/wp\/v2\/media\/69380"}],"wp:attachment":[{"href":"https:\/\/hiphop4life.fr\/shop\/wp-json\/wp\/v2\/media?parent=69378"}],"wp:term":[{"taxonomy":"product_brand","embeddable":true,"href":"https:\/\/hiphop4life.fr\/shop\/wp-json\/wp\/v2\/product_brand?post=69378"},{"taxonomy":"product_cat","embeddable":true,"href":"https:\/\/hiphop4life.fr\/shop\/wp-json\/wp\/v2\/product_cat?post=69378"},{"taxonomy":"product_tag","embeddable":true,"href":"https:\/\/hiphop4life.fr\/shop\/wp-json\/wp\/v2\/product_tag?post=69378"}],"curies":[{"name":"wp","href":"https:\/\/api.w.org\/{rel}","templated":true}]}}