{"id":69381,"date":"2016-01-12T17:34:21","date_gmt":"2016-01-12T16:34:21","guid":{"rendered":"http:\/\/hiphop4life.fr\/shop\/produit\/eminem-the-eminem-show-vinyle\/"},"modified":"2024-04-26T18:39:09","modified_gmt":"2024-04-26T16:39:09","slug":"eminem-the-eminem-show-vinyle","status":"publish","type":"product","link":"https:\/\/hiphop4life.fr\/shop\/produit\/eminem-the-eminem-show-vinyle\/","title":{"rendered":"Eminem &#8211; The Eminem Show [Vinyle]"},"content":{"rendered":"<div class=\"wpb-content-wrapper\"><p>[vc_row][vc_column width=\u00a0\u00bb1\/1&Prime;][vc_column_text]Le Eminem du d\u00e9but des ann\u00e9es 2000 \u00e9tait instoppable et incont\u00f4lable, un MC si talentueux qu&rsquo;il n&rsquo;a m\u00eame plus eu besoin de Dr. Dre\u00a0pour briller.<br \/>\nLe Docteur\u00a0se met en retrait et se cantonne \u00e0 trois\u00a0beats, qu&rsquo;importe, c&rsquo;est le show Eminem, ses prods sont moins complexes\u00a0que celles de Dre mais donnent une profondeur insoup\u00e7onn\u00e9e \u00e0 sa musique.<br \/>\nPlus mature que ses pr\u00e9d\u00e9cesseurs, plus Marshall que Slim Shady, son\u00a0talent au mic\u00a0reste le clou du spectacle,\u00a0on\u00a0retrouve \u00e9videmment tous les \u00e9l\u00e9ments qui font d&rsquo;Em un rappeur \u00e0 part, un flow \u00e0 couper le souffle, une rage au micro, une technique impressionnante, une sinc\u00e9rit\u00e9 choquante, une insolence jouissive\u00a0et une subversion abrasive\u00a0dont l&rsquo;Am\u00e9rique aurait bien besoin aujourd&rsquo;hui.[\/vc_column_text][vc_single_image media=\u00a0\u00bb69382&Prime; media_width_percent=\u00a0\u00bb100&Prime;][vc_column_text]<iframe src=\"https:\/\/embed.spotify.com\/?uri=spotify%3Aalbum%3A2cWBwpqMsDJC1ZUwz813lo\" width=\"300\" height=\"380\" frameborder=\"0\"><span data-mce-type=\"bookmark\" style=\"display: inline-block; width: 0px; overflow: hidden; line-height: 0;\" class=\"mce_SELRES_start\">\ufeff<\/span><\/iframe><\/p>\n<p><strong>Tracklist<\/strong><\/p>\n<p><em>1. Curtains Up (skit)<\/em><br \/>\n<em>2. White America<\/em><br \/>\n<em>3. Business<\/em><br \/>\n<em>4. Cleanin&rsquo; Out My Closet<\/em><br \/>\n<em>5. Square Dance<\/em><br \/>\n<em>6. The Kiss (skit)<\/em><br \/>\n<em>7. Soldier<\/em><br \/>\n<em>8. Say Goodbye Hollywood<\/em><br \/>\n<em>9. Drips (Ft. Obie Trice)<\/em><br \/>\n<em>10. Without Me<\/em><br \/>\n<em>11. Paul Rosenberg (skit)<\/em><br \/>\n<em>12. Sing for the Moment<\/em><br \/>\n<em>13. Superman (Ft. Dina Rae)<\/em><br \/>\n<em>14. Hailie&rsquo;s Song<\/em><br \/>\n<em>15. Steve Berman (skit)<\/em><br \/>\n<em>16. When the Music Stops (Ft. D12)<\/em><br \/>\n<em>17. Say What You Say (Ft. Dr. Dre)<\/em><br \/>\n<em>18. &lsquo;Till I Collapse (Ft. Nate Dogg)<\/em><br \/>\n<em>19. My Dad&rsquo;s Gone Crazy (Ft. Hailie Jade)<\/em><br \/>\n<em>20. Curtains Close (skit)<\/em><\/p>\n<p>Tous les classiques d&rsquo;<strong>Eminem<\/strong> sont \u00e0 retrouver dans la playlist Hip-Hop 4 Life : <a href=\"http:\/\/hiphop4life.fr\/chroniques\/playlists\/\">G-Unit &#8211; Shady &#8211; Aftermath<\/a>.<em><br \/>\n<\/em>[\/vc_column_text][\/vc_column][\/vc_row]<\/p>\n<\/div>","protected":false},"excerpt":{"rendered":"<p><strong>Album :<\/strong>\u00a0The Eminem Show<br \/>\n<strong>Artiste :<\/strong>\u00a0Eminem<br \/>\n<strong>Etat :<\/strong>\u00a0Neuf<br \/>\n<strong>Format :<\/strong>\u00a0Vinyle, 2 LP, Album<br \/>\n<strong>Label :<\/strong>\u00a0Aftermath<br \/>\n<strong>Edition :<\/strong> Originale<br \/>\n<strong>Date de sortie :<\/strong>\u00a02002<br \/>\n<strong>Genre :<\/strong>\u00a0Hip-Hop \/ Rap US<\/p>\n","protected":false},"featured_media":69383,"comment_status":"open","ping_status":"closed","template":"","meta":{"om_disable_all_campaigns":false,"_monsterinsights_skip_tracking":false,"_monsterinsights_sitenote_active":false,"_monsterinsights_sitenote_note":"","_monsterinsights_sitenote_category":0},"product_brand":[],"product_cat":[6172,6177],"product_tag":[5374,5887,6051,5344,6059,5325,7701,5326,6041,6045],"class_list":{"0":"post-69381","1":"product","2":"type-product","3":"status-publish","4":"has-post-thumbnail","6":"product_cat-2000s","7":"product_cat-midwest","8":"product_tag-2000s","9":"product_tag-aftermath","10":"product_tag-detroit","11":"product_tag-dr-dre","12":"product_tag-eminem","13":"product_tag-hip-hop","14":"product_tag-original","15":"product_tag-rap-us","16":"product_tag-shady-records","17":"product_tag-the-eminem-show","18":"product_shipping_class-2-lp","20":"first","21":"outofstock","22":"taxable","23":"shipping-taxable","24":"purchasable","25":"product-type-simple"},"aioseo_notices":[],"_links":{"self":[{"href":"https:\/\/hiphop4life.fr\/shop\/wp-json\/wp\/v2\/product\/69381","targetHints":{"allow":["GET"]}}],"collection":[{"href":"https:\/\/hiphop4life.fr\/shop\/wp-json\/wp\/v2\/product"}],"about":[{"href":"https:\/\/hiphop4life.fr\/shop\/wp-json\/wp\/v2\/types\/product"}],"replies":[{"embeddable":true,"href":"https:\/\/hiphop4life.fr\/shop\/wp-json\/wp\/v2\/comments?post=69381"}],"wp:featuredmedia":[{"embeddable":true,"href":"https:\/\/hiphop4life.fr\/shop\/wp-json\/wp\/v2\/media\/69383"}],"wp:attachment":[{"href":"https:\/\/hiphop4life.fr\/shop\/wp-json\/wp\/v2\/media?parent=69381"}],"wp:term":[{"taxonomy":"product_brand","embeddable":true,"href":"https:\/\/hiphop4life.fr\/shop\/wp-json\/wp\/v2\/product_brand?post=69381"},{"taxonomy":"product_cat","embeddable":true,"href":"https:\/\/hiphop4life.fr\/shop\/wp-json\/wp\/v2\/product_cat?post=69381"},{"taxonomy":"product_tag","embeddable":true,"href":"https:\/\/hiphop4life.fr\/shop\/wp-json\/wp\/v2\/product_tag?post=69381"}],"curies":[{"name":"wp","href":"https:\/\/api.w.org\/{rel}","templated":true}]}}