{"id":69400,"date":"2016-12-14T19:04:47","date_gmt":"2016-12-14T18:04:47","guid":{"rendered":"http:\/\/hiphop4life.fr\/shop\/produit\/gorillaz-plastic-beach-vinyle\/"},"modified":"2024-02-16T13:19:39","modified_gmt":"2024-02-16T12:19:39","slug":"gorillaz-plastic-beach-vinyle","status":"publish","type":"product","link":"https:\/\/hiphop4life.fr\/shop\/produit\/gorillaz-plastic-beach-vinyle\/","title":{"rendered":"Gorillaz &#8211; Plastic Beach [Vinyle]"},"content":{"rendered":"<div class=\"wpb-content-wrapper\"><p>[vc_row][vc_column width=\u00a0\u00bb1\/1&Prime;][vc_column_text]On retrouve avec un plaisir non dissimul\u00e9 nos potes 2D, Murdoc, Russel et Noodles, les traits vieillis, nos 4 comp\u00e8res n&rsquo;ont rien perdu de leur folie et nous enm\u00e8ne sur une \u00eele d\u00e9serte construite sur des d\u00e9chets pour nous parler de consum\u00e9risme et d&rsquo;\u00e9cologie !<br \/>\nOn y croise Snoop Dogg, Mos Def, Bobby Womack, De La Soul ou encore Lou Reed, un panel \u00e9clectique qui exacerbe le g\u00e9nie cr\u00e9atif de Damon Albarn qui signe sur cet album quelques chefs d&rsquo;oeuvre comme le m\u00e9lancolique\u00a0<em>Empire Ants<\/em> avec Imagine Dragon, la course poursuite \u00e9lectrisante, <em>Stylo<\/em>, avec Mos Def et Bobby Womack au volant ou le d\u00e9licieusement nostalgique <em>Melancholy Hill<\/em>.[\/vc_column_text][vc_single_image media=\u00a0\u00bb69402&Prime; media_width_percent=\u00a0\u00bb100&Prime;][vc_column_text]<\/p>\n<p><iframe src=\"https:\/\/embed.spotify.com\/?uri=spotify%3Aalbum%3A2dIGnmEIy1WZIcZCFSj6i8\" width=\"300\" height=\"380\" frameborder=\"0\"><\/iframe><\/p>\n<p><strong>Tracklist<\/strong><\/p>\n<p><em>1. Orchestral Intro (Ft. Sinfonia ViVa)<\/em><br \/>\n<em>2. Welcome to the World of the Plastic Beach (Ft. Snoop Dogg) <\/em><br \/>\n<em>3. White Flag (Ft. Bashy, Kano &amp; The National Orchestra for Arabic Music) <\/em><br \/>\n<em>4. Rhinestone Eyes<\/em><br \/>\n<em>5. Stylo (Ft. Mos Def &amp; Bobby Womack) <\/em><br \/>\n<em>6. Superfast Jellyfish (Ft. De La Soul &amp; Gruff Rhys) <\/em><br \/>\n<em>7. Empire Ants (Ft. Yukimi Nagano) <\/em><br \/>\n<em>8. Glitter Freeze (Ft. Mark E. Smith) <\/em><br \/>\n<em>9. Some Kind of Nature (Ft. Lou Reed) <\/em><br \/>\n<em>10. On Melancholy Hill<\/em><br \/>\n<em>11. Broken<\/em><br \/>\n<em>12. Sweepstakes (Ft. Mos Def) <\/em><br \/>\n<em>13. Plastic Beach (Ft. Mick Jones &amp; Paul Simonon)<\/em><br \/>\n<em>14. To Binge (Ft. Yukimi Nagano) <\/em><br \/>\n<em>15. Cloud of Unknowing (Ft. Bobby Womack &amp; Sinfonia ViVa)<\/em><br \/>\n<em>16. Pirate Jet<\/em><\/p>\n<p><strong>Gorillaz<\/strong>\u00a0est enfin de retour avec son nouvel album\u00a0<em><strong>\u00ab\u00a0Humanz\u00a0\u00bb<\/strong><\/em>\u00a0\u00e0 \u00e9couter sur Hip-Hop 4 Life <a href=\"http:\/\/hiphop4life.fr\/news\/gorillaz-humanz-album-stream\/\">ici<\/a>.[\/vc_column_text][\/vc_column][\/vc_row]<\/p>\n<\/div>","protected":false},"excerpt":{"rendered":"<p><strong>Album :<\/strong>\u00a0Plastic Beach<br \/>\n<strong>Artiste :<\/strong>\u00a0Gorillaz<br \/>\n<strong>Etat :<\/strong>\u00a0Neuf<br \/>\n<strong>Format :<\/strong>\u00a0Vinyle, 2 LP, Album<br \/>\n<strong>Label :<\/strong> Parlophone<br \/>\n<strong>Edition :<\/strong> Originale<br \/>\n<strong>Date de sortie :<\/strong>\u00a02010<br \/>\n<strong>Genre :<\/strong> Rock \/ Electro \/ Funk \/\u00a0Hip-Hop \/ Pop \/ Trip-Hop<\/p>\n","protected":false},"featured_media":70272,"comment_status":"open","ping_status":"closed","template":"","meta":{"om_disable_all_campaigns":false,"_monsterinsights_skip_tracking":false,"_monsterinsights_sitenote_active":false,"_monsterinsights_sitenote_note":"","_monsterinsights_sitenote_category":0},"product_brand":[],"product_cat":[6172,8053],"product_tag":[5374,5877,5873,6027,5325,7701,6025,5875,7056,5380,7392],"class_list":{"0":"post-69400","1":"product","2":"type-product","3":"status-publish","4":"has-post-thumbnail","6":"product_cat-2000s","7":"product_cat-uk","8":"product_tag-2000s","9":"product_tag-electro","10":"product_tag-funk","11":"product_tag-gorillaz","12":"product_tag-hip-hop","13":"product_tag-original","14":"product_tag-plastic-beach","15":"product_tag-pop","16":"product_tag-rap-uk","17":"product_tag-rock","18":"product_tag-trip-hop","19":"product_shipping_class-2-lp","21":"first","22":"outofstock","23":"taxable","24":"shipping-taxable","25":"purchasable","26":"product-type-simple"},"aioseo_notices":[],"_links":{"self":[{"href":"https:\/\/hiphop4life.fr\/shop\/wp-json\/wp\/v2\/product\/69400","targetHints":{"allow":["GET"]}}],"collection":[{"href":"https:\/\/hiphop4life.fr\/shop\/wp-json\/wp\/v2\/product"}],"about":[{"href":"https:\/\/hiphop4life.fr\/shop\/wp-json\/wp\/v2\/types\/product"}],"replies":[{"embeddable":true,"href":"https:\/\/hiphop4life.fr\/shop\/wp-json\/wp\/v2\/comments?post=69400"}],"wp:featuredmedia":[{"embeddable":true,"href":"https:\/\/hiphop4life.fr\/shop\/wp-json\/wp\/v2\/media\/70272"}],"wp:attachment":[{"href":"https:\/\/hiphop4life.fr\/shop\/wp-json\/wp\/v2\/media?parent=69400"}],"wp:term":[{"taxonomy":"product_brand","embeddable":true,"href":"https:\/\/hiphop4life.fr\/shop\/wp-json\/wp\/v2\/product_brand?post=69400"},{"taxonomy":"product_cat","embeddable":true,"href":"https:\/\/hiphop4life.fr\/shop\/wp-json\/wp\/v2\/product_cat?post=69400"},{"taxonomy":"product_tag","embeddable":true,"href":"https:\/\/hiphop4life.fr\/shop\/wp-json\/wp\/v2\/product_tag?post=69400"}],"curies":[{"name":"wp","href":"https:\/\/api.w.org\/{rel}","templated":true}]}}