{"id":69404,"date":"2016-01-07T19:16:27","date_gmt":"2016-01-07T18:16:27","guid":{"rendered":"http:\/\/hiphop4life.fr\/shop\/produit\/guru-jazzmatazz-vinyle\/"},"modified":"2023-04-12T17:24:52","modified_gmt":"2023-04-12T15:24:52","slug":"guru-jazzmatazz-vinyle","status":"publish","type":"product","link":"https:\/\/hiphop4life.fr\/shop\/produit\/guru-jazzmatazz-vinyle\/","title":{"rendered":"Guru &#8211; Jazzmatazz [Vinyle]"},"content":{"rendered":"<div class=\"wpb-content-wrapper\"><p>[vc_row][vc_column width=\u00a0\u00bb1\/1&Prime;][vc_column_text]Guru\u00a0s&rsquo;\u00e9loigne un instant du boom-bap signature\u00a0de DJ Premier pour pr\u00eater sa voix de velours et son flow nonchalant \u00e0 un live band de jazzmen de l\u00e9gende constitu\u00e9 de\u00a0Lonnie Liston Smith, Branford Marsalis, Ronny Jordan, Donald Byrd\u00a0et\u00a0Roy Ayers.<br \/>\nMoins mythique que les classiques de Gang Starr, ce premier solo de Guru l&rsquo;installe comme une figure incontournable d&rsquo;un rap alternatif, intelligent et organique, le meilleur opus de la s\u00e9rie\u00a0<em>Jazzmatazz<\/em>\u00a0et\u00a0un album r\u00e9f\u00e9rence du Jazz Rap.[\/vc_column_text][vc_single_image media=\u00a0\u00bb69405&Prime; media_width_percent=\u00a0\u00bb100&Prime;][vc_column_text]<\/p>\n<p><iframe src=\"https:\/\/embed.spotify.com\/?uri=spotify%3Aalbum%3A64J8girYqmK86ebqBayrjQ\" width=\"300\" height=\"380\" frameborder=\"0\"><\/iframe><\/p>\n<p><strong>Tracklist<\/strong><\/p>\n<p><em>1. Introduction<\/em><br \/>\n<em>2. Loungin&rsquo; (Ft. Donald Byrd)<\/em><br \/>\n<em>3. When You&rsquo;re Near (Ft. N&rsquo;Dea Davenport &amp; Simon Law)<\/em><br \/>\n<em>4. Transit Ride (Ft. Branford Marsalis &amp; Zachary Breaux)<\/em><br \/>\n<em>5. No Time to Play (Ft. Ronny Jordan &amp; Big Shug)<\/em><br \/>\n<em>6. Down the Backstreets (Ft. Lonnie Liston Smith)<\/em><br \/>\n<em>7. Respectful Dedications<\/em><br \/>\n<em>8. Take a Look (At Yourself) (Ft. Roy Ayers)<\/em><br \/>\n<em>9. Trust Me (Ft. N&rsquo;Dea Davenport)<\/em><br \/>\n<em>10. Slicker Than Most (Ft. Gary Barnacle)<\/em><br \/>\n<em>11. Le Bien, Le Mal (Ft. MC Solaar)<\/em><br \/>\n<em>12. Sights in the City (Ft. Courtney Pine, Carleen Anderson &amp; Simon Law)<\/em><\/p>\n<p>Pour les fans de <strong>Gang Starr<\/strong>, la chronique de leur classique, <em><strong>Moment Of Truth<\/strong><\/em>, est \u00e0 lire sur Hip-Hop 4 Life <a href=\"http:\/\/hiphop4life.fr\/chroniques\/moment-of-truth\/\">ici<\/a>.<\/p>\n<p>Les meilleurs morceaux de <strong>Guru<\/strong> avec <strong>Gang Starr<\/strong> sont \u00e0 \u00e9couter dans la playlist Hip-Hop 4 Life : <a href=\"http:\/\/hiphop4life.fr\/chroniques\/playlists\/\">Preemo<\/a>.[\/vc_column_text][\/vc_column][\/vc_row]<\/p>\n<\/div>","protected":false},"excerpt":{"rendered":"<p><strong>Album :<\/strong>\u00a0Jazzmataz, Vol. 1<br \/>\n<strong>Artiste :<\/strong>\u00a0Guru<br \/>\n<strong>Etat :<\/strong>\u00a0Neuf<br \/>\n<strong>Format :<\/strong>\u00a0Vinyle, LP, Album<br \/>\n<strong>Label :<\/strong>\u00a0Chrysalis Records<br \/>\n<strong>Edition :<\/strong> R\u00e9\u00e9dition \u00ab\u00a0Music On Vinyl\u00a0\u00bb &#8211; 180g Audiophile<br \/>\n<strong>Date de sortie :<\/strong>\u00a01993<br \/>\n<strong>Genre :<\/strong>\u00a0Hip-Hop \/ Rap US \/ Jazz Rap \/ Jazz \/ Rap Conscient<\/p>\n","protected":false},"featured_media":69406,"comment_status":"open","ping_status":"closed","template":"","meta":{"om_disable_all_campaigns":false,"_monsterinsights_skip_tracking":false,"_monsterinsights_sitenote_active":false,"_monsterinsights_sitenote_note":"","_monsterinsights_sitenote_category":0},"product_brand":[],"product_cat":[6174,6171],"product_tag":[7705,5447,5337,6021,5339,5446,5325,6101,6131,6019,5361,5326,7693],"class_list":{"0":"post-69404","1":"product","2":"type-product","3":"status-publish","4":"has-post-thumbnail","6":"product_cat-east-coast","7":"product_cat-golden-age","8":"product_tag-180g","9":"product_tag-dj-premier","10":"product_tag-east-coast","11":"product_tag-gang-starr","12":"product_tag-golden-age","13":"product_tag-guru","14":"product_tag-hip-hop","15":"product_tag-jazz","16":"product_tag-jazz-rap","17":"product_tag-jazzmatazz","18":"product_tag-rap-conscient","19":"product_tag-rap-us","20":"product_tag-reedition","21":"product_shipping_class-lp","23":"first","24":"outofstock","25":"taxable","26":"shipping-taxable","27":"purchasable","28":"product-type-simple"},"aioseo_notices":[],"_links":{"self":[{"href":"https:\/\/hiphop4life.fr\/shop\/wp-json\/wp\/v2\/product\/69404","targetHints":{"allow":["GET"]}}],"collection":[{"href":"https:\/\/hiphop4life.fr\/shop\/wp-json\/wp\/v2\/product"}],"about":[{"href":"https:\/\/hiphop4life.fr\/shop\/wp-json\/wp\/v2\/types\/product"}],"replies":[{"embeddable":true,"href":"https:\/\/hiphop4life.fr\/shop\/wp-json\/wp\/v2\/comments?post=69404"}],"wp:featuredmedia":[{"embeddable":true,"href":"https:\/\/hiphop4life.fr\/shop\/wp-json\/wp\/v2\/media\/69406"}],"wp:attachment":[{"href":"https:\/\/hiphop4life.fr\/shop\/wp-json\/wp\/v2\/media?parent=69404"}],"wp:term":[{"taxonomy":"product_brand","embeddable":true,"href":"https:\/\/hiphop4life.fr\/shop\/wp-json\/wp\/v2\/product_brand?post=69404"},{"taxonomy":"product_cat","embeddable":true,"href":"https:\/\/hiphop4life.fr\/shop\/wp-json\/wp\/v2\/product_cat?post=69404"},{"taxonomy":"product_tag","embeddable":true,"href":"https:\/\/hiphop4life.fr\/shop\/wp-json\/wp\/v2\/product_tag?post=69404"}],"curies":[{"name":"wp","href":"https:\/\/api.w.org\/{rel}","templated":true}]}}