{"id":69407,"date":"2022-01-14T19:27:47","date_gmt":"2022-01-14T18:27:47","guid":{"rendered":"http:\/\/hiphop4life.fr\/shop\/produit\/lauryn-hill-the-miseducation-of-lauryn-hill-vinyle\/"},"modified":"2025-04-24T00:13:28","modified_gmt":"2025-04-23T22:13:28","slug":"lauryn-hill-the-miseducation-of-lauryn-hill-vinyle","status":"publish","type":"product","link":"https:\/\/hiphop4life.fr\/shop\/produit\/lauryn-hill-the-miseducation-of-lauryn-hill-vinyle\/","title":{"rendered":"Lauryn Hill &#8211; The Miseducation of Lauryn Hill [Vinyle]"},"content":{"rendered":"<div class=\"wpb-content-wrapper\"><p>[vc_row][vc_column width=\u00a0\u00bb1\/1&Prime;][vc_column_text]La carri\u00e8re de Lauryn Hill fut courte mais fulgurante,\u00a0cette \u00e9toile filante a d&rsquo;abord brill\u00e9 en groupe avec les <a href=\"http:\/\/hiphop4life.fr\/shop\/product\/fugees-the-score-vinyle\/\">Fugees<\/a> avant d&rsquo;exploser en solo avec le chef d&rsquo;oeuvre <em>\u00ab\u00a0The Miseducation of Lauryn Hill\u00a0\u00bb<\/em>.<br \/>\nR\u00e9compens\u00e9 de 5 Grammy Awards dont celui d&rsquo;album de l&rsquo;ann\u00e9e, une premi\u00e8re pour un album hip-hop,\u00a0ce classique\u00a0retentissant a hiss\u00e9 Ms. Lauryn Hill au statut de meilleure rappeuse de tous les temps.[\/vc_column_text][vc_single_image media=\u00a0\u00bb69410&Prime; media_width_percent=\u00a0\u00bb100&Prime;][vc_column_text]<\/p>\n<p><iframe src=\"https:\/\/embed.spotify.com\/?uri=spotify%3Aalbum%3A2Uc0HAF0Cj0LAgyzYZX5e3\" width=\"300\" height=\"380\" frameborder=\"0\"><\/iframe><\/p>\n<p><strong>Tracklist<\/strong><\/p>\n<p><em>1. Intro<\/em><br \/>\n<em>2. Lost Ones<\/em><br \/>\n<em>3. Ex-Factor<\/em><br \/>\n<em>4. To Zion (Ft. Carlos Santana)<\/em><br \/>\n<em>5. Doo Wop (That Thing)<\/em><br \/>\n<em>6. Superstar<\/em><br \/>\n<em>7. Final Hour<\/em><br \/>\n<em>8. When It Hurts So Bad<\/em><br \/>\n<em>9. I Used to Love Him (Ft. Mary J. Blige)<\/em><br \/>\n<em>10. Forgive Them Father<\/em><br \/>\n<em>11. Every Ghetto, Every City<\/em><br \/>\n<em>12. Nothing Even Matters (Ft. D&rsquo;Angelo)<\/em><br \/>\n<em>13. Everything Is Everything<\/em><br \/>\n<em>14. The Miseducation of Lauryn Hill<\/em><\/p>\n<p>Les meilleurs sons rap de NYC sont \u00e0 kiffer dans la playlist Hip-Hop 4 Life : <a href=\"http:\/\/hiphop4life.fr\/chroniques\/playlists\/\">NY State Of Mind<\/a>.[\/vc_column_text][\/vc_column][\/vc_row]<\/p>\n<\/div>","protected":false},"excerpt":{"rendered":"<p><strong>Album :<\/strong>\u00a0The\u00a0Miseducation of Lauryn Hill<br \/>\n<strong>Artiste :<\/strong>\u00a0Lauryn Hill<br \/>\n<strong>Etat :<\/strong>\u00a0Neuf<br \/>\n<strong>Format :<\/strong>\u00a0Vinyle, 2 LP, Album<br \/>\n<strong>Label :<\/strong>\u00a0Sony Music<br \/>\n<strong>Edition : <\/strong>R\u00e9\u00e9dition 2014 \u00ab\u00a0Legacy Vinyl\u00a0\u00bb &#8211; 180g Audiophile<br \/>\n<strong>Date de sortie :<\/strong>\u00a01998<br \/>\n<strong>Genre :<\/strong>\u00a0Hip-Hop \/ Rap US \/ Soul \/\u00a0R&amp;B<\/p>\n","protected":false},"featured_media":69408,"comment_status":"open","ping_status":"closed","template":"","meta":{"om_disable_all_campaigns":false,"_monsterinsights_skip_tracking":false,"_monsterinsights_sitenote_active":false,"_monsterinsights_sitenote_note":"","_monsterinsights_sitenote_category":0},"product_brand":[],"product_cat":[6174,6171,6179],"product_tag":[7705,5337,6037,5339,5325,6035,5347,5326,7693,5378,6017],"class_list":{"0":"post-69407","1":"product","2":"type-product","3":"status-publish","4":"has-post-thumbnail","6":"product_cat-east-coast","7":"product_cat-golden-age","8":"product_cat-soul-rnb","9":"product_tag-180g","10":"product_tag-east-coast","11":"product_tag-fugees","12":"product_tag-golden-age","13":"product_tag-hip-hop","14":"product_tag-lauryn-hill","15":"product_tag-r-n-b","16":"product_tag-rap-us","17":"product_tag-reedition","18":"product_tag-soul","19":"product_tag-the-miseducation-of-lauryn-hill","20":"product_shipping_class-2-lp","22":"first","23":"outofstock","24":"taxable","25":"shipping-taxable","26":"purchasable","27":"product-type-simple"},"aioseo_notices":[],"_links":{"self":[{"href":"https:\/\/hiphop4life.fr\/shop\/wp-json\/wp\/v2\/product\/69407","targetHints":{"allow":["GET"]}}],"collection":[{"href":"https:\/\/hiphop4life.fr\/shop\/wp-json\/wp\/v2\/product"}],"about":[{"href":"https:\/\/hiphop4life.fr\/shop\/wp-json\/wp\/v2\/types\/product"}],"replies":[{"embeddable":true,"href":"https:\/\/hiphop4life.fr\/shop\/wp-json\/wp\/v2\/comments?post=69407"}],"wp:featuredmedia":[{"embeddable":true,"href":"https:\/\/hiphop4life.fr\/shop\/wp-json\/wp\/v2\/media\/69408"}],"wp:attachment":[{"href":"https:\/\/hiphop4life.fr\/shop\/wp-json\/wp\/v2\/media?parent=69407"}],"wp:term":[{"taxonomy":"product_brand","embeddable":true,"href":"https:\/\/hiphop4life.fr\/shop\/wp-json\/wp\/v2\/product_brand?post=69407"},{"taxonomy":"product_cat","embeddable":true,"href":"https:\/\/hiphop4life.fr\/shop\/wp-json\/wp\/v2\/product_cat?post=69407"},{"taxonomy":"product_tag","embeddable":true,"href":"https:\/\/hiphop4life.fr\/shop\/wp-json\/wp\/v2\/product_tag?post=69407"}],"curies":[{"name":"wp","href":"https:\/\/api.w.org\/{rel}","templated":true}]}}