{"id":69415,"date":"2016-01-11T11:11:14","date_gmt":"2016-01-11T10:11:14","guid":{"rendered":"http:\/\/hiphop4life.fr\/shop\/produit\/jay-z-the-blueprint-vinyle\/"},"modified":"2023-10-08T11:54:52","modified_gmt":"2023-10-08T09:54:52","slug":"jay-z-the-blueprint-vinyle","status":"publish","type":"product","link":"https:\/\/hiphop4life.fr\/shop\/produit\/jay-z-the-blueprint-vinyle\/","title":{"rendered":"Jay-Z &#8211; The Blueprint [Vinyle]"},"content":{"rendered":"<div class=\"wpb-content-wrapper\"><p>[vc_row][vc_column width=\u00a0\u00bb1\/1&Prime;][vc_column_text]Sorti le m\u00eame jour que le tragique attentat du 11 septembre 2001, <em>The Blueprint<\/em>\u00a0a aussi marqu\u00e9 \u00e0 sa fa\u00e7on l&rsquo;histoire de New-York, album majeur de la carri\u00e8re de Jay-Z, pour beaucoup son magnum opus, il repr\u00e9sente un virage pour le\u00a0rap des ann\u00e9es 2000.<br \/>\nKanye West &amp; Just Blaze ont recentr\u00e9 la production hip-hop sur les samples soul et\u00a0sont devenus des producteurs incontournables suite \u00e0 cet album.<br \/>\nJay-Z a enfin trouv\u00e9 le son Roc-A-Fella, plus pop et accessible que\u00a0<em>Reasonable Doubt<\/em> mais aussi plus moderne et original, le rappeur de Brooklyn s&rsquo;installe d\u00e9finitivement comme le king de New-York en taclant son meilleur ennemi Nas, seul Eminem lui tient t\u00eate et lui vole m\u00eame la vedette sur le mythique <em>Renegade<\/em>.[\/vc_column_text][vc_single_image media=\u00a0\u00bb69417&Prime; media_width_percent=\u00a0\u00bb100&Prime;][vc_column_text]<\/p>\n<div class=\"tidal-embed\" data-type=\"a\" data-id=\"35738574\"><\/div>\n<p><script src=\"https:\/\/embed.tidal.com\/tidal-embed.js\"><\/script><\/p>\n<p><strong>Tracklist<\/strong><\/p>\n<p><em>1. The Ruler&rsquo;s Back <\/em><br \/>\n<em>2. Takeover <\/em><br \/>\n<em>3. Izzo (H.O.V.A.)<\/em><br \/>\n<em>4. Girls, Girls, Girls<\/em><br \/>\n<em>5. Jigga That Nigga <\/em><br \/>\n<em>6. U Don&rsquo;t Know <\/em><br \/>\n<em>7. Hola&rsquo; Hovito <\/em><br \/>\n<em>8. Heart of the City (Ain&rsquo;t No Love)<\/em><br \/>\n<em>9. Never Change <\/em><br \/>\n<em>10. Song Cry<\/em><br \/>\n<em>11. All I Need<\/em><br \/>\n<em>12. Renegade (Ft. Eminem) <\/em><br \/>\n<em>13. Blueprint (Momma Loves Me)<\/em><br \/>\n<em>14. Breathe Easy (Lyrical Exercise)<\/em><br \/>\n<em>15. Girls, Girls, Girls (Part 2)<\/em><\/p>\n<p>Tous les classiques de <strong>Jay-Z<\/strong> sont \u00e0 retrouver dans la playlist Hip-Hop 4 Life, <strong>Ether<\/strong>, dispo <a href=\"http:\/\/hiphop4life.fr\/chroniques\/playlists\/\">ici<\/a>.<\/p>\n<p>La chronique de <strong>The Black Album<\/strong> \u00e0 lire <a href=\"http:\/\/hiphop4life.fr\/chroniques\/the-black-album\/\">ici<\/a>.<em><br \/>\n<\/em>[\/vc_column_text][\/vc_column][\/vc_row]<\/p>\n<\/div>","protected":false},"excerpt":{"rendered":"<p><strong>Album :<\/strong>\u00a0The\u00a0Blueprint<br \/>\n<strong>Artiste :<\/strong>\u00a0Jay-Z<br \/>\n<strong>Etat :<\/strong>\u00a0Neuf<br \/>\n<strong>Format :<\/strong>\u00a0Vinyle, 2 LP, Album<br \/>\n<strong>Label :<\/strong>\u00a0Roc-A-Fella Records<br \/>\n<strong>Date de sortie :<\/strong>\u00a02001<br \/>\n<strong>Edition :<\/strong> R\u00e9\u00e9dition 2011 \u00ab\u00a0Back To Black\u00a0\u00bb &#8211; 180g Audiophile<br \/>\n<strong>Genre :<\/strong>\u00a0Hip-Hop \/ Rap US \/\u00a0East Coast \/ Gangsta Rap<\/p>\n","protected":false},"featured_media":69416,"comment_status":"open","ping_status":"closed","template":"","meta":{"om_disable_all_campaigns":false,"_monsterinsights_skip_tracking":false,"_monsterinsights_sitenote_active":false,"_monsterinsights_sitenote_note":"","_monsterinsights_sitenote_category":0},"product_brand":[],"product_cat":[6172,6174],"product_tag":[7705,5374,5337,6110,5325,6013,5326,7693,6123,6011],"class_list":{"0":"post-69415","1":"product","2":"type-product","3":"status-publish","4":"has-post-thumbnail","6":"product_cat-2000s","7":"product_cat-east-coast","8":"product_tag-180g","9":"product_tag-2000s","10":"product_tag-east-coast","11":"product_tag-gangsta-rap","12":"product_tag-hip-hop","13":"product_tag-jay-z","14":"product_tag-rap-us","15":"product_tag-reedition","16":"product_tag-roc-a-fella","17":"product_tag-the-blueprint","18":"product_shipping_class-2-lp","20":"first","21":"outofstock","22":"taxable","23":"shipping-taxable","24":"purchasable","25":"product-type-simple"},"aioseo_notices":[],"_links":{"self":[{"href":"https:\/\/hiphop4life.fr\/shop\/wp-json\/wp\/v2\/product\/69415","targetHints":{"allow":["GET"]}}],"collection":[{"href":"https:\/\/hiphop4life.fr\/shop\/wp-json\/wp\/v2\/product"}],"about":[{"href":"https:\/\/hiphop4life.fr\/shop\/wp-json\/wp\/v2\/types\/product"}],"replies":[{"embeddable":true,"href":"https:\/\/hiphop4life.fr\/shop\/wp-json\/wp\/v2\/comments?post=69415"}],"wp:featuredmedia":[{"embeddable":true,"href":"https:\/\/hiphop4life.fr\/shop\/wp-json\/wp\/v2\/media\/69416"}],"wp:attachment":[{"href":"https:\/\/hiphop4life.fr\/shop\/wp-json\/wp\/v2\/media?parent=69415"}],"wp:term":[{"taxonomy":"product_brand","embeddable":true,"href":"https:\/\/hiphop4life.fr\/shop\/wp-json\/wp\/v2\/product_brand?post=69415"},{"taxonomy":"product_cat","embeddable":true,"href":"https:\/\/hiphop4life.fr\/shop\/wp-json\/wp\/v2\/product_cat?post=69415"},{"taxonomy":"product_tag","embeddable":true,"href":"https:\/\/hiphop4life.fr\/shop\/wp-json\/wp\/v2\/product_tag?post=69415"}],"curies":[{"name":"wp","href":"https:\/\/api.w.org\/{rel}","templated":true}]}}