{"id":69418,"date":"2016-01-14T11:25:16","date_gmt":"2016-01-14T10:25:16","guid":{"rendered":"http:\/\/hiphop4life.fr\/shop\/produit\/jay-z-reasonable-doubt-vinyle\/"},"modified":"2022-12-10T10:23:47","modified_gmt":"2022-12-10T09:23:47","slug":"jay-z-reasonable-doubt-vinyle","status":"publish","type":"product","link":"https:\/\/hiphop4life.fr\/shop\/produit\/jay-z-reasonable-doubt-vinyle\/","title":{"rendered":"Jay-Z &#8211; Reasonable Doubt [Vinyle]"},"content":{"rendered":"<div class=\"wpb-content-wrapper\"><p>[vc_row][vc_column width=\u00a0\u00bb1\/1&Prime;][vc_column_text]Sur les traces\u00a0de Biggie, encore influenc\u00e9 par le flow rapide de Big L, une voix charismatique, une classe et une d\u00e9contraction insolentes, des lyrics intelligentes et une street credibility de dealer et de business man, Jay-Z a d\u00e9j\u00e0 tout d&rsquo;un grand\u00a0et fait ses premiers pas de g\u00e9ant avec un\u00a0mafioso rap classy\u00a0produit par des cadors de New-York comme DJ Premier et\u00a0Ski Beatz, le doute n&rsquo;est pas de mise, <em>Reasonable Doubt<\/em>\u00a0est le 1er\u00a0classique d&rsquo;une carri\u00e8re monumentale.[\/vc_column_text][vc_single_image media=\u00a0\u00bb69420&Prime; media_width_percent=\u00a0\u00bb100&Prime;][vc_column_text]<\/p>\n<div class=\"tidal-embed\" data-type=\"a\" data-id=\"493147\"><\/div>\n<p><script src=\"https:\/\/embed.tidal.com\/tidal-embed.js\"><\/script><\/p>\n<p><strong>Tracklist<\/strong><\/p>\n<p><em>1. Can&rsquo;t Knock the Hustle (Ft. Mary J. Blige)<\/em><br \/>\n<em>2. Politics as Usual<\/em><br \/>\n<em>3. Brooklyn&rsquo;s Finest (Ft. The Notorious B.I.G.)<\/em><br \/>\n<em>4. Dead Presidents II<\/em><br \/>\n<em>5. Feelin&rsquo; It<\/em><br \/>\n<em>6. D&rsquo;Evils<\/em><br \/>\n<em>7. 22 Two&rsquo;s<\/em><br \/>\n<em>8. Can I Live<\/em><br \/>\n<em>9. Ain&rsquo;t No Nigga (Ft. Foxy Brown)<\/em><br \/>\n<em>10. Friend or Foe<\/em><br \/>\n<em>11. Coming of Age (Ft. Memphis Bleek)<\/em><br \/>\n<em>12. Cashmere Thoughts<\/em><br \/>\n<em>13. Bring It On (Ft. Sauce Money &amp; Jaz-O)<\/em><br \/>\n<em>14. Regrets<\/em><\/p>\n<p>Tous les classiques de <strong>Jay-Z<\/strong> sont \u00e0 retrouver dans la playlist Hip-Hop 4 Life, <strong>Ether<\/strong>, dispo <a href=\"http:\/\/hiphop4life.fr\/chroniques\/playlists\/\">ici<\/a>.<\/p>\n<p>La chronique de <em><strong>The Black Album<\/strong><\/em> \u00e0 lire <a href=\"http:\/\/hiphop4life.fr\/chroniques\/the-black-album\/\">ici<\/a>.[\/vc_column_text][\/vc_column][\/vc_row]<\/p>\n<\/div>","protected":false},"excerpt":{"rendered":"<p><strong>Album :<\/strong> Reasonable Doubt<br \/>\n<strong>Artiste :<\/strong>\u00a0Jay-Z<br \/>\n<strong>Etat :<\/strong>\u00a0Neuf<br \/>\n<strong>Format :<\/strong>\u00a0Vinyle, 3\u00a0LP, Album<br \/>\n<strong>Label :<\/strong>\u00a0Roc-A-Fella Records<br \/>\n<strong>Edition :<\/strong> Bootleg<br \/>\n<strong>Date de sortie :<\/strong>\u00a01996<br \/>\n<strong>Genre :<\/strong>\u00a0Hip-Hop \/ Rap US \/\u00a0East Coast \/ Gangsta Rap<\/p>\n","protected":false},"featured_media":69419,"comment_status":"open","ping_status":"closed","template":"","meta":{"om_disable_all_campaigns":false,"_monsterinsights_skip_tracking":false,"_monsterinsights_sitenote_active":false,"_monsterinsights_sitenote_note":"","_monsterinsights_sitenote_category":0},"product_brand":[],"product_cat":[6174,6171],"product_tag":[10538,5337,6110,5339,5325,6013,5326,6009,6123],"class_list":{"0":"post-69418","1":"product","2":"type-product","3":"status-publish","4":"has-post-thumbnail","6":"product_cat-east-coast","7":"product_cat-golden-age","8":"product_tag-bootleg","9":"product_tag-east-coast","10":"product_tag-gangsta-rap","11":"product_tag-golden-age","12":"product_tag-hip-hop","13":"product_tag-jay-z","14":"product_tag-rap-us","15":"product_tag-reasonable-doubt","16":"product_tag-roc-a-fella","17":"product_shipping_class-3-lp","19":"first","20":"outofstock","21":"taxable","22":"shipping-taxable","23":"purchasable","24":"product-type-simple"},"aioseo_notices":[],"_links":{"self":[{"href":"https:\/\/hiphop4life.fr\/shop\/wp-json\/wp\/v2\/product\/69418","targetHints":{"allow":["GET"]}}],"collection":[{"href":"https:\/\/hiphop4life.fr\/shop\/wp-json\/wp\/v2\/product"}],"about":[{"href":"https:\/\/hiphop4life.fr\/shop\/wp-json\/wp\/v2\/types\/product"}],"replies":[{"embeddable":true,"href":"https:\/\/hiphop4life.fr\/shop\/wp-json\/wp\/v2\/comments?post=69418"}],"wp:featuredmedia":[{"embeddable":true,"href":"https:\/\/hiphop4life.fr\/shop\/wp-json\/wp\/v2\/media\/69419"}],"wp:attachment":[{"href":"https:\/\/hiphop4life.fr\/shop\/wp-json\/wp\/v2\/media?parent=69418"}],"wp:term":[{"taxonomy":"product_brand","embeddable":true,"href":"https:\/\/hiphop4life.fr\/shop\/wp-json\/wp\/v2\/product_brand?post=69418"},{"taxonomy":"product_cat","embeddable":true,"href":"https:\/\/hiphop4life.fr\/shop\/wp-json\/wp\/v2\/product_cat?post=69418"},{"taxonomy":"product_tag","embeddable":true,"href":"https:\/\/hiphop4life.fr\/shop\/wp-json\/wp\/v2\/product_tag?post=69418"}],"curies":[{"name":"wp","href":"https:\/\/api.w.org\/{rel}","templated":true}]}}