{"id":69421,"date":"2016-03-28T11:59:10","date_gmt":"2016-03-28T09:59:10","guid":{"rendered":"http:\/\/hiphop4life.fr\/shop\/produit\/jeru-the-damaja-the-sun-rises-in-the-east-vinyle\/"},"modified":"2022-01-17T16:16:27","modified_gmt":"2022-01-17T15:16:27","slug":"jeru-the-damaja-the-sun-rises-in-the-east-vinyle","status":"publish","type":"product","link":"https:\/\/hiphop4life.fr\/shop\/produit\/jeru-the-damaja-the-sun-rises-in-the-east-vinyle\/","title":{"rendered":"Jeru The Damaja &#8211; The Sun Rises In The East [Vinyle]"},"content":{"rendered":"<div class=\"wpb-content-wrapper\"><p>[vc_row][vc_column width=\u00a0\u00bb1\/1&Prime;][vc_column_text]1994 : Jeru The Damaja\u00a0s&rsquo;affiche \u00e0 c\u00f4t\u00e9 des Twin Towers en feu, une image proph\u00e9tique\u00a0qui justifie \u00e0 elle seule de poss\u00e9der cet album mythique du rappeur de Brooklyn.<br \/>\nPourtant<em>, The Sun Rises In The East<\/em> c&rsquo;est bien plus qu&rsquo;une cover anthologique, c&rsquo;est le 1er album du meilleur MC de la Gang Starr Family, c&rsquo;est une production d&rsquo;orf\u00e8vre de DJ Premier,\u00a0c&rsquo;est un flow l\u00e9g\u00e8rement off beat reconnaissable entre mille, c&rsquo;est une voix rauque et charismatique, c&rsquo;est une \u00e9criture po\u00e9tique, c&rsquo;est <em>Come Clean<\/em>, c&rsquo;est la d\u00e9couverte d&rsquo;Afu-Ra, c&rsquo;est le renouveau du rap East Coast, pour toutes ces raisons, c&rsquo;est un putain de classique.[\/vc_column_text][vc_single_image media=\u00a0\u00bb69422&Prime; media_width_percent=\u00a0\u00bb100&Prime;][vc_column_text]<iframe src=\"https:\/\/embed.spotify.com\/?uri=spotify%3Aalbum%3A4hF6hTc8mByUGc61ksBl4o\" width=\"300\" height=\"380\" frameborder=\"0\"><\/iframe><\/p>\n<p><strong>Tracklist<\/strong><\/p>\n<p><em>1. Intro (Life)<\/em><br \/>\n<em>2. D. Original<\/em><br \/>\n<em>3. Brooklyn Took It<\/em><br \/>\n<em>4. Perverted Monks in Tha House (Skit)<\/em><br \/>\n<em>5. Mental Stamina (Ft. Afu-Ra)<\/em><br \/>\n<em>6. Da Bichez<\/em><br \/>\n<em>7. You Can&rsquo;t Stop the Prophet<\/em><br \/>\n<em>8. Perverted Monks in Tha House (Theme)<\/em><br \/>\n<em>9. Ain&rsquo;t the Devil Happy<\/em><br \/>\n<em>10. My Mind Spray<\/em><br \/>\n<em>11. Come Clean<\/em><br \/>\n<em>12. Jungle Music<\/em><br \/>\n<em>13. Statik<\/em><\/p>\n<p>Si tu es fan de <strong>DJ Premier<\/strong>, Hip-Hop 4 Life a regroup\u00e9 tous ses classiques dans la playlist <strong>Preemo<\/strong>, \u00e0 \u00e9couter <a href=\"http:\/\/hiphop4life.fr\/chroniques\/playlists\/\">ici<\/a>.<em><br \/>\n<\/em>[\/vc_column_text][\/vc_column][\/vc_row]<\/p>\n<\/div>","protected":false},"excerpt":{"rendered":"<p><strong>Album :<\/strong>\u00a0The Sun Rises In The East<br \/>\n<strong>Artiste :<\/strong>\u00a0Jeru The Damaja<br \/>\n<strong>Etat :<\/strong>\u00a0Neuf<br \/>\n<strong>Format :<\/strong>\u00a0Vinyle, LP, Album<br \/>\n<strong>Label :<\/strong>\u00a0Payday<br \/>\n<strong>Edition :<\/strong> Originale<br \/>\n<strong>Date de sortie :<\/strong>\u00a01993<br \/>\n<strong>Genre :<\/strong>\u00a0Hip-Hop \/ Rap US \/\u00a0East Coast<\/p>\n","protected":false},"featured_media":69423,"comment_status":"open","ping_status":"closed","template":"","meta":{"om_disable_all_campaigns":false,"_monsterinsights_skip_tracking":false,"_monsterinsights_sitenote_active":false,"_monsterinsights_sitenote_note":"","_monsterinsights_sitenote_category":0},"product_brand":[],"product_cat":[6174,6171],"product_tag":[5447,5337,6021,5339,5325,6006,7701,5326,6003,6986],"class_list":{"0":"post-69421","1":"product","2":"type-product","3":"status-publish","4":"has-post-thumbnail","6":"product_cat-east-coast","7":"product_cat-golden-age","8":"product_tag-dj-premier","9":"product_tag-east-coast","10":"product_tag-gang-starr","11":"product_tag-golden-age","12":"product_tag-hip-hop","13":"product_tag-jeru-the-damaja","14":"product_tag-original","15":"product_tag-rap-us","16":"product_tag-the-sun-rises-in-the-east","17":"product_tag-underground-fr","18":"product_shipping_class-lp","20":"first","21":"outofstock","22":"taxable","23":"shipping-taxable","24":"purchasable","25":"product-type-simple"},"aioseo_notices":[],"_links":{"self":[{"href":"https:\/\/hiphop4life.fr\/shop\/wp-json\/wp\/v2\/product\/69421","targetHints":{"allow":["GET"]}}],"collection":[{"href":"https:\/\/hiphop4life.fr\/shop\/wp-json\/wp\/v2\/product"}],"about":[{"href":"https:\/\/hiphop4life.fr\/shop\/wp-json\/wp\/v2\/types\/product"}],"replies":[{"embeddable":true,"href":"https:\/\/hiphop4life.fr\/shop\/wp-json\/wp\/v2\/comments?post=69421"}],"wp:featuredmedia":[{"embeddable":true,"href":"https:\/\/hiphop4life.fr\/shop\/wp-json\/wp\/v2\/media\/69423"}],"wp:attachment":[{"href":"https:\/\/hiphop4life.fr\/shop\/wp-json\/wp\/v2\/media?parent=69421"}],"wp:term":[{"taxonomy":"product_brand","embeddable":true,"href":"https:\/\/hiphop4life.fr\/shop\/wp-json\/wp\/v2\/product_brand?post=69421"},{"taxonomy":"product_cat","embeddable":true,"href":"https:\/\/hiphop4life.fr\/shop\/wp-json\/wp\/v2\/product_cat?post=69421"},{"taxonomy":"product_tag","embeddable":true,"href":"https:\/\/hiphop4life.fr\/shop\/wp-json\/wp\/v2\/product_tag?post=69421"}],"curies":[{"name":"wp","href":"https:\/\/api.w.org\/{rel}","templated":true}]}}