{"id":69424,"date":"2016-05-05T12:11:00","date_gmt":"2016-05-05T10:11:00","guid":{"rendered":"http:\/\/hiphop4life.fr\/shop\/produit\/jeru-the-damaja-wrath-of-the-math-vinyle\/"},"modified":"2022-06-06T14:16:53","modified_gmt":"2022-06-06T12:16:53","slug":"jeru-the-damaja-wrath-of-the-math-vinyle","status":"publish","type":"product","link":"https:\/\/hiphop4life.fr\/shop\/produit\/jeru-the-damaja-wrath-of-the-math-vinyle\/","title":{"rendered":"Jeru The Damaja &#8211; Wrath Of The Math [Vinyle]"},"content":{"rendered":"<div class=\"wpb-content-wrapper\"><p>[vc_row][vc_column width=\u00a0\u00bb1\/1&Prime;][vc_column_text]Comme <a href=\"http:\/\/hiphop4life.fr\/shop\/product\/mobb-deep-hell-on-earth-vinyle\/\"><em>Hell On Earth<\/em><\/a> de Mobb Deep, <em>Wrath Of The Math<\/em> est souvent cach\u00e9 par\u00a0l&rsquo;ombre imposante des Twin Towers en feu de son mythique pr\u00e9d\u00e9cesseur,\u00a0<a href=\"http:\/\/hiphop4life.fr\/shop\/product\/jeru-the-damaja-the-sun-rises-in-the-east-vinyle\/\"><em>The Sun Rises In The East<\/em><\/a>, et comme <a href=\"http:\/\/hiphop4life.fr\/shop\/product\/mobb-deep-hell-on-earth-vinyle\/\"><em>Hell On Earth<\/em><\/a>, il s&rsquo;agit pourtant d&rsquo;un classique au m\u00eame titre que son a\u00een\u00e9.<br \/>\nDJ Premier et Jeru The Damaja rechargent le barillet pour une deuxi\u00e8me salve de rap boom-bap made in Brooklyn. Le funk minimaliste de Primo galvanise le flow en apn\u00e9e du proph\u00e8te de la rime qui envoie quelques balles vicieuses en direction du rap mainstream de\u00a0Puff Daddy et son label Bad Boy, une attaque frontale qui poussera Biggie \u00e0 r\u00e9pondre sur le subliminal <em>Kick In The Door<\/em>\u00a0produit par&#8230; DJ Premier ![\/vc_column_text][vc_single_image media=\u00a0\u00bb69425&Prime; media_width_percent=\u00a0\u00bb100&Prime;][vc_column_text]<\/p>\n<p><strong>Tracklist<\/strong><\/p>\n<p><em>1. Wrath of the Math<\/em><br \/>\n<em>2. Tha Frustrated Nigga<\/em><br \/>\n<em>3. Black Cowboys<\/em><br \/>\n<em>4. Tha Bullshit<\/em><br \/>\n<em>5. Whatever<\/em><br \/>\n<em>6. Physical Stamina<\/em><br \/>\n<em>7. One Day<\/em><br \/>\n<em>8. Revenge of the Prophet (Part 5)<\/em><br \/>\n<em>9. Scientifical Madness<\/em><br \/>\n<em>10. Not the Average<\/em><br \/>\n<em>11. Me or the Papes<\/em><br \/>\n<em>12. How I&rsquo;m Livin&rsquo;<\/em><br \/>\n<em>13. Too Perverted<\/em><br \/>\n<em>14. Ya Playin&rsquo; Yaself<\/em><br \/>\n<em>15. Invasion<\/em><\/p>\n<p>Si tu es fan de <strong>DJ Premier<\/strong>, Hip-Hop 4 Life a regroup\u00e9 tous ses classiques dans la playlist <strong>Preemo<\/strong>, \u00e0 \u00e9couter <a href=\"http:\/\/hiphop4life.fr\/chroniques\/playlists\/\">ici<\/a>.[\/vc_column_text][\/vc_column][\/vc_row]<\/p>\n<\/div>","protected":false},"excerpt":{"rendered":"<p><strong>Album :<\/strong>\u00a0Wrath Of The Math<br \/>\n<strong>Artiste :<\/strong>\u00a0Jeru The Damaja<br \/>\n<strong>Etat :<\/strong>\u00a0Neuf<br \/>\n<strong>Format :<\/strong>\u00a0Vinyle, LP, Album<br \/>\n<strong>Label :<\/strong>\u00a0Payday<br \/>\n<strong>Edition :<\/strong> Originale<br \/>\n<strong>Date de sortie :<\/strong>\u00a01996<br \/>\n<strong>Genre :<\/strong>\u00a0Hip-Hop \/ Rap US \/\u00a0East Coast<\/p>\n","protected":false},"featured_media":69426,"comment_status":"open","ping_status":"closed","template":"","meta":{"om_disable_all_campaigns":false,"_monsterinsights_skip_tracking":false,"_monsterinsights_sitenote_active":false,"_monsterinsights_sitenote_note":"","_monsterinsights_sitenote_category":0},"product_brand":[],"product_cat":[6174,6171],"product_tag":[5447,5337,6021,5339,5325,6006,7701,5326,6986,6005],"class_list":{"0":"post-69424","1":"product","2":"type-product","3":"status-publish","4":"has-post-thumbnail","6":"product_cat-east-coast","7":"product_cat-golden-age","8":"product_tag-dj-premier","9":"product_tag-east-coast","10":"product_tag-gang-starr","11":"product_tag-golden-age","12":"product_tag-hip-hop","13":"product_tag-jeru-the-damaja","14":"product_tag-original","15":"product_tag-rap-us","16":"product_tag-underground-fr","17":"product_tag-wrath-of-the-math","18":"product_shipping_class-lp","20":"first","21":"outofstock","22":"taxable","23":"shipping-taxable","24":"purchasable","25":"product-type-simple"},"aioseo_notices":[],"_links":{"self":[{"href":"https:\/\/hiphop4life.fr\/shop\/wp-json\/wp\/v2\/product\/69424","targetHints":{"allow":["GET"]}}],"collection":[{"href":"https:\/\/hiphop4life.fr\/shop\/wp-json\/wp\/v2\/product"}],"about":[{"href":"https:\/\/hiphop4life.fr\/shop\/wp-json\/wp\/v2\/types\/product"}],"replies":[{"embeddable":true,"href":"https:\/\/hiphop4life.fr\/shop\/wp-json\/wp\/v2\/comments?post=69424"}],"wp:featuredmedia":[{"embeddable":true,"href":"https:\/\/hiphop4life.fr\/shop\/wp-json\/wp\/v2\/media\/69426"}],"wp:attachment":[{"href":"https:\/\/hiphop4life.fr\/shop\/wp-json\/wp\/v2\/media?parent=69424"}],"wp:term":[{"taxonomy":"product_brand","embeddable":true,"href":"https:\/\/hiphop4life.fr\/shop\/wp-json\/wp\/v2\/product_brand?post=69424"},{"taxonomy":"product_cat","embeddable":true,"href":"https:\/\/hiphop4life.fr\/shop\/wp-json\/wp\/v2\/product_cat?post=69424"},{"taxonomy":"product_tag","embeddable":true,"href":"https:\/\/hiphop4life.fr\/shop\/wp-json\/wp\/v2\/product_tag?post=69424"}],"curies":[{"name":"wp","href":"https:\/\/api.w.org\/{rel}","templated":true}]}}