{"id":69427,"date":"2016-01-12T16:59:30","date_gmt":"2016-01-12T15:59:30","guid":{"rendered":"http:\/\/hiphop4life.fr\/shop\/produit\/kendrick-lamar-good-kid-maad-city-vinyle\/"},"modified":"2024-12-01T17:33:21","modified_gmt":"2024-12-01T16:33:21","slug":"kendrick-lamar-good-kid-maad-city-vinyle","status":"publish","type":"product","link":"https:\/\/hiphop4life.fr\/shop\/produit\/kendrick-lamar-good-kid-maad-city-vinyle\/","title":{"rendered":"Kendrick Lamar &#8211; good kid, m.A.A.d city [Vinyle]"},"content":{"rendered":"<div class=\"wpb-content-wrapper\"><p>[vc_row][vc_column width=\u00a0\u00bb1\/1&Prime;][vc_column_text]<strong>Extrait de la chronique Hip-Hop 4 Life :<\/strong><\/p>\n<p>[&#8230;] <em>Artistiquement, <b>Kendrick<\/b> a su remettre au go\u00fbt du jour le <b>\u00ab\u00a0concept album\u00a0\u00bb<\/b> sans jamais \u00eatre chiant, tous les skits \u2013 de ses parents \u2013 ont leur r\u00f4le et font avancer la trame narrative avec humour ou menace, les bangers arrivent au bon moment pour \u00e9viter les coups de mou et surtout, <b>Kendrick<\/b> a ressuscit\u00e9 un art oubli\u00e9, le STORYTELLING.<\/em><br \/>\n<em>Lyricalement surdou\u00e9, aid\u00e9 par cette voix emplie de gentillesse, d\u2019humilit\u00e9 et d\u2019intelligence mais qui peut devenir tant\u00f4t agressive \u2013 <b>Backseat Freestyle<\/b> \u2013 tant\u00f4t menac\u00e9e \u2013 <b>m.A.A.d. City<\/b> \u2013, et ce flow d\u2019une fluidit\u00e9 incroyable, <b>Kendrick<\/b> nous emm\u00e8ne litt\u00e9ralement dans le van de sa m\u00e8re pour une journ\u00e9e \u00e0 <b>Compton<\/b>.<\/em>\u00a0[&#8230;]<\/p>\n\n<p><strong>Tracklist<\/strong><\/p>\n<p><em>1. Sherane a.k.a Master Splinter&rsquo;s Daughter<\/em><br \/>\n<em>2. Bitch, Don&rsquo;t Kill My Vibe<\/em><br \/>\n<em>3. Backseat Freestyle<\/em><br \/>\n<em>4. The Art of Peer Pressure<\/em><br \/>\n<em>5. Money Trees (Ft. Jay Rock) <\/em><br \/>\n<em>6. Poetic Justice (Ft. Drake) <\/em><br \/>\n<em>7. good kid (Ft. Pharrell Williams) <\/em><br \/>\n<em>8. m.A.A.d city (Ft. MC Eiht) <\/em><br \/>\n<em>9. Swimming Pools (Drank) (Extended Version) <\/em><br \/>\n<em>10. Sing About Me, I&rsquo;m Dying of Thirst<\/em><br \/>\n<em>11. Real (Ft. Anna Wise) <\/em><br \/>\n<em>12. Compton (Ft. Dr. Dre)<\/em><\/p>\n<p><strong>Bonus Tracks<\/strong><\/p>\n<p>13. The Recipe (feat. Dr. Dre) (Bonus Track)<br \/>\n14. Black Boy Fly (Bonus Track)<br \/>\n15. \u00a0Now or Never (feat Mary J. Blige) (Bonus Track)[\/vc_column_text][\/vc_column][\/vc_row]<\/p>\n<\/div>","protected":false},"excerpt":{"rendered":"<p><strong>Album :<\/strong> good kid, m.A.A.d city<br \/>\n<strong>Artiste :<\/strong>\u00a0Kendrick Lamar<br \/>\n<strong>Etat :<\/strong>\u00a0Neuf<br \/>\n<strong>Format :<\/strong>\u00a0Vinyle, 2 LP, Album<br \/>\n<strong>Label :<\/strong>\u00a0Top Dawg Entertainment<br \/>\n<strong>Edition :<\/strong> Originale &#8211; Deluxe (3 bonus tracks)<br \/>\n<strong>Date de sortie :<\/strong>\u00a02012<br \/>\n<strong>Genre :<\/strong>\u00a0Hip-Hop \/ Rap US \/\u00a0West Coast<\/p>\n","protected":false},"featured_media":69429,"comment_status":"open","ping_status":"closed","template":"","meta":{"om_disable_all_campaigns":false,"_monsterinsights_skip_tracking":false,"_monsterinsights_sitenote_active":false,"_monsterinsights_sitenote_note":"","_monsterinsights_sitenote_category":0},"product_brand":[],"product_cat":[9206,6175],"product_tag":[9688,6001,5325,5999,5855,7701,5326,5895,5328],"class_list":{"0":"post-69427","1":"product","2":"type-product","3":"status-publish","4":"has-post-thumbnail","6":"product_cat-new-school","7":"product_cat-west-coast","8":"product_tag-dreamville-vs-tde","9":"product_tag-good-kid-m-a-a-d-city","10":"product_tag-hip-hop","11":"product_tag-kendrick-lamar","12":"product_tag-new-school","13":"product_tag-original","14":"product_tag-rap-us","15":"product_tag-tde","16":"product_tag-west-coast","17":"product_shipping_class-2-lp","19":"first","20":"outofstock","21":"taxable","22":"shipping-taxable","23":"purchasable","24":"product-type-simple"},"aioseo_notices":[],"_links":{"self":[{"href":"https:\/\/hiphop4life.fr\/shop\/wp-json\/wp\/v2\/product\/69427","targetHints":{"allow":["GET"]}}],"collection":[{"href":"https:\/\/hiphop4life.fr\/shop\/wp-json\/wp\/v2\/product"}],"about":[{"href":"https:\/\/hiphop4life.fr\/shop\/wp-json\/wp\/v2\/types\/product"}],"replies":[{"embeddable":true,"href":"https:\/\/hiphop4life.fr\/shop\/wp-json\/wp\/v2\/comments?post=69427"}],"wp:featuredmedia":[{"embeddable":true,"href":"https:\/\/hiphop4life.fr\/shop\/wp-json\/wp\/v2\/media\/69429"}],"wp:attachment":[{"href":"https:\/\/hiphop4life.fr\/shop\/wp-json\/wp\/v2\/media?parent=69427"}],"wp:term":[{"taxonomy":"product_brand","embeddable":true,"href":"https:\/\/hiphop4life.fr\/shop\/wp-json\/wp\/v2\/product_brand?post=69427"},{"taxonomy":"product_cat","embeddable":true,"href":"https:\/\/hiphop4life.fr\/shop\/wp-json\/wp\/v2\/product_cat?post=69427"},{"taxonomy":"product_tag","embeddable":true,"href":"https:\/\/hiphop4life.fr\/shop\/wp-json\/wp\/v2\/product_tag?post=69427"}],"curies":[{"name":"wp","href":"https:\/\/api.w.org\/{rel}","templated":true}]}}