{"id":69430,"date":"2022-01-10T10:32:19","date_gmt":"2022-01-10T09:32:19","guid":{"rendered":"http:\/\/hiphop4life.fr\/shop\/produit\/kendrick-lamar-to-pimp-a-butterfly-vinyle\/"},"modified":"2024-12-07T13:17:27","modified_gmt":"2024-12-07T12:17:27","slug":"kendrick-lamar-to-pimp-a-butterfly-vinyle","status":"publish","type":"product","link":"https:\/\/hiphop4life.fr\/shop\/produit\/kendrick-lamar-to-pimp-a-butterfly-vinyle\/","title":{"rendered":"Kendrick Lamar &#8211; To Pimp a Butterfly [Vinyle]"},"content":{"rendered":"<div class=\"wpb-content-wrapper\"><p>[vc_row][vc_column width=\u00a0\u00bb1\/1&Prime;][vc_column_text]<strong>Extrait de la chronique Hip-Hop 4 Life :<\/strong><\/p>\n<p>[&#8230;]<em><strong> Kendrick<\/strong> a trouv\u00e9 sa voie, le message qu\u2019il veut faire passer, le but de sa musique et il accepte cette responsabilit\u00e9, il veut changer les mentalit\u00e9s, croire en sa communaut\u00e9, qu\u2019elle croit en elle, qu\u2019elle se respecte et qu\u2019elle s\u2019unisse contre le v\u00e9ritable ennemi. La version live de <strong>I<\/strong> amplifie un peu plus ce message d\u2019espoir\u00a0: le \u00ab\u00a0nigga\u00a0\u00bb du d\u00e9but d\u2019album est devenu un \u00ab\u00a0NEGUS\u00a0\u00bb.<\/em> [&#8230;]<\/p>\n\n<p><strong>Tracklist<\/strong><\/p>\n<p><em>1. Wesley&rsquo;s Theory (Ft. George Clinton &amp; Thundercat) <\/em><br \/>\n<em>2. For Free? (Interlude) <\/em><br \/>\n<em>3. King Kunta <\/em><br \/>\n<em>4. Institutionalized (Ft. Bilal, Anna Wise &amp; Snoop Dogg) <\/em><br \/>\n<em>5. These Walls (Ft. Bilal, Anna Wise &amp; Thundercat) <\/em><br \/>\n<em>6. u <\/em><br \/>\n<em>7. Alright <\/em><br \/>\n<em>8. For Sale? (Interlude) <\/em><br \/>\n<em>9. Momma <\/em><br \/>\n<em>10. Hood Politics <\/em><br \/>\n<em>11. How Much a Dollar Cost (Ft. James Fauntleroy &amp; Ronald Isley) <\/em><br \/>\n<em>12. Complexion (A Zulu Love) (Ft. Rapsody) <\/em><br \/>\n<em>13. The Blacker the Berry <\/em><br \/>\n<em>14. You Ain&rsquo;t Gotta Lie (Momma Said) <\/em><br \/>\n<em>15. i<\/em><br \/>\n<em>16. Mortal Man<\/em>[\/vc_column_text][\/vc_column][\/vc_row]<\/p>\n<\/div>","protected":false},"excerpt":{"rendered":"<p><strong>Album :<\/strong>\u00a0To Pimp a\u00a0Butterfly<br \/>\n<strong>Artiste :<\/strong>\u00a0Kendrick Lamar<br \/>\n<strong>Etat :<\/strong>\u00a0Neuf<br \/>\n<strong>Format :<\/strong>\u00a0Vinyle, 2 LP, Album<br \/>\n<strong>Label :<\/strong> Top Dawg Entertainment<br \/>\n<strong>Edition :<\/strong> Originale<br \/>\n<strong>Date de sortie :<\/strong>\u00a02015<br \/>\n<strong>Genre :<\/strong>\u00a0Hip-Hop \/ Rap US \/\u00a0West Coast<\/p>\n","protected":false},"featured_media":69431,"comment_status":"open","ping_status":"closed","template":"","meta":{"om_disable_all_campaigns":false,"_monsterinsights_skip_tracking":false,"_monsterinsights_sitenote_active":false,"_monsterinsights_sitenote_note":"","_monsterinsights_sitenote_category":0},"product_brand":[],"product_cat":[9206,6175],"product_tag":[9688,5325,5999,5855,7701,5326,5895,5997,5328],"class_list":{"0":"post-69430","1":"product","2":"type-product","3":"status-publish","4":"has-post-thumbnail","6":"product_cat-new-school","7":"product_cat-west-coast","8":"product_tag-dreamville-vs-tde","9":"product_tag-hip-hop","10":"product_tag-kendrick-lamar","11":"product_tag-new-school","12":"product_tag-original","13":"product_tag-rap-us","14":"product_tag-tde","15":"product_tag-to-pimp-a-butterfly","16":"product_tag-west-coast","17":"product_shipping_class-2-lp","19":"first","20":"instock","21":"taxable","22":"shipping-taxable","23":"purchasable","24":"product-type-simple"},"aioseo_notices":[],"_links":{"self":[{"href":"https:\/\/hiphop4life.fr\/shop\/wp-json\/wp\/v2\/product\/69430","targetHints":{"allow":["GET"]}}],"collection":[{"href":"https:\/\/hiphop4life.fr\/shop\/wp-json\/wp\/v2\/product"}],"about":[{"href":"https:\/\/hiphop4life.fr\/shop\/wp-json\/wp\/v2\/types\/product"}],"replies":[{"embeddable":true,"href":"https:\/\/hiphop4life.fr\/shop\/wp-json\/wp\/v2\/comments?post=69430"}],"wp:featuredmedia":[{"embeddable":true,"href":"https:\/\/hiphop4life.fr\/shop\/wp-json\/wp\/v2\/media\/69431"}],"wp:attachment":[{"href":"https:\/\/hiphop4life.fr\/shop\/wp-json\/wp\/v2\/media?parent=69430"}],"wp:term":[{"taxonomy":"product_brand","embeddable":true,"href":"https:\/\/hiphop4life.fr\/shop\/wp-json\/wp\/v2\/product_brand?post=69430"},{"taxonomy":"product_cat","embeddable":true,"href":"https:\/\/hiphop4life.fr\/shop\/wp-json\/wp\/v2\/product_cat?post=69430"},{"taxonomy":"product_tag","embeddable":true,"href":"https:\/\/hiphop4life.fr\/shop\/wp-json\/wp\/v2\/product_tag?post=69430"}],"curies":[{"name":"wp","href":"https:\/\/api.w.org\/{rel}","templated":true}]}}