{"id":69434,"date":"2022-01-12T12:48:16","date_gmt":"2022-01-12T11:48:16","guid":{"rendered":"http:\/\/hiphop4life.fr\/shop\/produit\/kendrick-lamar-untitled-unmastered-vinyle\/"},"modified":"2022-08-31T23:09:46","modified_gmt":"2022-08-31T21:09:46","slug":"kendrick-lamar-untitled-unmastered-vinyle","status":"publish","type":"product","link":"https:\/\/hiphop4life.fr\/shop\/produit\/kendrick-lamar-untitled-unmastered-vinyle\/","title":{"rendered":"Kendrick Lamar &#8211; untitled unmastered. [Vinyle]"},"content":{"rendered":"<div class=\"wpb-content-wrapper\"><p>[vc_row][vc_column width=\u00a0\u00bb1\/1&Prime;][vc_column_text]<strong>Extrait de la chronique sur Hip-Hop 4 Life :<\/strong><\/p>\n<p>[&#8230;]<em> Avec <strong>Sounwave<\/strong>, <strong>FlyLo<\/strong>, <strong>Thundercat<\/strong> et <strong>Terrace Martin<\/strong>, ils ont v\u00e9ritablement cr\u00e9\u00e9\u00a0un son, m\u00ealant jazz, funk et hip-hop, un son r\u00e9solument moderne et rendant paradoxalement\u00a0hommage \u00e0 la black music des ann\u00e9es 60 et au funk de <strong>George Clinton<\/strong>. Un son organique\u00a0et live qui\u00a0s\u2019anime comme un \u00eatre vivant autour d\u2019un flow totalement lib\u00e9r\u00e9 de <strong>Kendrick<\/strong>, au sommet de son art au micro. <\/em>[&#8230;]<\/p>\n<p>La chronique compl\u00e8te d&rsquo;<em><strong>untitled unmastered.<\/strong><\/em> est \u00e0 lire <a href=\"http:\/\/hiphop4life.fr\/chroniques\/kendrick-lamar-untitled-unmastered-chronique\/\">ici<\/a>.[\/vc_column_text][vc_single_image media=\u00a0\u00bb69436&Prime; media_width_percent=\u00a0\u00bb100&Prime;][vc_column_text]<iframe src=\"https:\/\/embed.spotify.com\/?uri=spotify%3Aalbum%3A5WSPnYTQ6YZ1UvBRi5quhO\" width=\"300\" height=\"380\" frameborder=\"0\"><\/iframe><\/p>\n<p><strong>Tracklist<\/strong><\/p>\n<p><em>1. untitled 01 | 08.19.2014.<\/em><br \/>\n<em>2. untitled 02 | 06.23.2014.<\/em><br \/>\n<em>3. untitled 03 | 05.28.2013.<\/em><br \/>\n<em>4. untitled 04 | 08.14.2014.<\/em><br \/>\n<em>5. untitled 05 | 09.21.2014.<\/em><br \/>\n<em>6. untitled 06 | 06.30.2014.<\/em><br \/>\n<em>7. untitled 07 | 2014 &#8211; 2016.<\/em><br \/>\n<em>8. untitled 08 | 09.06.2014.<\/em><\/p>\n<p>[\/vc_column_text][\/vc_column][\/vc_row]<\/p>\n<\/div>","protected":false},"excerpt":{"rendered":"<p><strong>Album :<\/strong> untitled unmastered.<br \/>\n<strong>Artiste :<\/strong>\u00a0Kendrick Lamar<br \/>\n<strong>Etat :<\/strong>\u00a0Neuf<br \/>\n<strong>Format :<\/strong>\u00a0Vinyle, LP, Album<br \/>\n<strong>Label :<\/strong>\u00a0Top Dawg Entertainment<br \/>\n<strong>Edition :<\/strong> Originale<br \/>\n<strong>Date de sortie :<\/strong>\u00a02015<br \/>\n<strong>Genre :<\/strong>\u00a0Hip-Hop \/ Rap US \/\u00a0West Coast<\/p>\n","protected":false},"featured_media":69435,"comment_status":"open","ping_status":"closed","template":"","meta":{"om_disable_all_campaigns":false,"_monsterinsights_skip_tracking":false,"_monsterinsights_sitenote_active":false,"_monsterinsights_sitenote_note":"","_monsterinsights_sitenote_category":0},"product_brand":[],"product_cat":[9206,6175],"product_tag":[9688,5325,5999,5855,7701,5326,5895,5462,5328],"class_list":{"0":"post-69434","1":"product","2":"type-product","3":"status-publish","4":"has-post-thumbnail","6":"product_cat-new-school","7":"product_cat-west-coast","8":"product_tag-dreamville-vs-tde","9":"product_tag-hip-hop","10":"product_tag-kendrick-lamar","11":"product_tag-new-school","12":"product_tag-original","13":"product_tag-rap-us","14":"product_tag-tde","15":"product_tag-untitled-unmastered","16":"product_tag-west-coast","17":"product_shipping_class-lp","19":"first","20":"instock","21":"taxable","22":"shipping-taxable","23":"purchasable","24":"product-type-simple"},"aioseo_notices":[],"_links":{"self":[{"href":"https:\/\/hiphop4life.fr\/shop\/wp-json\/wp\/v2\/product\/69434","targetHints":{"allow":["GET"]}}],"collection":[{"href":"https:\/\/hiphop4life.fr\/shop\/wp-json\/wp\/v2\/product"}],"about":[{"href":"https:\/\/hiphop4life.fr\/shop\/wp-json\/wp\/v2\/types\/product"}],"replies":[{"embeddable":true,"href":"https:\/\/hiphop4life.fr\/shop\/wp-json\/wp\/v2\/comments?post=69434"}],"wp:featuredmedia":[{"embeddable":true,"href":"https:\/\/hiphop4life.fr\/shop\/wp-json\/wp\/v2\/media\/69435"}],"wp:attachment":[{"href":"https:\/\/hiphop4life.fr\/shop\/wp-json\/wp\/v2\/media?parent=69434"}],"wp:term":[{"taxonomy":"product_brand","embeddable":true,"href":"https:\/\/hiphop4life.fr\/shop\/wp-json\/wp\/v2\/product_brand?post=69434"},{"taxonomy":"product_cat","embeddable":true,"href":"https:\/\/hiphop4life.fr\/shop\/wp-json\/wp\/v2\/product_cat?post=69434"},{"taxonomy":"product_tag","embeddable":true,"href":"https:\/\/hiphop4life.fr\/shop\/wp-json\/wp\/v2\/product_tag?post=69434"}],"curies":[{"name":"wp","href":"https:\/\/api.w.org\/{rel}","templated":true}]}}