{"id":69440,"date":"2016-07-23T18:30:59","date_gmt":"2016-07-23T16:30:59","guid":{"rendered":"http:\/\/hiphop4life.fr\/shop\/produit\/mac-miller-good-am-vinyle\/"},"modified":"2022-01-17T16:05:17","modified_gmt":"2022-01-17T15:05:17","slug":"mac-miller-good-am-vinyle","status":"publish","type":"product","link":"https:\/\/hiphop4life.fr\/shop\/produit\/mac-miller-good-am-vinyle\/","title":{"rendered":"Mac Miller &#8211; GO:OD AM [Vinyle Deluxe Black Cover]"},"content":{"rendered":"<div class=\"wpb-content-wrapper\"><p>[vc_row][vc_column width=\u00a0\u00bb1\/1&Prime;][vc_column_text]<em>Faces<\/em> et <em>GO:OD AM<\/em> repr\u00e9sentent le\u00a0tournant de\u00a0la carri\u00e8re de Mac Miller.<br \/>\nCoinc\u00e9 dans cette image de rap\/pop impersonnel de coll\u00e9gien blanc, une sorte de blague qui ne peut\u00a0pas durer, le rappeur de Pittsburgh a encaiss\u00e9 les coups, cherch\u00e9 son style, pris en maturit\u00e9, donn\u00e9 de la profondeur \u00e0 sa plume et du cachet \u00e0 sa musique\u00a0pour balancer \u00e0 la gueule du monde le g\u00e9nial <em>Faces<\/em>, meilleure mixtape rap de 2014, avant de confirmer avec\u00a0son album le plus abouti \u00e0 ce jour.[\/vc_column_text][vc_single_image media=\u00a0\u00bb69441&Prime; media_width_percent=\u00a0\u00bb100&Prime;][vc_column_text]<iframe src=\"https:\/\/embed.spotify.com\/?uri=spotify%3Aalbum%3A2Tyx5dLhHYkx6zeAdVaTzN\" width=\"300\" height=\"380\" frameborder=\"0\"><span data-mce-type=\"bookmark\" style=\"display: inline-block; width: 0px; overflow: hidden; line-height: 0;\" class=\"mce_SELRES_start\">\ufeff<\/span><\/iframe><\/p>\n<p><strong>Tracklist<\/strong><\/p>\n<p><em>A1 Doors<br \/>\nA2 Brand Name<br \/>\nA3 Rush Hour<br \/>\nA4 Two Matches<br \/>\nA5 100 Grandkids<br \/>\nB1 Time Flies<br \/>\nB2 Weekend<br \/>\nB3 Clubhouse<br \/>\nB4 In The Bag<br \/>\nC1 Break The Law<br \/>\nC2 Perfect Circle \/ God Speed<br \/>\nC3 When In Rome<br \/>\nC4 Ros<br \/>\nD1 Cut The Check<br \/>\nD2 Ascension<br \/>\nD3 Jump<br \/>\nD4 The Festival<br \/>\nE1 Boo (Interlude)<br \/>\nE2 Speed Racer<br \/>\nE3 I Got This Beat In My Head<br \/>\nE4 In Kindergarten<br \/>\nE5 Real<br \/>\nF1 Troubled Mans Lullaby<br \/>\nF2 HD<br \/>\nF3 No Shots<br \/>\nF4 Pet Sounds<\/em><\/p>\n<p>Les classiques de Mac Miller sont \u00e0 \u00e9couter dans la playlist\u00a0Hip-Hop 4 Life, <a href=\"http:\/\/hiphop4life.fr\/chroniques\/playlists\/\"><em>Cartoon &amp; Ceral<\/em><\/a>.[\/vc_column_text][\/vc_column][\/vc_row]<\/p>\n<\/div>","protected":false},"excerpt":{"rendered":"<p><strong>Album :<\/strong> GO:OD AM<br \/>\n<strong>Artiste :<\/strong>\u00a0Mac Miller<br \/>\n<strong>Etat :<\/strong>\u00a0Neuf<br \/>\n<strong>Format :<\/strong>\u00a0Vinyle, 3 LP, Album<br \/>\n<strong>Label :<\/strong>\u00a0Remember Records<br \/>\n<strong>Edition :<\/strong> R\u00e9\u00e9dition deluxe 2019 &#8211; Black Cover &#8211; 9 bonus tracks !<br \/>\n<strong>Date de sortie :<\/strong>\u00a02015<br \/>\n<strong>Genre :<\/strong>\u00a0Hip-Hop \/ Rap US<\/p>\n","protected":false},"featured_media":94173,"comment_status":"open","ping_status":"closed","template":"","meta":{"om_disable_all_campaigns":false,"_monsterinsights_skip_tracking":false,"_monsterinsights_sitenote_active":false,"_monsterinsights_sitenote_note":"","_monsterinsights_sitenote_category":0},"product_brand":[],"product_cat":[9206],"product_tag":[7266,8848,5989,5325,5991,5855,7701,5326],"class_list":{"0":"post-69440","1":"product","2":"type-product","3":"status-publish","4":"has-post-thumbnail","6":"product_cat-new-school","7":"product_tag-collector","8":"product_tag-deluxe","9":"product_tag-good-am","10":"product_tag-hip-hop","11":"product_tag-mac-miller","12":"product_tag-new-school","13":"product_tag-original","14":"product_tag-rap-us","15":"product_shipping_class-lp","17":"first","18":"outofstock","19":"taxable","20":"shipping-taxable","21":"purchasable","22":"product-type-simple"},"aioseo_notices":[],"_links":{"self":[{"href":"https:\/\/hiphop4life.fr\/shop\/wp-json\/wp\/v2\/product\/69440","targetHints":{"allow":["GET"]}}],"collection":[{"href":"https:\/\/hiphop4life.fr\/shop\/wp-json\/wp\/v2\/product"}],"about":[{"href":"https:\/\/hiphop4life.fr\/shop\/wp-json\/wp\/v2\/types\/product"}],"replies":[{"embeddable":true,"href":"https:\/\/hiphop4life.fr\/shop\/wp-json\/wp\/v2\/comments?post=69440"}],"wp:featuredmedia":[{"embeddable":true,"href":"https:\/\/hiphop4life.fr\/shop\/wp-json\/wp\/v2\/media\/94173"}],"wp:attachment":[{"href":"https:\/\/hiphop4life.fr\/shop\/wp-json\/wp\/v2\/media?parent=69440"}],"wp:term":[{"taxonomy":"product_brand","embeddable":true,"href":"https:\/\/hiphop4life.fr\/shop\/wp-json\/wp\/v2\/product_brand?post=69440"},{"taxonomy":"product_cat","embeddable":true,"href":"https:\/\/hiphop4life.fr\/shop\/wp-json\/wp\/v2\/product_cat?post=69440"},{"taxonomy":"product_tag","embeddable":true,"href":"https:\/\/hiphop4life.fr\/shop\/wp-json\/wp\/v2\/product_tag?post=69440"}],"curies":[{"name":"wp","href":"https:\/\/api.w.org\/{rel}","templated":true}]}}