{"id":69447,"date":"2016-03-28T15:16:34","date_gmt":"2016-03-28T13:16:34","guid":{"rendered":"http:\/\/hiphop4life.fr\/shop\/produit\/missy-elliot-miss-e-so-addictive-vinyle\/"},"modified":"2022-01-17T16:16:27","modified_gmt":"2022-01-17T15:16:27","slug":"missy-elliott-miss-e-so-addictive-vinyle","status":"publish","type":"product","link":"https:\/\/hiphop4life.fr\/shop\/produit\/missy-elliott-miss-e-so-addictive-vinyle\/","title":{"rendered":"Missy Elliott &#8211; Miss E&#8230;So Addictive [Vinyle]"},"content":{"rendered":"<div class=\"wpb-content-wrapper\"><p>[vc_row][vc_column width=\u00a0\u00bb1\/1&Prime;][vc_column_text]Lyrics explicites, production futuriste, sonorit\u00e9s exotiques, chor\u00e9graphies sauvages, funk de l&rsquo;espace, club bangers, flow sous coca\u00efne&#8230; la folie cr\u00e9ative de Timbaland et Missy Elliott explose sur ce 3\u00e8me album avant-gardiste qui lance les ann\u00e9es 2000, sans aucun doute l&rsquo;un des disques les plus novateurs de la d\u00e9cennie \u00e0 venir et le meilleur album de la rappeuse.[\/vc_column_text][vc_single_image media=\u00a0\u00bb69449&Prime; media_width_percent=\u00a0\u00bb100&Prime;][vc_column_text]<iframe src=\"https:\/\/embed.spotify.com\/?uri=spotify%3Aalbum%3A20t54K6C80QQH7vbcpfJcP\" width=\"300\" height=\"380\" frameborder=\"0\"><\/iframe><\/p>\n<p><strong>Tracklist<\/strong><\/p>\n<p><em>1. &#8230;So Addictive (Intro) (Ft. Tweet)<\/em><br \/>\n<em>2. Dog in Heat (Ft. Method Man &amp; Redman)<\/em><br \/>\n<em>3. One Minute Man (Ft. Ludacris)<\/em><br \/>\n<em>4. Lick Shots<\/em><br \/>\n<em>5. Get Ur Freak On<\/em><br \/>\n<em>6. Scream a.k.a. Itchin&rsquo;<\/em><br \/>\n<em>7. Old School Joint<\/em><br \/>\n<em>8. Take Away (Ft. Ginuwine &amp; Kameelah Williams of 702)<\/em><br \/>\n<em>9. 4 My People (Ft. Eve)<\/em><br \/>\n<em>10. Bus-a-Bus Interlude (Ft. Busta Rhymes)<\/em><br \/>\n<em>11. Whatcha Gon&rsquo; Do (Ft. Timbaland)<\/em><br \/>\n<em>12. Step Off<\/em><br \/>\n<em>13. X-Tasy<\/em><br \/>\n<em>14. Slap! Slap! Slap! (Ft. Da Brat &amp; Ms. Jade)<\/em><br \/>\n<em>15. I&rsquo;ve Changed (Interlude) (Ft. Lil Mo)<\/em><br \/>\n<em>16. One Minute Man (Remix) (Ft. Jay-Z)<\/em><\/p>\n<p>Les meilleurs sons rap des ann\u00e9es 2000 sont \u00e0 \u00e9couter dans la playlist Hip-Hop 4 Life <a href=\"http:\/\/hiphop4life.fr\/chroniques\/playlists\/\">ici<\/a>.<em><br \/>\n<\/em>[\/vc_column_text][\/vc_column][\/vc_row]<\/p>\n<\/div>","protected":false},"excerpt":{"rendered":"<p><strong>Album :<\/strong> Miss E&#8230;So Addictive<br \/>\n<strong>Artiste :<\/strong>\u00a0Missy Elliott<br \/>\n<strong>Etat :<\/strong>\u00a0Neuf<br \/>\n<strong>Format :<\/strong>\u00a0Vinyle, 2 LP, Album<br \/>\n<strong>Label :<\/strong>\u00a0Elektra<br \/>\n<strong>Edition :<\/strong> Originale<br \/>\n<strong>Date de sortie :<\/strong>\u00a02001<br \/>\n<strong>Genre :<\/strong>\u00a0Hip-Hop \/ Rap US \/\u00a0R&amp;B<\/p>\n","protected":false},"featured_media":69448,"comment_status":"open","ping_status":"closed","template":"","meta":{"om_disable_all_campaigns":false,"_monsterinsights_skip_tracking":false,"_monsterinsights_sitenote_active":false,"_monsterinsights_sitenote_note":"","_monsterinsights_sitenote_category":0},"product_brand":[],"product_cat":[6172,6179],"product_tag":[5374,5325,5471,5515,7701,5347,5326,5971],"class_list":{"0":"post-69447","1":"product","2":"type-product","3":"status-publish","4":"has-post-thumbnail","6":"product_cat-2000s","7":"product_cat-soul-rnb","8":"product_tag-2000s","9":"product_tag-hip-hop","10":"product_tag-miss-e-so-addictive","11":"product_tag-missy-elliott","12":"product_tag-original","13":"product_tag-r-n-b","14":"product_tag-rap-us","15":"product_tag-timbaland","16":"product_shipping_class-2-lp","18":"first","19":"outofstock","20":"taxable","21":"shipping-taxable","22":"purchasable","23":"product-type-simple"},"aioseo_notices":[],"_links":{"self":[{"href":"https:\/\/hiphop4life.fr\/shop\/wp-json\/wp\/v2\/product\/69447","targetHints":{"allow":["GET"]}}],"collection":[{"href":"https:\/\/hiphop4life.fr\/shop\/wp-json\/wp\/v2\/product"}],"about":[{"href":"https:\/\/hiphop4life.fr\/shop\/wp-json\/wp\/v2\/types\/product"}],"replies":[{"embeddable":true,"href":"https:\/\/hiphop4life.fr\/shop\/wp-json\/wp\/v2\/comments?post=69447"}],"wp:featuredmedia":[{"embeddable":true,"href":"https:\/\/hiphop4life.fr\/shop\/wp-json\/wp\/v2\/media\/69448"}],"wp:attachment":[{"href":"https:\/\/hiphop4life.fr\/shop\/wp-json\/wp\/v2\/media?parent=69447"}],"wp:term":[{"taxonomy":"product_brand","embeddable":true,"href":"https:\/\/hiphop4life.fr\/shop\/wp-json\/wp\/v2\/product_brand?post=69447"},{"taxonomy":"product_cat","embeddable":true,"href":"https:\/\/hiphop4life.fr\/shop\/wp-json\/wp\/v2\/product_cat?post=69447"},{"taxonomy":"product_tag","embeddable":true,"href":"https:\/\/hiphop4life.fr\/shop\/wp-json\/wp\/v2\/product_tag?post=69447"}],"curies":[{"name":"wp","href":"https:\/\/api.w.org\/{rel}","templated":true}]}}