{"id":69457,"date":"2016-01-07T08:46:44","date_gmt":"2016-01-07T07:46:44","guid":{"rendered":"http:\/\/hiphop4life.fr\/shop\/produit\/ol-dirty-bastard-return-to-the-36-chambers-the-dirty-version-vinyle\/"},"modified":"2022-02-15T09:29:10","modified_gmt":"2022-02-15T08:29:10","slug":"ol-dirty-bastard-return-to-the-36-chambers-the-dirty-version-vinyle","status":"publish","type":"product","link":"https:\/\/hiphop4life.fr\/shop\/produit\/ol-dirty-bastard-return-to-the-36-chambers-the-dirty-version-vinyle\/","title":{"rendered":"Ol&rsquo; Dirty Bastard &#8211; Return to the 36 Chambers: The Dirty Version [Vinyle]"},"content":{"rendered":"<div class=\"wpb-content-wrapper\"><p>[vc_row][vc_column width=\u00a0\u00bb1\/1&Prime;][vc_column_text]3\u00e8me vague de l&rsquo;invasion des samoura\u00efs de Staten Island, apr\u00e8s <a href=\"http:\/\/hiphop4life.fr\/shop\/product\/wu-tang-clan-enter-the-wu-tang-clan-36-chambers-vinyle\/\"><em>36 Chambers<\/em><\/a> et <a href=\"http:\/\/hiphop4life.fr\/shop\/product\/method-man-tical-vinyle\/\"><em>Tical<\/em><\/a>,\u00a0duel avec le plus fou des disciples du Wu-Tang Clan : Ol&rsquo; Dirty Bastard.<br \/>\nCertainement le vocaliste le plus original de l&rsquo;histoire du rap, son flow\u00a0est juste indescriptible, aussi brillant qu&rsquo;in\u00e9coutable, pas vraiment rapp\u00e9, pas vraiment chant\u00e9, souvent faux et off-beat, entre un clochard hyst\u00e9rique compl\u00e8tement bourr\u00e9 et un g\u00e9nie illumin\u00e9 !<br \/>\nLa folie est au tournant, Brooklyn ressemble \u00e0 un zoo hant\u00e9 par\u00a0les claviers dissonants de RZA et la personnalit\u00e9\u00a0tourment\u00e9e d&rsquo;Ol&rsquo; Dirty Bastard, R.I.P.[\/vc_column_text][vc_single_image media=\u00a0\u00bb69328&Prime; media_width_percent=\u00a0\u00bb100&Prime;][vc_column_text]<iframe src=\"https:\/\/embed.spotify.com\/?uri=spotify%3Aalbum%3A4tI4WJdTN5MzDMRMl2i7VR\" width=\"300\" height=\"380\" frameborder=\"0\"><\/iframe><\/p>\n<p><strong>Tracklist<\/strong><\/p>\n<p><em>1. Intro<\/em><br \/>\n<em>2. Shimmy Shimmy Ya<\/em><br \/>\n<em>3. Baby, C&rsquo;mon<\/em><br \/>\n<em>4. Brooklyn Zoo<\/em><br \/>\n<em>5. Hippa to da Hoppa<\/em><br \/>\n<em>6. Raw Hide (Ft. Raekwon &amp; Method Man)<\/em><br \/>\n<em>7. Damage (Ft. GZA)<\/em><br \/>\n<em>8. Don&rsquo;t U Know (Ft. Killah Priest)<\/em><br \/>\n<em>9. The Stomp<\/em><br \/>\n<em>10. Goin&rsquo; Down<\/em><br \/>\n<em>11. Drunk Game (Sweet Sugar Pie)<\/em><br \/>\n<em>12. Snakes (Ft. Killah Priest, RZA, Masta Killa &amp; Buddha Monk)<\/em><br \/>\n<em>13. Brooklyn Zoo II (Tiger Crane) (Ft. Ghostface Killah)<\/em><br \/>\n<em>14. Proteck Ya Neck II The Zoo (Ft. Budda Monk, Prodigal Sunn, Zu Keeper, Murduc, Killah Priest, 12 O&rsquo;Clock, Shorty Shitstain &amp; 60 Second Assassin)<\/em><br \/>\n<em>15. Cuttin&rsquo; Headz (Ft. RZA)<\/em><\/p>\n<p>Tous les classiques du\u00a0<strong>Wu-Tang Clan<\/strong>\u00a0sont \u00e0 \u00e9couter dans la playlist Hip-Hop 4 Life : <a href=\"http:\/\/hiphop4life.fr\/chroniques\/playlists\/\">36 Chambers<\/a>.<em><br \/>\n<\/em>[\/vc_column_text][\/vc_column][\/vc_row]<\/p>\n<\/div>","protected":false},"excerpt":{"rendered":"<p><strong>Album :<\/strong> Return to the 36 Chambers: The Dirty Version<br \/>\n<strong>Artiste :<\/strong> Ol&rsquo; Dirty Bastard<br \/>\n<strong>Etat :<\/strong>\u00a0Neuf<br \/>\n<strong>Format :<\/strong>\u00a0Vinyle, LP, Album<br \/>\n<strong>Label :<\/strong>\u00a0Elektra<br \/>\n<strong>Edition :\u00a0<\/strong>R\u00e9\u00e9dition 2014 \u00ab\u00a0Music On Vinyl\u00a0\u00bb &#8211; 180g Audiophile<br \/>\n<strong>Date de sortie :<\/strong>\u00a01995<br \/>\n<strong>Genre :<\/strong>\u00a0Hip-Hop \/ Rap US \/\u00a0East Coast \/ Hardcore<\/p>\n","protected":false},"featured_media":69458,"comment_status":"open","ping_status":"closed","template":"","meta":{"om_disable_all_campaigns":false,"_monsterinsights_skip_tracking":false,"_monsterinsights_sitenote_active":false,"_monsterinsights_sitenote_note":"","_monsterinsights_sitenote_category":0},"product_brand":[],"product_cat":[6174,6171],"product_tag":[7705,5337,5339,5871,5325,5476,5326,7693,5968,5868],"class_list":{"0":"post-69457","1":"product","2":"type-product","3":"status-publish","4":"has-post-thumbnail","6":"product_cat-east-coast","7":"product_cat-golden-age","8":"product_tag-180g","9":"product_tag-east-coast","10":"product_tag-golden-age","11":"product_tag-hardcore","12":"product_tag-hip-hop","13":"product_tag-ol-dirty-bastard","14":"product_tag-rap-us","15":"product_tag-reedition","16":"product_tag-return-to-the-36-chambers-the-dirty-version","17":"product_tag-wu-tang-clan","18":"product_shipping_class-lp","20":"first","21":"outofstock","22":"taxable","23":"shipping-taxable","24":"purchasable","25":"product-type-simple"},"aioseo_notices":[],"_links":{"self":[{"href":"https:\/\/hiphop4life.fr\/shop\/wp-json\/wp\/v2\/product\/69457","targetHints":{"allow":["GET"]}}],"collection":[{"href":"https:\/\/hiphop4life.fr\/shop\/wp-json\/wp\/v2\/product"}],"about":[{"href":"https:\/\/hiphop4life.fr\/shop\/wp-json\/wp\/v2\/types\/product"}],"replies":[{"embeddable":true,"href":"https:\/\/hiphop4life.fr\/shop\/wp-json\/wp\/v2\/comments?post=69457"}],"wp:featuredmedia":[{"embeddable":true,"href":"https:\/\/hiphop4life.fr\/shop\/wp-json\/wp\/v2\/media\/69458"}],"wp:attachment":[{"href":"https:\/\/hiphop4life.fr\/shop\/wp-json\/wp\/v2\/media?parent=69457"}],"wp:term":[{"taxonomy":"product_brand","embeddable":true,"href":"https:\/\/hiphop4life.fr\/shop\/wp-json\/wp\/v2\/product_brand?post=69457"},{"taxonomy":"product_cat","embeddable":true,"href":"https:\/\/hiphop4life.fr\/shop\/wp-json\/wp\/v2\/product_cat?post=69457"},{"taxonomy":"product_tag","embeddable":true,"href":"https:\/\/hiphop4life.fr\/shop\/wp-json\/wp\/v2\/product_tag?post=69457"}],"curies":[{"name":"wp","href":"https:\/\/api.w.org\/{rel}","templated":true}]}}