{"id":69460,"date":"2016-01-07T11:58:46","date_gmt":"2016-01-07T10:58:46","guid":{"rendered":"http:\/\/hiphop4life.fr\/shop\/produit\/outkast-southernplayalisticadillacmuzik-vinyle\/"},"modified":"2023-07-25T15:01:19","modified_gmt":"2023-07-25T13:01:19","slug":"outkast-southernplayalisticadillacmuzik-vinyle","status":"publish","type":"product","link":"https:\/\/hiphop4life.fr\/shop\/produit\/outkast-southernplayalisticadillacmuzik-vinyle\/","title":{"rendered":"Outkast &#8211; Southernplayalisticadillacmuzik [Vinyle]"},"content":{"rendered":"<div class=\"wpb-content-wrapper\"><p>[vc_row][vc_column width=\u00a0\u00bb1\/1&Prime;][vc_column_text]Plus j&rsquo;\u00e9coute du rap et plus je me dis qu&rsquo;il est\u00a0difficile de faire mieux que la musique d&rsquo;Outkast.<br \/>\nLes flows des deux ATLiens se compl\u00e8tent comme le yin et le yang, la cr\u00e9ativit\u00e9 sans limite et la dext\u00e9rit\u00e9 lyricale d&rsquo;Andr\u00e9 3000 sont contrebalanc\u00e9es par la street cred&rsquo; et le rap efficace de Big Boi,\u00a0une alchimie fratricide\u00a0qui s&rsquo;\u00e9panouit \u00e0 travers le g\u00e9nie des productions\u00a0chill et funky d&rsquo;Organized Noise, de temps \u00e0 autre sublim\u00e9es par le falsetto de 3 Stacks qui te fera le m\u00eame effet qu&rsquo;un joint.[\/vc_column_text][vc_single_image media=\u00a0\u00bb69461&Prime; media_width_percent=\u00a0\u00bb100&Prime;][vc_column_text]<iframe src=\"https:\/\/embed.spotify.com\/?uri=spotify%3Aalbum%3A3l5AwLKqQ42VJbc5lTuP8G\" width=\"300\" height=\"380\" frameborder=\"0\"><span data-mce-type=\"bookmark\" style=\"display: inline-block; width: 0px; overflow: hidden; line-height: 0;\" class=\"mce_SELRES_start\">\ufeff<\/span><\/iframe><\/p>\n<p><strong>Tracklist<\/strong><\/p>\n<p><em>1. Peaches (Intro)<\/em><br \/>\n<em>2. Myintrotoletuknow<\/em><br \/>\n<em>3. Ain&rsquo;t No Thang<\/em><br \/>\n<em>4. Welcome to Atlanta (Interlude)<\/em><br \/>\n<em>5. Southernplayalisticadillacmuzik<\/em><br \/>\n<em>6. Call of da Wild (Ft. Goodie Mob)<\/em><br \/>\n<em>7. Player&rsquo;s Ball<\/em><br \/>\n<em>8. Claimin&rsquo; True<\/em><br \/>\n<em>9. Club Donkey Ass (Interlude)<\/em><br \/>\n<em>10. Funky Ride<\/em><br \/>\n<em>11. Flim Flam (Interlude)<\/em><br \/>\n<em>12. Git Up, Git Out\u00a0\u00bb (Ft. Goodie Mob)<\/em><br \/>\n<em>13. True Dat (Interlude)<\/em><br \/>\n<em>14. Crumblin&rsquo; Erb<\/em><br \/>\n<em>15. Hootie Hoo<\/em><br \/>\n<em>16. D.E.E.P.<\/em><br \/>\n<em>17. Player&rsquo;s Ball (Reprise)<\/em><\/p>\n<p>Tous les classiques d&rsquo;<strong>Outkast<\/strong> sont \u00e0 \u00e9couter dans la playlist Hip-Hop 4 Life : <a href=\"http:\/\/hiphop4life.fr\/chroniques\/playlists\/\">ATLiens<\/a>.<em><br \/>\n<\/em>[\/vc_column_text][\/vc_column][\/vc_row]<\/p>\n<\/div>","protected":false},"excerpt":{"rendered":"<p><strong>Album :<\/strong> Southernplayalisticadillacmuzik<br \/>\n<strong>Artiste :<\/strong>\u00a0Outkast- Big Boi &amp; Andr\u00e9 3000<br \/>\n<strong>Etat :<\/strong>\u00a0Neuf<br \/>\n<strong>Format :<\/strong>\u00a0Vinyle, LP, Album<br \/>\n<strong>Label :<\/strong>\u00a0LaFace Records<br \/>\n<strong>Edition :<\/strong>\u00a0R\u00e9\u00e9dition 2014 \u00ab\u00a0Music On Vinyl\u00a0\u00bb &#8211; 180g Audiophile<br \/>\n<strong>Date de sortie :<\/strong>\u00a01994<br \/>\n<strong>Genre :<\/strong>\u00a0Hip-Hop \/ Rap US \/\u00a0Dirty South<\/p>\n","protected":false},"featured_media":69462,"comment_status":"open","ping_status":"closed","template":"","meta":{"om_disable_all_campaigns":false,"_monsterinsights_skip_tracking":false,"_monsterinsights_sitenote_active":false,"_monsterinsights_sitenote_note":"","_monsterinsights_sitenote_category":0},"product_brand":[],"product_cat":[6176,6171],"product_tag":[7705,5960,5959,5372,5965,5339,5325,7178,5963,5326,7693],"class_list":{"0":"post-69460","1":"product","2":"type-product","3":"status-publish","4":"has-post-thumbnail","6":"product_cat-dirty-south","7":"product_cat-golden-age","8":"product_tag-180g","9":"product_tag-andre-3000","10":"product_tag-big-boi","11":"product_tag-dirty-south","12":"product_tag-dungeon-family","13":"product_tag-golden-age","14":"product_tag-hip-hop","15":"product_tag-organized-noize","16":"product_tag-outkast","17":"product_tag-rap-us","18":"product_tag-reedition","19":"product_shipping_class-lp","21":"first","22":"outofstock","23":"taxable","24":"shipping-taxable","25":"purchasable","26":"product-type-simple"},"aioseo_notices":[],"_links":{"self":[{"href":"https:\/\/hiphop4life.fr\/shop\/wp-json\/wp\/v2\/product\/69460","targetHints":{"allow":["GET"]}}],"collection":[{"href":"https:\/\/hiphop4life.fr\/shop\/wp-json\/wp\/v2\/product"}],"about":[{"href":"https:\/\/hiphop4life.fr\/shop\/wp-json\/wp\/v2\/types\/product"}],"replies":[{"embeddable":true,"href":"https:\/\/hiphop4life.fr\/shop\/wp-json\/wp\/v2\/comments?post=69460"}],"wp:featuredmedia":[{"embeddable":true,"href":"https:\/\/hiphop4life.fr\/shop\/wp-json\/wp\/v2\/media\/69462"}],"wp:attachment":[{"href":"https:\/\/hiphop4life.fr\/shop\/wp-json\/wp\/v2\/media?parent=69460"}],"wp:term":[{"taxonomy":"product_brand","embeddable":true,"href":"https:\/\/hiphop4life.fr\/shop\/wp-json\/wp\/v2\/product_brand?post=69460"},{"taxonomy":"product_cat","embeddable":true,"href":"https:\/\/hiphop4life.fr\/shop\/wp-json\/wp\/v2\/product_cat?post=69460"},{"taxonomy":"product_tag","embeddable":true,"href":"https:\/\/hiphop4life.fr\/shop\/wp-json\/wp\/v2\/product_tag?post=69460"}],"curies":[{"name":"wp","href":"https:\/\/api.w.org\/{rel}","templated":true}]}}