{"id":69463,"date":"2016-01-10T10:12:10","date_gmt":"2016-01-10T09:12:10","guid":{"rendered":"http:\/\/hiphop4life.fr\/shop\/produit\/outkast-speakerboxxx-the-love-below-vinyle\/"},"modified":"2022-07-21T16:19:59","modified_gmt":"2022-07-21T14:19:59","slug":"outkast-speakerboxxx-the-love-below-vinyle","status":"publish","type":"product","link":"https:\/\/hiphop4life.fr\/shop\/produit\/outkast-speakerboxxx-the-love-below-vinyle\/","title":{"rendered":"Outkast &#8211; Speakerboxxx\/The Love Below [Vinyle]"},"content":{"rendered":"<div class=\"wpb-content-wrapper\"><p>[vc_row][vc_column width=\u00a0\u00bb1\/1&Prime;][vc_column_text]Scind\u00e9 en deux albums distincts, <em>Speakerboxxx\/The Love Below<\/em> repr\u00e9sente l&rsquo;explosion cr\u00e9ative et le sacre commercial d&rsquo;Outkast.<br \/>\nD&rsquo;un c\u00f4t\u00e9 le rap sudiste inspir\u00e9 du P-Funk\u00a0de Big Boi, de l&rsquo;autre l&rsquo;exp\u00e9rimentation sans limite d&rsquo;Andr\u00e9 3000 qui nous rappelle un certain Prince, deux faces d&rsquo;une m\u00eame pi\u00e8ce qui se compl\u00e8tent et forment le double-album le plus r\u00e9volutionnaire des ann\u00e9es 2000, le Sud a quelque chose \u00e0 dire.[\/vc_column_text][vc_single_image media=\u00a0\u00bb69465&Prime; media_width_percent=\u00a0\u00bb100&Prime;][vc_column_text]<iframe src=\"https:\/\/embed.spotify.com\/?uri=spotify%3Aalbum%3A00XMrHZoOsYLmiyx890axX\" width=\"300\" height=\"380\" frameborder=\"0\"><\/iframe><\/p>\n<p><strong>Tracklist<\/strong><\/p>\n<p>Speakerboxxx<\/p>\n<p><em>1. Intro<\/em><br \/>\n<em>2. Ghetto Musick (Ft. Andr\u00e9 3000)<\/em><br \/>\n<em>3. Unhappy <\/em><br \/>\n<em>4. Bowtie (Ft. Sleepy Brown &amp; Jazze Pha) <\/em><br \/>\n<em>5. The Way You Move (Ft. Sleepy Brown) <\/em><br \/>\n<em>6. The Rooster<\/em><br \/>\n<em>7. Bust (Ft. Killer Mike) <\/em><br \/>\n<em>8. War<\/em><br \/>\n<em>9. Church<\/em><br \/>\n<em>10. Bamboo (Interlude)<\/em><br \/>\n<em>11. Tomb of the Boom (Ft. Konkrete, Big Gipp &amp; Ludacris) <\/em><br \/>\n<em>12. E-Mac (Interlude)<\/em><br \/>\n<em>13. Knowing (Ft. Andr\u00e9 3000) <\/em><br \/>\n<em>14. Flip Flop Rock (Ft. Killer Mike &amp; Jay Z) <\/em><br \/>\n<em>15. Interlude<\/em><br \/>\n<em>16. Reset (Ft. Khujo &amp; CeeLo Green) <\/em><br \/>\n<em>17. D-Boi (Interlude)<\/em><br \/>\n<em>18. Last Call (Ft. Slimm Calhoun, Lil Jon &amp; the East Side Boyz and Mello) <\/em><br \/>\n<em>19. Bowtie (Postlude)<\/em><\/p>\n<p>The Love Below<\/p>\n<p><em>1. The Love Below (Intro)<\/em><br \/>\n<em>2. Love Hater <\/em><br \/>\n<em>3. God (Interlude)<\/em><br \/>\n<em>4. Happy Valentine&rsquo;s Day<\/em><br \/>\n<em>5. Spread<\/em><br \/>\n<em>6. Where Are My Panties?<\/em><br \/>\n<em>7. Prototype<\/em><br \/>\n<em>8. She Lives in My Lap (Ft. Rosario Dawson) <\/em><br \/>\n<em>9. Hey Ya! <\/em><br \/>\n<em>10. Roses <\/em><br \/>\n<em>11. Good Day, Good Sir<\/em><br \/>\n<em>12. Behold a Lady<\/em><br \/>\n<em>13. Pink &amp; Blue <\/em><br \/>\n<em>14. Love in War<\/em><br \/>\n<em>15. She&rsquo;s Alive <\/em><br \/>\n<em>16. Dracula&rsquo;s Wedding (Ft. Kelis)<\/em><br \/>\n<em>17. My Favorite Things<\/em><br \/>\n<em>18. Take Off Your Cool (Ft. Norah Jones) <\/em><br \/>\n<em>19. Vibrate<\/em><br \/>\n<em>20. A Life in the Day of Benjamin Andr\u00e9 (Incomplete)<\/em><\/p>\n<p>Tous les classiques d&rsquo;<strong>Outkast<\/strong> sont \u00e0 \u00e9couter dans la playlist Hip-Hop 4 Life : <a href=\"http:\/\/hiphop4life.fr\/chroniques\/playlists\/\">ATLiens<\/a>.<em><br \/>\n<\/em>[\/vc_column_text][\/vc_column][\/vc_row]<\/p>\n<\/div>","protected":false},"excerpt":{"rendered":"<p><strong>Album :<\/strong> Speakerboxxx\/The Love Below<br \/>\n<strong>Artiste :<\/strong>\u00a0Outkast &#8211; Big Boi &amp; Andr\u00e9 3000<br \/>\n<strong>Etat :<\/strong>\u00a0Neuf<br \/>\n<strong>Format :<\/strong>\u00a0Vinyle, 4 LP, Album<br \/>\n<strong>Label :<\/strong>\u00a0Arista<br \/>\n<strong>Edition :<\/strong> R\u00e9\u00e9dition 2016 \u00ab\u00a0We Are Vinyl\u00a0\u00bb &#8211; 180g Audiophile<br \/>\n<strong>Date de sortie :<\/strong>\u00a02003<br \/>\n<strong>Genre :<\/strong>\u00a0Hip-Hop \/ Rap US \/\u00a0Dirty South \/ Funk \/ Jazz<\/p>\n","protected":false},"featured_media":69464,"comment_status":"open","ping_status":"closed","template":"","meta":{"om_disable_all_campaigns":false,"_monsterinsights_skip_tracking":false,"_monsterinsights_sitenote_active":false,"_monsterinsights_sitenote_note":"","_monsterinsights_sitenote_category":0},"product_brand":[],"product_cat":[6172,6176],"product_tag":[7705,5374,5960,5959,5372,5965,5873,5325,6101,7178,5963,5326,7693,5955],"class_list":{"0":"post-69463","1":"product","2":"type-product","3":"status-publish","4":"has-post-thumbnail","6":"product_cat-2000s","7":"product_cat-dirty-south","8":"product_tag-180g","9":"product_tag-2000s","10":"product_tag-andre-3000","11":"product_tag-big-boi","12":"product_tag-dirty-south","13":"product_tag-dungeon-family","14":"product_tag-funk","15":"product_tag-hip-hop","16":"product_tag-jazz","17":"product_tag-organized-noize","18":"product_tag-outkast","19":"product_tag-rap-us","20":"product_tag-reedition","21":"product_tag-speakerboxxxthe-love-below","22":"product_shipping_class-4-lp","24":"first","25":"outofstock","26":"taxable","27":"shipping-taxable","28":"purchasable","29":"product-type-simple"},"aioseo_notices":[],"_links":{"self":[{"href":"https:\/\/hiphop4life.fr\/shop\/wp-json\/wp\/v2\/product\/69463","targetHints":{"allow":["GET"]}}],"collection":[{"href":"https:\/\/hiphop4life.fr\/shop\/wp-json\/wp\/v2\/product"}],"about":[{"href":"https:\/\/hiphop4life.fr\/shop\/wp-json\/wp\/v2\/types\/product"}],"replies":[{"embeddable":true,"href":"https:\/\/hiphop4life.fr\/shop\/wp-json\/wp\/v2\/comments?post=69463"}],"wp:featuredmedia":[{"embeddable":true,"href":"https:\/\/hiphop4life.fr\/shop\/wp-json\/wp\/v2\/media\/69464"}],"wp:attachment":[{"href":"https:\/\/hiphop4life.fr\/shop\/wp-json\/wp\/v2\/media?parent=69463"}],"wp:term":[{"taxonomy":"product_brand","embeddable":true,"href":"https:\/\/hiphop4life.fr\/shop\/wp-json\/wp\/v2\/product_brand?post=69463"},{"taxonomy":"product_cat","embeddable":true,"href":"https:\/\/hiphop4life.fr\/shop\/wp-json\/wp\/v2\/product_cat?post=69463"},{"taxonomy":"product_tag","embeddable":true,"href":"https:\/\/hiphop4life.fr\/shop\/wp-json\/wp\/v2\/product_tag?post=69463"}],"curies":[{"name":"wp","href":"https:\/\/api.w.org\/{rel}","templated":true}]}}