{"id":69466,"date":"2016-04-07T12:31:02","date_gmt":"2016-04-07T10:31:02","guid":{"rendered":"http:\/\/hiphop4life.fr\/shop\/produit\/outkast-stankonia-vinyle\/"},"modified":"2022-01-17T16:14:39","modified_gmt":"2022-01-17T15:14:39","slug":"outkast-stankonia-vinyle","status":"publish","type":"product","link":"https:\/\/hiphop4life.fr\/shop\/produit\/outkast-stankonia-vinyle\/","title":{"rendered":"Outkast &#8211; Stankonia [Vinyle]"},"content":{"rendered":"<div class=\"wpb-content-wrapper\"><p>[vc_row][vc_column width=\u00a0\u00bb1\/1&Prime;][vc_column_text]4\u00e8me\u00a0album et 4\u00e8me classique pour Outkast qui a probablement la meilleure discographie du rapgame.<br \/>\nBig Boi et Andr\u00e9 3000 se r\u00e9inventent une nouvelle fois en fissurant\u00a0les fronti\u00e8res du rap qu&rsquo;ils exploseront compl\u00e8tement sur <a href=\"http:\/\/hiphop4life.fr\/shop\/produit\/outkast-speakerboxxxthe-love-below-vinyle\/\"><em>Speakerboxxx\/The Love Below<\/em><\/a>. Andr\u00e9 3000 commence sa mutation vers\u00a0une approche plus m\u00e9lodique et moins rapp\u00e9e.<br \/>\nSans cesse dans l&rsquo;exp\u00e9rimentation, le duo d&rsquo;Atlanta surprend, bouscule, d\u00e9range, impressionne tout en restant tr\u00e8s populaire avec notamment les tubes <em>Ms. Jackson<\/em>, <em>So Fresh, So Clean<\/em> et <em>B.O.B<\/em>, un \u00e9quilibre rare que l&rsquo;on retrouve\u00a0seulement chez les meilleurs.[\/vc_column_text][vc_single_image media=\u00a0\u00bb95441&Prime; media_width_percent=\u00a0\u00bb100&Prime;][vc_column_text]<iframe src=\"https:\/\/embed.spotify.com\/?uri=spotify%3Aalbum%3A2tm3Ht61kqqRZtIYsBjxEj\" width=\"300\" height=\"380\" frameborder=\"0\"><span data-mce-type=\"bookmark\" style=\"display: inline-block; width: 0px; overflow: hidden; line-height: 0;\" class=\"mce_SELRES_start\">\ufeff<\/span><\/iframe><\/p>\n<p><strong>Tracklist<\/strong><\/p>\n<p><em>1. Intro<\/em><br \/>\n<em>2. Gasoline Dreams (Ft. Khujo)<\/em><br \/>\n<em>3. I&rsquo;m Cool (Interlude)<\/em><br \/>\n<em>4. So Fresh, So Clean<\/em><br \/>\n<em>5. Ms. Jackson<\/em><br \/>\n<em>6. Snappin&rsquo; &amp; Trappin&rsquo; (Ft. Killer Mike and J-Sweet)<\/em><br \/>\n<em>7. D.F. (Interlude)<\/em><br \/>\n<em>8. Spaghetti Junction<\/em><br \/>\n<em>9. Kim &amp; Cookie (Interlude)<\/em><br \/>\n<em>10. I&rsquo;ll Call Before I Come (Ft. Gangsta Boo and Eco)<\/em><br \/>\n<em>11. B.O.B<\/em><br \/>\n<em>12. Xplosion (Ft. B-Real)<\/em><br \/>\n<em>13. Good Hair (Interlude)<\/em><br \/>\n<em>14. We Luv Deez Hoez (Ft. Backbone and Big Gipp)<\/em><br \/>\n<em>15. Humble Mumble (Ft. Erykah Badu)<\/em><br \/>\n<em>16. Drinkin&rsquo; Again (Interlude)<\/em><br \/>\n<em>17. ?<\/em><br \/>\n<em>18. Red Velvet<\/em><br \/>\n<em>19. Cruisin&rsquo; in the ATL (Interlude)<\/em><br \/>\n<em>20. Gangsta Shit (Ft. Slimm Calhoun, Blackowned C-Bone &amp; T-Mo)<\/em><br \/>\n<em>21. Toilet Tisha<\/em><br \/>\n<em>22. Slum Beautiful (Ft. CeeLo Green)<\/em><br \/>\n<em>23. Pre-Nump (Interlude)<\/em><br \/>\n<em>24. Stankonia (Stanklove) (Ft. Big Rube &amp; Sleepy Brown)<\/em><\/p>\n<p>Tous les classiques d&rsquo;<strong>Outkast<\/strong> sont \u00e0 \u00e9couter dans la playlist Hip-Hop 4 Life : <a href=\"http:\/\/hiphop4life.fr\/chroniques\/playlists\/\">ATLiens<\/a>.[\/vc_column_text][\/vc_column][\/vc_row]<\/p>\n<\/div>","protected":false},"excerpt":{"rendered":"<p><strong>Album :<\/strong> Stankonia<br \/>\n<strong>Artiste :<\/strong>\u00a0Outkast &#8211; Big Boi &amp; Andr\u00e9 3000<br \/>\n<strong>Etat :<\/strong>\u00a0Neuf<br \/>\n<strong>Format :<\/strong>\u00a0Vinyle, 2\u00a0LP, Album<br \/>\n<strong>Label :<\/strong>\u00a0LaFace Records<br \/>\n<strong>Edition :\u00a0<\/strong>R\u00e9\u00e9dition 2016 \u00ab\u00a0Music On Vinyl\u00a0\u00bb &#8211; 180g Audiophile<br \/>\n<strong>Date de sortie :<\/strong>\u00a02000<br \/>\n<strong>Genre :<\/strong>\u00a0Hip-Hop \/ Rap US \/\u00a0Dirty South<\/p>\n","protected":false},"featured_media":94796,"comment_status":"open","ping_status":"closed","template":"","meta":{"om_disable_all_campaigns":false,"_monsterinsights_skip_tracking":false,"_monsterinsights_sitenote_active":false,"_monsterinsights_sitenote_note":"","_monsterinsights_sitenote_category":0},"product_brand":[],"product_cat":[6172,6176],"product_tag":[7705,5374,5960,5959,5372,5965,5325,7178,5963,5326,7693,5953],"class_list":{"0":"post-69466","1":"product","2":"type-product","3":"status-publish","4":"has-post-thumbnail","6":"product_cat-2000s","7":"product_cat-dirty-south","8":"product_tag-180g","9":"product_tag-2000s","10":"product_tag-andre-3000","11":"product_tag-big-boi","12":"product_tag-dirty-south","13":"product_tag-dungeon-family","14":"product_tag-hip-hop","15":"product_tag-organized-noize","16":"product_tag-outkast","17":"product_tag-rap-us","18":"product_tag-reedition","19":"product_tag-stankonia","20":"product_shipping_class-2-lp","22":"first","23":"outofstock","24":"taxable","25":"shipping-taxable","26":"purchasable","27":"product-type-simple"},"aioseo_notices":[],"_links":{"self":[{"href":"https:\/\/hiphop4life.fr\/shop\/wp-json\/wp\/v2\/product\/69466","targetHints":{"allow":["GET"]}}],"collection":[{"href":"https:\/\/hiphop4life.fr\/shop\/wp-json\/wp\/v2\/product"}],"about":[{"href":"https:\/\/hiphop4life.fr\/shop\/wp-json\/wp\/v2\/types\/product"}],"replies":[{"embeddable":true,"href":"https:\/\/hiphop4life.fr\/shop\/wp-json\/wp\/v2\/comments?post=69466"}],"wp:featuredmedia":[{"embeddable":true,"href":"https:\/\/hiphop4life.fr\/shop\/wp-json\/wp\/v2\/media\/94796"}],"wp:attachment":[{"href":"https:\/\/hiphop4life.fr\/shop\/wp-json\/wp\/v2\/media?parent=69466"}],"wp:term":[{"taxonomy":"product_brand","embeddable":true,"href":"https:\/\/hiphop4life.fr\/shop\/wp-json\/wp\/v2\/product_brand?post=69466"},{"taxonomy":"product_cat","embeddable":true,"href":"https:\/\/hiphop4life.fr\/shop\/wp-json\/wp\/v2\/product_cat?post=69466"},{"taxonomy":"product_tag","embeddable":true,"href":"https:\/\/hiphop4life.fr\/shop\/wp-json\/wp\/v2\/product_tag?post=69466"}],"curies":[{"name":"wp","href":"https:\/\/api.w.org\/{rel}","templated":true}]}}