{"id":69473,"date":"2017-03-28T17:31:29","date_gmt":"2017-03-28T15:31:29","guid":{"rendered":"http:\/\/hiphop4life.fr\/shop\/produit\/pete-rock-cl-smooth-the-main-ingredient-vinyle\/"},"modified":"2026-02-28T10:40:41","modified_gmt":"2026-02-28T09:40:41","slug":"pete-rock-cl-smooth-the-main-ingredient-vinyle","status":"publish","type":"product","link":"https:\/\/hiphop4life.fr\/shop\/produit\/pete-rock-cl-smooth-the-main-ingredient-vinyle\/","title":{"rendered":"Pete Rock &#038; CL Smooth &#8211; The Main Ingredient [Vinyle]"},"content":{"rendered":"<div class=\"wpb-content-wrapper\"><p>[vc_row][vc_column width=\u00a0\u00bb1\/1&Prime;][vc_column_text]Deuxi\u00e8me copie parfaite rendue par Pete Rock &amp; CL Smooth, ils s&rsquo;imposent comme un des duos rappeur\/producteur les plus influents du rap East Coast avec Gang Starr.<br \/>\nCe deuxi\u00e8me classique met \u00e0 nouveau en lumi\u00e8re le talent de beatmaker de Pete Rock, jamais \u00e0 court de samples jazz, la production de ce second volet est au niveau de <a href=\"http:\/\/hiphop4life.fr\/shop\/produit\/pete-rock-cl-smooth-mecca-and-the-soul-brother-vinyle\/\"><em>Mecca &amp; The Soul Brother<\/em><\/a> et pue toujours autant l&rsquo;\u00e2ge d&rsquo;or du rap.[\/vc_column_text][vc_single_image media=\u00a0\u00bb69476&Prime; media_width_percent=\u00a0\u00bb100&Prime;][vc_column_text]<iframe src=\"https:\/\/embed.spotify.com\/?uri=spotify%3Aalbum%3A5Gz9I4C6s443w18SrFc8xE\" width=\"300\" height=\"380\" frameborder=\"0\"><span data-mce-type=\"bookmark\" style=\"display: inline-block; width: 0px; overflow: hidden; line-height: 0;\" class=\"mce_SELRES_start\">\ufeff<\/span><\/iframe><\/p>\n<p><strong>Tracklist<\/strong><\/p>\n<p><em>1. In the House <\/em><br \/>\n<em>2. Carmel City<\/em><br \/>\n<em>3. I Get Physical <\/em><br \/>\n<em>4. Sun Won&rsquo;t Come Out<\/em><br \/>\n<em>5. I Got a Love <\/em><br \/>\n<em>6. Escape <\/em><br \/>\n<em>7. The Main Ingredient<\/em><br \/>\n<em>8. Worldwide (Ft. Rob-O)<\/em><br \/>\n<em>9. All the Places <\/em><br \/>\n<em>10. Tell Me<\/em><br \/>\n<em>11. Take You There (Ft. Crystal Johnson)<\/em><br \/>\n<em>12. Searching (Ft. Vinia Mojica)<\/em><br \/>\n<em>13. Check It Out <\/em><br \/>\n<em>14. In the Flesh (Ft. Rob-O &amp; Deda) <\/em><br \/>\n<em>15. It&rsquo;s on You<\/em><br \/>\n<em>16. Get on the Mic<\/em><\/p>\n<p>Si tu es fan de <strong>Pete Rock<\/strong>, je t&rsquo;invite \u00e0 \u00e9couter son dernier excellent projet avec <strong>Smoke DZA<\/strong> sorti l&rsquo;ann\u00e9e derni\u00e8re, <em><strong>Don&rsquo;t Smoke Rock<\/strong><\/em>, en \u00e9coute sur Hip-Hop 4 Life <a href=\"http:\/\/hiphop4life.fr\/news\/smoke-dza-pete-rock-dont-smoke-rock-album-stream\/\">ici<\/a>.[\/vc_column_text][\/vc_column][\/vc_row]<\/p>\n<\/div>","protected":false},"excerpt":{"rendered":"<p><strong>Album :<\/strong>\u00a0The Main Ingredient<br \/>\n<strong>Artiste :<\/strong> Pete Rock &amp; CL Smooth<br \/>\n<strong>Etat :<\/strong>\u00a0Neuf<br \/>\n<strong>Format :<\/strong>\u00a0Vinyle, LP, Album<br \/>\n<strong>Label :<\/strong>\u00a0Elektra<br \/>\n<strong>Edition :<\/strong> R\u00e9\u00e9dition 2016 \u00ab\u00a0Music On Vinyl\u00a0\u00bb 180g<br \/>\n<strong>Date de sortie :<\/strong>\u00a01994<br \/>\n<strong>Genre :<\/strong>\u00a0Hip-Hop \/ Rap US \/ Jazz Rap \/ East Coast<\/p>\n","protected":false},"featured_media":69474,"comment_status":"open","ping_status":"closed","template":"","meta":{"om_disable_all_campaigns":false,"_monsterinsights_skip_tracking":false,"_monsterinsights_sitenote_active":false,"_monsterinsights_sitenote_note":"","_monsterinsights_sitenote_category":0},"product_brand":[],"product_cat":[6174,6171],"product_tag":[7705,5947,5337,5339,5325,6131,5948,5326,7693,5945,6986],"class_list":{"0":"post-69473","1":"product","2":"type-product","3":"status-publish","4":"has-post-thumbnail","6":"product_cat-east-coast","7":"product_cat-golden-age","8":"product_tag-180g","9":"product_tag-cl-smooth","10":"product_tag-east-coast","11":"product_tag-golden-age","12":"product_tag-hip-hop","13":"product_tag-jazz-rap","14":"product_tag-pete-rock","15":"product_tag-rap-us","16":"product_tag-reedition","17":"product_tag-the-main-ingredient","18":"product_tag-underground-fr","19":"product_shipping_class-2-lp","21":"first","22":"outofstock","23":"taxable","24":"shipping-taxable","25":"purchasable","26":"product-type-simple"},"aioseo_notices":[],"_links":{"self":[{"href":"https:\/\/hiphop4life.fr\/shop\/wp-json\/wp\/v2\/product\/69473","targetHints":{"allow":["GET"]}}],"collection":[{"href":"https:\/\/hiphop4life.fr\/shop\/wp-json\/wp\/v2\/product"}],"about":[{"href":"https:\/\/hiphop4life.fr\/shop\/wp-json\/wp\/v2\/types\/product"}],"replies":[{"embeddable":true,"href":"https:\/\/hiphop4life.fr\/shop\/wp-json\/wp\/v2\/comments?post=69473"}],"wp:featuredmedia":[{"embeddable":true,"href":"https:\/\/hiphop4life.fr\/shop\/wp-json\/wp\/v2\/media\/69474"}],"wp:attachment":[{"href":"https:\/\/hiphop4life.fr\/shop\/wp-json\/wp\/v2\/media?parent=69473"}],"wp:term":[{"taxonomy":"product_brand","embeddable":true,"href":"https:\/\/hiphop4life.fr\/shop\/wp-json\/wp\/v2\/product_brand?post=69473"},{"taxonomy":"product_cat","embeddable":true,"href":"https:\/\/hiphop4life.fr\/shop\/wp-json\/wp\/v2\/product_cat?post=69473"},{"taxonomy":"product_tag","embeddable":true,"href":"https:\/\/hiphop4life.fr\/shop\/wp-json\/wp\/v2\/product_tag?post=69473"}],"curies":[{"name":"wp","href":"https:\/\/api.w.org\/{rel}","templated":true}]}}