{"id":69477,"date":"2016-03-28T17:38:27","date_gmt":"2016-03-28T15:38:27","guid":{"rendered":"http:\/\/hiphop4life.fr\/shop\/produit\/public-enemy-it-takes-a-nation-of-millions-to-hold-us-back-vinyle\/"},"modified":"2023-10-08T11:56:34","modified_gmt":"2023-10-08T09:56:34","slug":"public-enemy-it-takes-a-nation-of-millions-to-hold-us-back-vinyle","status":"publish","type":"product","link":"https:\/\/hiphop4life.fr\/shop\/produit\/public-enemy-it-takes-a-nation-of-millions-to-hold-us-back-vinyle\/","title":{"rendered":"Public Enemy &#8211; It Takes a Nation of Millions to Hold Us Back [Vinyle]"},"content":{"rendered":"<div class=\"wpb-content-wrapper\"><p>[vc_row][vc_column width=\u00a0\u00bb1\/1&Prime;][vc_column_text]Album fondateur du rap, <em>It Takes a Nation of Millions to Hold Us Back<\/em> est l&rsquo;\u00e9quivalent musical du point des Black Panthers, un cocktail explosif, violent et subversif port\u00e9 par la voix puissante et charismatique de Chuck D dont les lyrics r\u00e9volutionnaires prennent tout leur sens sur les productions abrasives du Bomb Squad, <em>Bring The Noise<\/em> ![\/vc_column_text][vc_single_image media=\u00a0\u00bb69479&Prime; media_width_percent=\u00a0\u00bb100&Prime;][vc_column_text]<iframe src=\"https:\/\/embed.spotify.com\/?uri=spotify%3Aalbum%3A3Y0Fer1NCitpAQnMAUaHSe\" width=\"300\" height=\"380\" frameborder=\"0\"><\/iframe><\/p>\n<p><strong>Tracklist<\/strong><\/p>\n<p><em>1. Countdown to Armageddon<\/em><br \/>\n<em>2. Bring the Noise<\/em><br \/>\n<em>3. Don&rsquo;t Believe the Hype<\/em><br \/>\n<em>4. Cold Lampin&rsquo; with Flavor<\/em><br \/>\n<em>5. Terminator X to the Edge of Panic<\/em><br \/>\n<em>6. Mind Terrorist<\/em><br \/>\n<em>7. Louder than a Bomb<\/em><br \/>\n<em>8. Caught, Can We Get a Witness?<\/em><br \/>\n<em>9. Show &lsquo;Em Whatcha Got<\/em><br \/>\n<em>10. She Watch Channel Zero?!<\/em><br \/>\n<em>11. Night of the Living Baseheads<\/em><br \/>\n<em>12. Black Steel in the Hour of Chaos<\/em><br \/>\n<em>13. Security of the First World<\/em><br \/>\n<em>14. Rebel Without a Pause<\/em><br \/>\n<em>15. Prophets of Rage<\/em><br \/>\n<em>16. Party for Your Right to Fight<\/em><\/p>\n<p>La playlist <strong>Golden Age<\/strong> avec les meilleurs sons de <strong>Public Enemy<\/strong> est \u00e0 \u00e9couter sur Hip-Hop 4 Life <a href=\"http:\/\/hiphop4life.fr\/chroniques\/playlists\/\">ici<\/a>.[\/vc_column_text][\/vc_column][\/vc_row]<\/p>\n<\/div>","protected":false},"excerpt":{"rendered":"<p><strong>Album :<\/strong> It Takes a Nation of Millions to Hold Us Back<br \/>\n<strong>Artiste :<\/strong> Public Enemy<br \/>\n<strong>Etat :<\/strong>\u00a0Neuf<br \/>\n<strong>Format :<\/strong>\u00a0Vinyle, LP, Album<br \/>\n<strong>Label :<\/strong>\u00a0Def Jam Recordings<br \/>\n<strong>Edition :\u00a0<\/strong>R\u00e9\u00e9dition 2013 \u00ab\u00a0Back To Black\u00a0\u00bb &#8211; 180g Audiophile<br \/>\n<strong>Date de sortie :<\/strong>\u00a01988<br \/>\n<strong>Genre :<\/strong>\u00a0Hip-Hop\u00a0\/ Rap US \/ East Coast \/ Hardcore<\/p>\n","protected":false},"featured_media":69478,"comment_status":"open","ping_status":"closed","template":"","meta":{"om_disable_all_campaigns":false,"_monsterinsights_skip_tracking":false,"_monsterinsights_sitenote_active":false,"_monsterinsights_sitenote_note":"","_monsterinsights_sitenote_category":0},"product_brand":[],"product_cat":[6174,6171],"product_tag":[7705,5337,5339,5871,5325,5943,5939,5361,8743,5326,7693],"class_list":{"0":"post-69477","1":"product","2":"type-product","3":"status-publish","4":"has-post-thumbnail","6":"product_cat-east-coast","7":"product_cat-golden-age","8":"product_tag-180g","9":"product_tag-east-coast","10":"product_tag-golden-age","11":"product_tag-hardcore","12":"product_tag-hip-hop","13":"product_tag-it-takes-a-nation-of-millions-to-hold-us-back","14":"product_tag-public-enemy","15":"product_tag-rap-conscient","16":"product_tag-rap-politique","17":"product_tag-rap-us","18":"product_tag-reedition","19":"product_shipping_class-lp","21":"first","22":"outofstock","23":"taxable","24":"shipping-taxable","25":"purchasable","26":"product-type-simple"},"aioseo_notices":[],"_links":{"self":[{"href":"https:\/\/hiphop4life.fr\/shop\/wp-json\/wp\/v2\/product\/69477","targetHints":{"allow":["GET"]}}],"collection":[{"href":"https:\/\/hiphop4life.fr\/shop\/wp-json\/wp\/v2\/product"}],"about":[{"href":"https:\/\/hiphop4life.fr\/shop\/wp-json\/wp\/v2\/types\/product"}],"replies":[{"embeddable":true,"href":"https:\/\/hiphop4life.fr\/shop\/wp-json\/wp\/v2\/comments?post=69477"}],"wp:featuredmedia":[{"embeddable":true,"href":"https:\/\/hiphop4life.fr\/shop\/wp-json\/wp\/v2\/media\/69478"}],"wp:attachment":[{"href":"https:\/\/hiphop4life.fr\/shop\/wp-json\/wp\/v2\/media?parent=69477"}],"wp:term":[{"taxonomy":"product_brand","embeddable":true,"href":"https:\/\/hiphop4life.fr\/shop\/wp-json\/wp\/v2\/product_brand?post=69477"},{"taxonomy":"product_cat","embeddable":true,"href":"https:\/\/hiphop4life.fr\/shop\/wp-json\/wp\/v2\/product_cat?post=69477"},{"taxonomy":"product_tag","embeddable":true,"href":"https:\/\/hiphop4life.fr\/shop\/wp-json\/wp\/v2\/product_tag?post=69477"}],"curies":[{"name":"wp","href":"https:\/\/api.w.org\/{rel}","templated":true}]}}