{"id":69484,"date":"2016-01-08T08:49:16","date_gmt":"2016-01-08T07:49:16","guid":{"rendered":"http:\/\/hiphop4life.fr\/shop\/produit\/the-roots-things-fall-apart-vinyle\/"},"modified":"2022-08-02T10:39:10","modified_gmt":"2022-08-02T08:39:10","slug":"the-roots-things-fall-apart-vinyle","status":"publish","type":"product","link":"https:\/\/hiphop4life.fr\/shop\/produit\/the-roots-things-fall-apart-vinyle\/","title":{"rendered":"The Roots &#8211; Things Fall Apart [Vinyle]"},"content":{"rendered":"<div class=\"wpb-content-wrapper\"><p>[vc_row][vc_column width=\u00a0\u00bb1\/1&Prime;][vc_column_text]Comme son MC principal, Black Thought, le groupe de Philadelphie a toujours \u00e9t\u00e9 injustement sous-estim\u00e9, la disco de The Roots\u00a0est si\u00a0solide qu&rsquo;il est difficile d&rsquo;en sortir un seul album, demande \u00e0 10 fans, tu auras des r\u00e9ponses bien diff\u00e9rentes mais\u00a0<em>Things Fall Apart<\/em> est probablement l&rsquo;album qui ressortira\u00a0le plus.<br \/>\nPort\u00e9 par leur plus gros tube, le classique <em>You Got Me<\/em> avec la divine Erykah Badu, ce 4\u00e8me album\u00a0repr\u00e9sente un moment charni\u00e8re de la carri\u00e8re de Black Thought et sa bande, un nouveau succ\u00e8s critique mais \u00e9galement leur explosion mainstream avec plus de 500 000 copies vendues et un Grammy Award remport\u00e9.[\/vc_column_text][vc_single_image media=\u00a0\u00bb69486&Prime; media_width_percent=\u00a0\u00bb100&Prime;][vc_column_text]<iframe src=\"https:\/\/embed.spotify.com\/?uri=spotify%3Aalbum%3A6c0G2PrhBQ5nkroM6xtawA\" width=\"300\" height=\"380\" frameborder=\"0\"><\/iframe><\/p>\n<p><strong>Tracklist<\/strong><\/p>\n<p><em>1. Act Won (Things Fall Apart)<\/em><br \/>\n<em>2. Table of Contents (Parts 1 &amp; 2)<\/em><br \/>\n<em>3. The Next Movement (Ft. DJ Jazzy Jeff &amp; Jazzyfatnastees)<\/em><br \/>\n<em>4. Step Into the Realm<\/em><br \/>\n<em>5. The Spark<\/em><br \/>\n<em>6. Dynamite!<\/em><br \/>\n<em>7. Without a Doubt (Ft. Lady B)<\/em><br \/>\n<em>8. Ain&rsquo;t Sayin&rsquo; Nothin&rsquo; New (Ft. Dice Raw)<\/em><br \/>\n<em>9. Double Trouble (Ft. Mos Def)<\/em><br \/>\n<em>10. Act Too (The Love of My Life) (Ft. Common)<\/em><br \/>\n<em>11. 100% Dundee<\/em><br \/>\n<em>12. Diedre vs. Dice (Ft. Dice Raw)<\/em><br \/>\n<em>13. Adrenaline! (Ft. Dice Raw &amp; Beanie Sigel)<\/em><br \/>\n<em>14. 3rd Acts: ? vs. Scratch 2 &#8230; Electric Boogaloo<\/em><br \/>\n<em>15. You Got Me (Ft. Erykah Badu and Eve)<\/em><br \/>\n<em>16. Don&rsquo;t See Us (Ft. Dice Raw)<\/em><br \/>\n<em>17. The Return to Innocence Lost (Ft. Ursula Rucker)<\/em><br \/>\n<em>18. Act Fore &#8230; The End?<\/em>[\/vc_column_text][\/vc_column][\/vc_row]<\/p>\n<\/div>","protected":false},"excerpt":{"rendered":"<p><strong>Album :<\/strong>\u00a0Things Fall Apart<br \/>\n<strong>Artiste :<\/strong>\u00a0The Roots<br \/>\n<strong>Etat :<\/strong>\u00a0Neuf<br \/>\n<strong>Format :<\/strong>\u00a0Vinyle, 2 LP, Album<br \/>\n<strong>Label :<\/strong>\u00a0Okay Player.<br \/>\n<strong>Edition :<\/strong>\u00a0R\u00e9\u00e9dition 2014 \u00ab\u00a0Music On Vinyl\u00a0\u00bb &#8211; 180g Audiophile<br \/>\n<strong>Date de sortie :<\/strong>\u00a01999<br \/>\n<strong>Genre :<\/strong>\u00a0Hip-Hop \/ Rap US \/ Rap Conscient<\/p>\n","protected":false},"featured_media":69485,"comment_status":"open","ping_status":"closed","template":"","meta":{"om_disable_all_campaigns":false,"_monsterinsights_skip_tracking":false,"_monsterinsights_sitenote_active":false,"_monsterinsights_sitenote_note":"","_monsterinsights_sitenote_category":0},"product_brand":[],"product_cat":[6171],"product_tag":[7705,5929,5339,5325,5361,5326,7693,5933,5930,6986],"class_list":{"0":"post-69484","1":"product","2":"type-product","3":"status-publish","4":"has-post-thumbnail","6":"product_cat-golden-age","7":"product_tag-180g","8":"product_tag-black-thought","9":"product_tag-golden-age","10":"product_tag-hip-hop","11":"product_tag-rap-conscient","12":"product_tag-rap-us","13":"product_tag-reedition","14":"product_tag-the-roots","15":"product_tag-things-fall-apart","16":"product_tag-underground-fr","17":"product_shipping_class-2-lp","19":"first","20":"outofstock","21":"taxable","22":"shipping-taxable","23":"purchasable","24":"product-type-simple"},"aioseo_notices":[],"_links":{"self":[{"href":"https:\/\/hiphop4life.fr\/shop\/wp-json\/wp\/v2\/product\/69484","targetHints":{"allow":["GET"]}}],"collection":[{"href":"https:\/\/hiphop4life.fr\/shop\/wp-json\/wp\/v2\/product"}],"about":[{"href":"https:\/\/hiphop4life.fr\/shop\/wp-json\/wp\/v2\/types\/product"}],"replies":[{"embeddable":true,"href":"https:\/\/hiphop4life.fr\/shop\/wp-json\/wp\/v2\/comments?post=69484"}],"wp:featuredmedia":[{"embeddable":true,"href":"https:\/\/hiphop4life.fr\/shop\/wp-json\/wp\/v2\/media\/69485"}],"wp:attachment":[{"href":"https:\/\/hiphop4life.fr\/shop\/wp-json\/wp\/v2\/media?parent=69484"}],"wp:term":[{"taxonomy":"product_brand","embeddable":true,"href":"https:\/\/hiphop4life.fr\/shop\/wp-json\/wp\/v2\/product_brand?post=69484"},{"taxonomy":"product_cat","embeddable":true,"href":"https:\/\/hiphop4life.fr\/shop\/wp-json\/wp\/v2\/product_cat?post=69484"},{"taxonomy":"product_tag","embeddable":true,"href":"https:\/\/hiphop4life.fr\/shop\/wp-json\/wp\/v2\/product_tag?post=69484"}],"curies":[{"name":"wp","href":"https:\/\/api.w.org\/{rel}","templated":true}]}}