{"id":69493,"date":"2016-03-29T11:12:46","date_gmt":"2016-03-29T09:12:46","guid":{"rendered":"http:\/\/hiphop4life.fr\/shop\/produit\/run-the-jewels-run-the-jewels-3-vinyle\/"},"modified":"2022-01-17T16:15:53","modified_gmt":"2022-01-17T15:15:53","slug":"run-the-jewels-run-the-jewels-3-vinyle","status":"publish","type":"product","link":"https:\/\/hiphop4life.fr\/shop\/produit\/run-the-jewels-run-the-jewels-3-vinyle\/","title":{"rendered":"Run The Jewels &#8211; Run The Jewels 3 [Vinyle Dor\u00e9]"},"content":{"rendered":"<div class=\"wpb-content-wrapper\"><p>[vc_row][vc_column width=\u00a0\u00bb1\/1&Prime;][vc_column_text]El-P &amp; Killer Mike balancent un 3\u00e8me uppercut et mettent le rapgame au tapis avec un tripl\u00e9 \u00e9pique. Run The Jewels s&rsquo;impose d\u00e9finitivement comme le groupe rap majeur de ces 5 derni\u00e8res ann\u00e9es.<br \/>\nTr\u00e8s peu de rappeurs ou groupes peuvent se targuer d&rsquo;avoir sorti 3 albums de ce niveau l\u00e0 d&rsquo;affil\u00e9e, on pense \u00e0 Outkast, Mobb Deep, Gang Starr&#8230; dans la nouvelle g\u00e9n\u00e9ration un seul nom nous vient en t\u00eate, Kendrick Lamar, qui rappait comme par hasard sur <em>\u00ab\u00a0Hood Politics\u00a0\u00bb<\/em> :<br \/>\n<em><br \/>\n\u00ab\u00a0Critics want to mention that they miss when hip hop was rappin&rsquo;<br \/>\nMotherfucker, if you did, then Killer Mike&rsquo;d be platinum\u00a0\u00bb<\/em><\/p>\n<p>Real recognize real.[\/vc_column_text][vc_single_image media=\u00a0\u00bb69495&Prime; media_width_percent=\u00a0\u00bb100&Prime;][vc_column_text]<iframe src=\"https:\/\/embed.spotify.com\/?uri=spotify%3Aalbum%3A7q1uNF3HT1wTjxuMW0rFJn\" width=\"300\" height=\"380\" frameborder=\"0\"><\/iframe><\/p>\n<p><strong>Tracklist<\/strong><\/p>\n<p><em>1. Down (Ft. Joi Gilliam)<\/em><br \/>\n<em>2. Talk to Me<\/em><br \/>\n<em>3. Legend Has It<\/em><br \/>\n<em>4. Call Ticketron<\/em><br \/>\n<em>5. Hey Kids (Bumaye) (Ft. Danny Brown)<\/em><br \/>\n<em>6. Stay Gold<\/em><br \/>\n<em>7. Don&rsquo;t Get Captured<\/em><br \/>\n<em>8. Thieves! (Screamed the Ghost) (Ft. Tunde Adebimpe)<\/em><br \/>\n<em>9. 2100 (Ft. BOOTS)<\/em><br \/>\n<em>10. Panther Like a Panther (Miracle Mix) (Ft. Trina)<\/em><br \/>\n<em>11. Everybody Stay Calm<\/em><br \/>\n<em>12. Oh Mama<\/em><br \/>\n<em>13. Thursday in the Danger Room (Ft. Kamasi Washington)<\/em><br \/>\n<em>14. Report to the Shareholders\/Kill Your Masters<\/em><\/p>\n<p>Le 1er album de <em><strong>Run The Jewels<\/strong><\/em>\u00a0est aussi disponible en vinyle\u00a0<a href=\"http:\/\/hiphop4life.fr\/shop\/produit\/run-the-jewels-run-the-jewels-vinyle\/\">ici<\/a>.[\/vc_column_text][\/vc_column][\/vc_row]<\/p>\n<\/div>","protected":false},"excerpt":{"rendered":"<p><strong>Album :<\/strong>\u00a0Run The Jewels 3<br \/>\n<strong>Artiste :<\/strong>\u00a0Run The Jewels<br \/>\n<strong>Etat :<\/strong>\u00a0Neuf<br \/>\n<strong>Format :<\/strong>\u00a0Vinyle, 2 LP, Album<br \/>\n<strong>Label :<\/strong>\u00a0Run The Jewels Inc.<br \/>\n<strong>Edition :<\/strong>\u00a0Originale &#8211; 2 Vinyles Dor\u00e9s + Stickers &amp; Cover Poster<br \/>\n<strong>Date de sortie :<\/strong>\u00a02016<br \/>\n<strong>Genre :<\/strong>\u00a0Hip-Hop \/ Rap US \/ Rap Conscient \/ Electro Rap<\/p>\n","protected":false},"featured_media":69494,"comment_status":"open","ping_status":"closed","template":"","meta":{"om_disable_all_campaigns":false,"_monsterinsights_skip_tracking":false,"_monsterinsights_sitenote_active":false,"_monsterinsights_sitenote_note":"","_monsterinsights_sitenote_category":0},"product_brand":[],"product_cat":[9206],"product_tag":[5499,5877,8273,5325,5901,7701,5361,5326,5859,5903,9089],"class_list":{"0":"post-69493","1":"product","2":"type-product","3":"status-publish","4":"has-post-thumbnail","6":"product_cat-new-school","7":"product_tag-el-p","8":"product_tag-electro","9":"product_tag-hh4l-awards-2017-fr","10":"product_tag-hip-hop","11":"product_tag-killer-mike","12":"product_tag-original","13":"product_tag-rap-conscient","14":"product_tag-rap-us","15":"product_tag-run-the-jewels","16":"product_tag-run-the-jewels-3","17":"product_tag-vinyle-colore","19":"first","20":"outofstock","21":"taxable","22":"shipping-taxable","23":"purchasable","24":"product-type-simple"},"aioseo_notices":[],"_links":{"self":[{"href":"https:\/\/hiphop4life.fr\/shop\/wp-json\/wp\/v2\/product\/69493","targetHints":{"allow":["GET"]}}],"collection":[{"href":"https:\/\/hiphop4life.fr\/shop\/wp-json\/wp\/v2\/product"}],"about":[{"href":"https:\/\/hiphop4life.fr\/shop\/wp-json\/wp\/v2\/types\/product"}],"replies":[{"embeddable":true,"href":"https:\/\/hiphop4life.fr\/shop\/wp-json\/wp\/v2\/comments?post=69493"}],"wp:featuredmedia":[{"embeddable":true,"href":"https:\/\/hiphop4life.fr\/shop\/wp-json\/wp\/v2\/media\/69494"}],"wp:attachment":[{"href":"https:\/\/hiphop4life.fr\/shop\/wp-json\/wp\/v2\/media?parent=69493"}],"wp:term":[{"taxonomy":"product_brand","embeddable":true,"href":"https:\/\/hiphop4life.fr\/shop\/wp-json\/wp\/v2\/product_brand?post=69493"},{"taxonomy":"product_cat","embeddable":true,"href":"https:\/\/hiphop4life.fr\/shop\/wp-json\/wp\/v2\/product_cat?post=69493"},{"taxonomy":"product_tag","embeddable":true,"href":"https:\/\/hiphop4life.fr\/shop\/wp-json\/wp\/v2\/product_tag?post=69493"}],"curies":[{"name":"wp","href":"https:\/\/api.w.org\/{rel}","templated":true}]}}