{"id":69496,"date":"2016-03-29T11:36:03","date_gmt":"2016-03-29T09:36:03","guid":{"rendered":"http:\/\/hiphop4life.fr\/shop\/produit\/schoolboy-q-blank-face-lp-vinyle\/"},"modified":"2022-01-17T16:15:53","modified_gmt":"2022-01-17T15:15:53","slug":"schoolboy-q-blank-face-lp-vinyle","status":"publish","type":"product","link":"https:\/\/hiphop4life.fr\/shop\/produit\/schoolboy-q-blank-face-lp-vinyle\/","title":{"rendered":"ScHoolboy Q &#8211; Blank Face LP [Vinyle]"},"content":{"rendered":"<div class=\"wpb-content-wrapper\"><p>[vc_row][vc_column width=\u00a0\u00bb1\/1&Prime;][vc_column_text]<strong>Extrait de la chronique Hip-Hop 4 Life :<\/strong><\/p>\n<p>[&#8230;]<em><strong> ScHoolboy Q<\/strong> a pr\u00e9sent\u00e9 <strong>Blank Face<\/strong> comme l\u2019album qu\u2019il aurait voulu faire au d\u00e9but de sa carri\u00e8re s\u2019il en avait eu les moyens, malgr\u00e9 ces intrusions du label et quelques longueurs, ce 4<sup>\u00e8me<\/sup> album sonne effectivement comme un aboutissement, un projet noir, violent et personnel, le potentiel r\u00e9alis\u00e9 d\u2019un MC \u00e0 part, instinctif, visc\u00e9ral et impr\u00e9visible, \u00e0 l\u2019image de cette derni\u00e8re passe d\u2019arme avec ses potes d\u2019enfance sur un piano minimaliste sorti tout droit de <strong>The Infamous<\/strong>.<\/em> [&#8230;]<\/p>\n\n<p><strong>Tracklist<\/strong><\/p>\n<p><em>1. TorcH<\/em><br \/>\n<em>2. Lord Have Mercy (Ft. Swizz Beatz)<\/em><br \/>\n<em>3. THat Part (Ft. Kanye West)<\/em><br \/>\n<em>4. Groovy Tony\/Eddie Kane (Ft. Jadakiss)<\/em><br \/>\n<em>5. Kno Ya Wrong (Ft. Lance Skiiiwalker)<\/em><br \/>\n<em>6. Ride Out (Ft. Vince Staples)<\/em><br \/>\n<em>7. WHateva U Want (Ft. Candice Pillay)<\/em><br \/>\n<em>8. By Any Means<\/em><br \/>\n<em>9. Dope Dealer (Ft. E-40)<\/em><br \/>\n<em>10. JoHn Muir<\/em><br \/>\n<em>11. Big Body (Ft. Tha Dogg Pound)<\/em><br \/>\n<em>12. Neva CHange (Ft. SZA)<\/em><br \/>\n<em>13. Str8 Ballin<\/em><br \/>\n<em>14. Black THougHts<\/em><br \/>\n<em>15. Blank Face (Ft. Anderson .Paak)<\/em><br \/>\n<em>16. Overtime (Ft. Miguel &amp; Justine Skye)<\/em><br \/>\n<em>17. Tookie Knows II (Ft. Traffic &amp; TF)<\/em>[\/vc_column_text][\/vc_column][\/vc_row]<\/p>\n<\/div>","protected":false},"excerpt":{"rendered":"<p><strong>Album :<\/strong>\u00a0Blank Face LP<br \/>\n<strong>Artiste :<\/strong> ScHoolboy Q<br \/>\n<strong>Etat :<\/strong>\u00a0Neuf<br \/>\n<strong>Format :<\/strong>\u00a0Vinyle, 2 LP, Album<br \/>\n<strong>Label :<\/strong>\u00a0Top Dawg Entertainment<br \/>\n<strong>Edition :<\/strong> Originale<br \/>\n<strong>Date de sortie :<\/strong>\u00a02016<br \/>\n<strong>Genre :<\/strong>\u00a0Hip-Hop \/ Rap US \/\u00a0West Coast \/ Gangsta Rap<\/p>\n","protected":false},"featured_media":69498,"comment_status":"open","ping_status":"closed","template":"","meta":{"om_disable_all_campaigns":false,"_monsterinsights_skip_tracking":false,"_monsterinsights_sitenote_active":false,"_monsterinsights_sitenote_note":"","_monsterinsights_sitenote_category":0},"product_brand":[],"product_cat":[9206,6175],"product_tag":[5857,9688,6110,5325,5855,7701,5326,5897,5895,5328],"class_list":{"0":"post-69496","1":"product","2":"type-product","3":"status-publish","4":"has-post-thumbnail","6":"product_cat-new-school","7":"product_cat-west-coast","8":"product_tag-blank-face-lp","9":"product_tag-dreamville-vs-tde","10":"product_tag-gangsta-rap","11":"product_tag-hip-hop","12":"product_tag-new-school","13":"product_tag-original","14":"product_tag-rap-us","15":"product_tag-schoolboy-q","16":"product_tag-tde","17":"product_tag-west-coast","18":"product_shipping_class-2-lp","20":"first","21":"outofstock","22":"taxable","23":"shipping-taxable","24":"purchasable","25":"product-type-simple"},"aioseo_notices":[],"_links":{"self":[{"href":"https:\/\/hiphop4life.fr\/shop\/wp-json\/wp\/v2\/product\/69496","targetHints":{"allow":["GET"]}}],"collection":[{"href":"https:\/\/hiphop4life.fr\/shop\/wp-json\/wp\/v2\/product"}],"about":[{"href":"https:\/\/hiphop4life.fr\/shop\/wp-json\/wp\/v2\/types\/product"}],"replies":[{"embeddable":true,"href":"https:\/\/hiphop4life.fr\/shop\/wp-json\/wp\/v2\/comments?post=69496"}],"wp:featuredmedia":[{"embeddable":true,"href":"https:\/\/hiphop4life.fr\/shop\/wp-json\/wp\/v2\/media\/69498"}],"wp:attachment":[{"href":"https:\/\/hiphop4life.fr\/shop\/wp-json\/wp\/v2\/media?parent=69496"}],"wp:term":[{"taxonomy":"product_brand","embeddable":true,"href":"https:\/\/hiphop4life.fr\/shop\/wp-json\/wp\/v2\/product_brand?post=69496"},{"taxonomy":"product_cat","embeddable":true,"href":"https:\/\/hiphop4life.fr\/shop\/wp-json\/wp\/v2\/product_cat?post=69496"},{"taxonomy":"product_tag","embeddable":true,"href":"https:\/\/hiphop4life.fr\/shop\/wp-json\/wp\/v2\/product_tag?post=69496"}],"curies":[{"name":"wp","href":"https:\/\/api.w.org\/{rel}","templated":true}]}}