{"id":69499,"date":"2016-01-13T18:11:18","date_gmt":"2016-01-13T17:11:18","guid":{"rendered":"http:\/\/hiphop4life.fr\/shop\/produit\/the-game-the-documentary-vinyle\/"},"modified":"2022-12-13T09:01:59","modified_gmt":"2022-12-13T08:01:59","slug":"the-game-the-documentary-vinyle","status":"publish","type":"product","link":"https:\/\/hiphop4life.fr\/shop\/produit\/the-game-the-documentary-vinyle\/","title":{"rendered":"The Game &#8211; The Documentary [Vinyle Rouge]"},"content":{"rendered":"<div class=\"wpb-content-wrapper\"><p>[vc_row][vc_column width=\u00a0\u00bb1\/1&Prime;][vc_column_text]Moins en vue au d\u00e9but des ann\u00e9es 2000, la c\u00f4te Ouest cherchait d\u00e9sesp\u00e9r\u00e9ment l&rsquo;h\u00e9ritier de 2 Pac, Snoop Dogg et Ice Cube et c&rsquo;est encore notre cher Dr. Dre qui va d\u00e9nicher ce nouveau talent.<br \/>\nAvec <em>The Documentary<\/em>, The Game remet la West Coast \u00ab\u00a0on the map\u00a0\u00bb, bien aid\u00e9 par un Dre au sommet de son art apr\u00e8s sa r\u00e9volution musicale <a href=\"http:\/\/hiphop4life.fr\/shop\/produit\/dr-dre-2001-vinyle\/\"><em>2001<\/em><\/a>, mais aussi par son futur meilleur ennemi, 50 Cent, qui l&rsquo;aidera \u00e0 \u00e9crire les tubes de l&rsquo;album.<br \/>\nQuand Dre n&rsquo;est pas aux manettes, les rempla\u00e7ants sont tout aussi prestigieux, de Kanye West \u00e0 Just Blaze en passant par Timbo, tous se surpassent et galvanisent The Game et son Gangsta Rap muscl\u00e9.<br \/>\nC\u00f4t\u00e9 invit\u00e9s : 50 Cent, Eminem, Nate Dogg, Busta Rhymes et Mary J. Blige compl\u00e8tent le casting 4 \u00e9toiles de ce <a href=\"http:\/\/hiphop4life.fr\/shop\/produit\/50-cent-get-rich-or-die-tryin-vinyle\/\"><em>Get Rich Or Die Tryin<\/em>&lsquo;<\/a> made in Compton.[\/vc_column_text][vc_single_image media=\u00a0\u00bb69500&Prime; media_width_percent=\u00a0\u00bb100&Prime;][vc_column_text]<iframe src=\"https:\/\/embed.spotify.com\/?uri=spotify%3Aalbum%3A0d0QL1mV66wpb9cBvCSF0G\" width=\"300\" height=\"380\" frameborder=\"0\"><\/iframe><\/p>\n<p><strong>Tracklist<\/strong><\/p>\n<p><em>1. Intro <\/em><br \/>\n<em>2. Westside Story (Ft. 50 Cent) <\/em><br \/>\n<em>3. Dreams <\/em><br \/>\n<em>4. Hate It or Love It (Ft. 50 Cent) <\/em><br \/>\n<em>5. Higher <\/em><br \/>\n<em>6. How We Do (Ft. 50 Cent) <\/em><br \/>\n<em>7. Don&rsquo;t Need Your Love (Ft. Faith Evans) <\/em><br \/>\n<em>8. Church for Thugs <\/em><br \/>\n<em>9. Put You on the Game<\/em><br \/>\n<em>10. Start from Scratch (Ft. Marsha Ambrosius) <\/em><br \/>\n<em>11. The Documentary <\/em><br \/>\n<em>12. Runnin&rsquo; (Ft. Tony Yayo &amp; Dion) <\/em><br \/>\n<em>13. No More Fun and Games <\/em><br \/>\n<em>14. We Ain&rsquo;t (Ft. Eminem) <\/em><br \/>\n<em>15. Where I&rsquo;m From (Ft. Nate Dogg) <\/em><br \/>\n<em>16. Special (Ft. Nate Dogg) <\/em><br \/>\n<em>17. Don&rsquo;t Worry (Ft. Mary J. Blige) <\/em><br \/>\n<em>18. Like Father, Like Son (Ft. Busta Rhymes)<\/em><\/p>\n<p>10 ans plus tard, <strong>The Game<\/strong> a sorti\u00a0la suite de son 1er classique, un double album moins r\u00e9ussi que le 1er volet mais tout de m\u00eame solide, la chronique et le stream de <em><strong>The Documentary 2<\/strong><\/em> sont dispo sur Hip-Hop 4 Life <a href=\"http:\/\/hiphop4life.fr\/chroniques\/the-game-the-documentary-2-chronique\/\">ici<\/a>\u00a0et la chronique et le stream de la version 2.5 sont dispo <a href=\"http:\/\/hiphop4life.fr\/chroniques\/the-game-the-documentary-2-5-chronique\/\">l\u00e0<\/a>.<\/p>\n<p>Les meilleurs sons de <strong>The Game<\/strong> sont \u00e0 retrouver dans la playlist <a href=\"http:\/\/hiphop4life.fr\/chroniques\/playlists\/\">2 Live N Die In L.A.<\/a>[\/vc_column_text][\/vc_column][\/vc_row]<\/p>\n<\/div>","protected":false},"excerpt":{"rendered":"<p><strong>Album :<\/strong> The Documentary<br \/>\n<strong>Artiste :<\/strong> The\u00a0Game<br \/>\n<strong>Etat :<\/strong>\u00a0Neuf<br \/>\n<strong>Format :<\/strong>\u00a0Vinyle, 2 LP, Album<br \/>\n<strong>Label :<\/strong>\u00a0Universal Music Group<br \/>\n<strong>Edition :<\/strong> R\u00e9\u00e9dition 2022 &#8211; Vinyle Rouge<br \/>\n<strong>Date de sortie :<\/strong>\u00a02005<br \/>\n<strong>Genre :<\/strong>\u00a0Hip-Hop \/ Rap US \/\u00a0West Coast \/ Gangsta Rap<\/p>\n","protected":false},"featured_media":69501,"comment_status":"open","ping_status":"closed","template":"","meta":{"om_disable_all_campaigns":false,"_monsterinsights_skip_tracking":false,"_monsterinsights_sitenote_active":false,"_monsterinsights_sitenote_note":"","_monsterinsights_sitenote_category":0},"product_brand":[],"product_cat":[6172,6175],"product_tag":[7705,5374,6183,5887,5344,5503,6110,5325,5326,7693,5891,5851,9089,5328],"class_list":{"0":"post-69499","1":"product","2":"type-product","3":"status-publish","4":"has-post-thumbnail","6":"product_cat-2000s","7":"product_cat-west-coast","8":"product_tag-180g","9":"product_tag-2000s","10":"product_tag-50-cent","11":"product_tag-aftermath","12":"product_tag-dr-dre","13":"product_tag-g-unit","14":"product_tag-gangsta-rap","15":"product_tag-hip-hop","16":"product_tag-rap-us","17":"product_tag-reedition","18":"product_tag-the-documentary","19":"product_tag-the-game","20":"product_tag-vinyle-colore","21":"product_tag-west-coast","23":"first","24":"outofstock","25":"purchasable","26":"product-type-simple"},"aioseo_notices":[],"_links":{"self":[{"href":"https:\/\/hiphop4life.fr\/shop\/wp-json\/wp\/v2\/product\/69499","targetHints":{"allow":["GET"]}}],"collection":[{"href":"https:\/\/hiphop4life.fr\/shop\/wp-json\/wp\/v2\/product"}],"about":[{"href":"https:\/\/hiphop4life.fr\/shop\/wp-json\/wp\/v2\/types\/product"}],"replies":[{"embeddable":true,"href":"https:\/\/hiphop4life.fr\/shop\/wp-json\/wp\/v2\/comments?post=69499"}],"wp:featuredmedia":[{"embeddable":true,"href":"https:\/\/hiphop4life.fr\/shop\/wp-json\/wp\/v2\/media\/69501"}],"wp:attachment":[{"href":"https:\/\/hiphop4life.fr\/shop\/wp-json\/wp\/v2\/media?parent=69499"}],"wp:term":[{"taxonomy":"product_brand","embeddable":true,"href":"https:\/\/hiphop4life.fr\/shop\/wp-json\/wp\/v2\/product_brand?post=69499"},{"taxonomy":"product_cat","embeddable":true,"href":"https:\/\/hiphop4life.fr\/shop\/wp-json\/wp\/v2\/product_cat?post=69499"},{"taxonomy":"product_tag","embeddable":true,"href":"https:\/\/hiphop4life.fr\/shop\/wp-json\/wp\/v2\/product_tag?post=69499"}],"curies":[{"name":"wp","href":"https:\/\/api.w.org\/{rel}","templated":true}]}}