{"id":69505,"date":"2016-01-03T12:10:12","date_gmt":"2016-01-03T11:10:12","guid":{"rendered":"http:\/\/hiphop4life.fr\/shop\/produit\/wu-tang-clan-wu-tang-forever-vinyle\/"},"modified":"2023-09-25T12:27:59","modified_gmt":"2023-09-25T10:27:59","slug":"wu-tang-clan-wu-tang-forever-vinyle","status":"publish","type":"product","link":"https:\/\/hiphop4life.fr\/shop\/produit\/wu-tang-clan-wu-tang-forever-vinyle\/","title":{"rendered":"Wu-Tang Clan &#8211; Wu-Tang Forever [Vinyle]"},"content":{"rendered":"<div class=\"wpb-content-wrapper\"><p>[vc_row][vc_column width=\u00a0\u00bb1\/1&Prime;][vc_column_text]Difficile de succ\u00e9der au mythique <a href=\"http:\/\/hiphop4life.fr\/shop\/produit\/wu-tang-clan-enter-the-wu-tang-clan-36-chambers-vinyle\/\"><em>Enter The Wu-Tang (36 Chambers)<\/em><\/a>, et pourtant, le tr\u00e8s attendu 2\u00e8me album du Wu a r\u00e9ussi l&rsquo;exploit de ne pas d\u00e9cevoir apr\u00e8s un tel chef d&rsquo;oeuvre.<br \/>\nLe talent est souvent accompagn\u00e9 d&rsquo;\u00e9go et les MCs du Wu-Tang avaient certainement un peu trop des deux pour garder cette coh\u00e9sion qui en faisait le meilleur groupe hip-hop de tous les temps.<br \/>\nApr\u00e8s ce projet, les embrouilles se sont encha\u00een\u00e9es, le leader RZA sera contest\u00e9 et le Wu-Tang Clan ressemblera plus \u00e0 une somme d&rsquo;individualit\u00e9s qu&rsquo;\u00e0 une \u00e9quipe soud\u00e9e, \u00e7a n&#8217;emp\u00eachera pas les rappeurs de briller en solo et de nous balancer quelques bombes \u00e9parpill\u00e9es sur les albums suivants du groupe.<br \/>\nDernier vestige de ce qu&rsquo;aurait pu \u00eatre ce crew surpuissant de shaolins de la rime, <em>Wu-Tang Forever<\/em> est tout simplement un des meilleurs double-albums de tous les temps avec <a href=\"http:\/\/hiphop4life.fr\/shop\/produit\/the-notorious-big-life-after-death-vinyle\/\"><em>Life After Death<\/em><\/a>, <a href=\"http:\/\/hiphop4life.fr\/shop\/produit\/2-pac-all-eyez-on-me-vinyle\/\"><em>All Eyez On Me<\/em><\/a> et <a href=\"http:\/\/hiphop4life.fr\/shop\/produit\/outkast-speakerboxxx-the-love-below-vinyle\/\"><em>Speakerboxxx\/The Love Below<\/em><\/a>, le dernier grand classique de RZA et sa bande.[\/vc_column_text][vc_single_image media=\u00a0\u00bb69507&Prime; media_width_percent=\u00a0\u00bb100&Prime;][vc_column_text]<iframe src=\"https:\/\/embed.spotify.com\/?uri=spotify%3Aalbum%3A4r3TaXjF2b1qwCpxjIpW43\" width=\"300\" height=\"380\" frameborder=\"0\"><\/iframe><\/p>\n<p><strong>Tracklist<\/strong><\/p>\n<p>Disque 1<\/p>\n<p><em>1. Wu-Revolution (Ft. Popa Wu &amp; Uncle Pete)<\/em><br \/>\n<em>2. Reunited<\/em><br \/>\n<em>3. For Heavens Sake (Ft. Cappadonna)<\/em><br \/>\n<em>4. Cash Still Rules \/ Scary Hours (Still Don&rsquo;t Nothing Move But the Money)<\/em><br \/>\n<em>5. Visionz<\/em><br \/>\n<em>6. As High as Wu-Tang Get<\/em><br \/>\n<em>7. Severe Punishment<\/em><br \/>\n<em>8. Older Gods<\/em><br \/>\n<em>9. Maria (Ft. Cappadonna)<\/em><br \/>\n<em>10. A Better Tomorrow<\/em><br \/>\n<em>11. It&rsquo;s Yourz<\/em><\/p>\n<p>Disque 2<\/p>\n<p><em>1. Intro<\/em><br \/>\n<em>2. Triumph (Ft. Cappadonna)<\/em><br \/>\n<em>3. Impossible (Ft. Tekitha)<\/em><br \/>\n<em>4. Little Ghetto Boys (Ft. Cappadonna)<\/em><br \/>\n<em>5. Deadly Melody (Ft. Streetlife)<\/em><br \/>\n<em>6. The City<\/em><br \/>\n<em>7. The Projects<\/em><br \/>\n<em>8. Bells of War<\/em><br \/>\n<em>9. The M.G.M.<\/em><br \/>\n<em>10. Dog Shit<\/em><br \/>\n<em>11. Duck Seazon<\/em><br \/>\n<em>12. Hellz Wind Staff (Ft. Streetlife)<\/em><br \/>\n<em>13. Heaterz (Ft. Cappadonna)<\/em><br \/>\n<em>14. Black Shampoo<\/em><br \/>\n<em>15. Second Coming (Ft. Tekitha)<\/em><br \/>\n<em>16. The Closing<\/em><br \/>\n<em>17. Sunshower<\/em><\/p>\n<p>Tous les classiques du <strong>Wu<\/strong> sont \u00e0 retrouver dans la playlist Hip-Hop 4 Life : <a href=\"http:\/\/hiphop4life.fr\/chroniques\/playlists\/\">36 Chambers<\/a>.[\/vc_column_text][\/vc_column][\/vc_row]<\/p>\n<\/div>","protected":false},"excerpt":{"rendered":"<p><strong>Album :<\/strong> Wu-Tang Forever<br \/>\n<strong>Artiste :<\/strong>\u00a0Wu-Tang Clan &#8211; RZA \/ GZA \/ Raekwon \/ Ghostface Killah \/ Method Man \/ Ol&rsquo; Dirty Bastard \/ Inspectah Deck \/\u00a0U-God \/ Masta Killa \/ Cappadonna<br \/>\n<strong>Etat :<\/strong>\u00a0Neuf<br \/>\n<strong>Format :<\/strong>\u00a0Vinyle, 4 LP, Album<br \/>\n<strong>Label :<\/strong>\u00a0Loud<br \/>\n<strong>Edition :<\/strong> R\u00e9\u00e9dition 2014 \u00ab\u00a0Music On Vinyl\u00a0\u00bb &#8211; 180g Audiophile<br \/>\n<strong>Date de sortie :<\/strong>\u00a01997<br \/>\n<strong>Genre :<\/strong>\u00a0Hip-Hop \/ Rap US \/\u00a0East Coast \/ Hardcore<\/p>\n","protected":false},"featured_media":69506,"comment_status":"open","ping_status":"closed","template":"","meta":{"om_disable_all_campaigns":false,"_monsterinsights_skip_tracking":false,"_monsterinsights_sitenote_active":false,"_monsterinsights_sitenote_note":"","_monsterinsights_sitenote_category":0},"product_brand":[],"product_cat":[6174,6171],"product_tag":[7705,5337,5339,5871,5325,5326,7693,5868,5864],"class_list":{"0":"post-69505","1":"product","2":"type-product","3":"status-publish","4":"has-post-thumbnail","6":"product_cat-east-coast","7":"product_cat-golden-age","8":"product_tag-180g","9":"product_tag-east-coast","10":"product_tag-golden-age","11":"product_tag-hardcore","12":"product_tag-hip-hop","13":"product_tag-rap-us","14":"product_tag-reedition","15":"product_tag-wu-tang-clan","16":"product_tag-wu-tang-forever","18":"first","19":"outofstock","20":"taxable","21":"shipping-taxable","22":"purchasable","23":"product-type-simple"},"aioseo_notices":[],"_links":{"self":[{"href":"https:\/\/hiphop4life.fr\/shop\/wp-json\/wp\/v2\/product\/69505","targetHints":{"allow":["GET"]}}],"collection":[{"href":"https:\/\/hiphop4life.fr\/shop\/wp-json\/wp\/v2\/product"}],"about":[{"href":"https:\/\/hiphop4life.fr\/shop\/wp-json\/wp\/v2\/types\/product"}],"replies":[{"embeddable":true,"href":"https:\/\/hiphop4life.fr\/shop\/wp-json\/wp\/v2\/comments?post=69505"}],"wp:featuredmedia":[{"embeddable":true,"href":"https:\/\/hiphop4life.fr\/shop\/wp-json\/wp\/v2\/media\/69506"}],"wp:attachment":[{"href":"https:\/\/hiphop4life.fr\/shop\/wp-json\/wp\/v2\/media?parent=69505"}],"wp:term":[{"taxonomy":"product_brand","embeddable":true,"href":"https:\/\/hiphop4life.fr\/shop\/wp-json\/wp\/v2\/product_brand?post=69505"},{"taxonomy":"product_cat","embeddable":true,"href":"https:\/\/hiphop4life.fr\/shop\/wp-json\/wp\/v2\/product_cat?post=69505"},{"taxonomy":"product_tag","embeddable":true,"href":"https:\/\/hiphop4life.fr\/shop\/wp-json\/wp\/v2\/product_tag?post=69505"}],"curies":[{"name":"wp","href":"https:\/\/api.w.org\/{rel}","templated":true}]}}