{"id":69508,"date":"2016-05-30T10:27:29","date_gmt":"2016-05-30T08:27:29","guid":{"rendered":"http:\/\/hiphop4life.fr\/shop\/produit\/dr-dre-the-chronic-vinyle\/"},"modified":"2022-01-26T13:12:18","modified_gmt":"2022-01-26T12:12:18","slug":"dr-dre-the-chronic-vinyle","status":"publish","type":"product","link":"https:\/\/hiphop4life.fr\/shop\/produit\/dr-dre-the-chronic-vinyle\/","title":{"rendered":"Dr. Dre &#8211; The Chronic [Vinyle]"},"content":{"rendered":"<div class=\"wpb-content-wrapper\"><p>[vc_row][vc_column width=\u00a0\u00bb1\/1&Prime;][vc_column_text]<em>The Chronic<\/em> est probablement l&rsquo;album le plus important de la c\u00f4te ouest, souvent cit\u00e9 avec <a href=\"http:\/\/hiphop4life.fr\/shop\/produit\/nas-illmatic-vinyle\/\"><em>Illmatic<\/em><\/a> comme le plus grand classique rap de tous les temps, le G-Funk de Dr. Dre a influenc\u00e9 un nombre incalculable de rappeurs.<br \/>\nDe Nate Dogg au DPG en passant par The Lady of Rage et \u00e9videmment Snoop Dogg que Dre a lanc\u00e9 avec cet album, les meilleurs rappeurs de L.A. font tourner la<em>\u00a0Chronic\u00a0<\/em>prescrite par le docteur.<br \/>\nBandana \u00e0 l&rsquo;envers comme Pac, glock dans le jean, basses r\u00e9gl\u00e9es \u00e0 fond, biatches \u00e0 l&rsquo;arri\u00e8re, embarque dans le low-rider de Dre &amp; Snoop pour un Gangsta ride sous le soleil de Cali et les effluves de cannabis.[\/vc_column_text][vc_single_image media=\u00a0\u00bb69510&Prime; media_width_percent=\u00a0\u00bb100&Prime;][vc_column_text]<\/p>\n<p><strong>Tracklist<\/strong><\/p>\n<p><em>1. The Chronic (Intro) (Ft. Snoop Dogg)<\/em><br \/>\n<em>2. Fuck Wit Dre Day (And Everybody\u2019s Celebratin\u2019) (Ft. Snoop Dogg)<\/em><br \/>\n<em>3. Let Me Ride (Ft. Snoop Dogg)<\/em><br \/>\n<em>4. The Day The Niggaz Took Over (Ft. Snoop Dogg, RBX &amp; Dat Nigga Daz)<\/em><br \/>\n<em>5. Nothin\u2019 But A \u2018G\u2019 Thang (Ft. Snoop Dogg)<\/em><br \/>\n<em>6. Deeez Nuuuts (Ft. Snoop Dogg, Dat Nigga Daz &amp; Nate Dogg)<\/em><br \/>\n<em>7. Lil\u2019 Ghetto Boy (Ft. Snoop Dogg)<\/em><br \/>\n<em>8. A Nigga Witta Gun<\/em><br \/>\n<em>9. Rat-Tat-Tat-Tat (Ft. Snoop Dogg &amp; BJ)<\/em><br \/>\n<em>10. The $20 Sack Pyramid<\/em><br \/>\n<em>11. Lyrical Gangbang (Ft. The Lady Of Rage, Kurupt &amp; RBX)<\/em><br \/>\n<em>12. High Powered (Ft. RBX)<\/em><br \/>\n<em>13. The Doctor\u2019s Office (Skit)<\/em><br \/>\n<em>14. Stranded On Death Row (Ft. Kurupt, RBX, The Lady of Rage &amp; Snoop Dogg)<\/em><br \/>\n<em>15. The Roach (The Chronic Outro) (Ft. RBX)<\/em><br \/>\n<em>16. Bitches Ain\u2019t Shit! (Ft. Snoop Dogg, Dat Nigga Daz &amp; Kurupt)<\/em><\/p>\n<p>Les tubes du duo mythique <strong>Dre \/ Snoop<\/strong> sont\u00a0\u00e0 retrouver dans la playlist <a href=\"http:\/\/hiphop4life.fr\/chroniques\/playlists\/\">2 Live N Die In L.A.<br \/>\n<\/a><\/p>\n<p>La chronique du dernier album de <strong>Dr. Dre<\/strong>, <em><strong>Compton<\/strong><\/em>, est \u00e0 lire sur Hip-Hop 4 Life <a href=\"http:\/\/hiphop4life.fr\/chroniques\/dr-dre-compton-chronique\/\">ici<\/a>.[\/vc_column_text][\/vc_column][\/vc_row]<\/p>\n<\/div>","protected":false},"excerpt":{"rendered":"<p><strong>Album :<\/strong>\u00a0The Chronic<br \/>\n<strong>Artiste :<\/strong>\u00a0Dr. Dre<br \/>\n<strong>Etat :<\/strong>\u00a0Neuf<br \/>\n<strong>Format :<\/strong>\u00a0Vinyle, LP, Album<br \/>\n<strong>Label :<\/strong>\u00a0Death Row Records<br \/>\n<strong>Edition :\u00a0<\/strong>R\u00e9\u00e9dition 2017 &#8211; Remasteris\u00e9<br \/>\n<strong>Date de sortie :<\/strong>\u00a01992<br \/>\n<strong>Genre :<\/strong>\u00a0Hip-Hop \/ Rap US \/ West Coast \/ Gangsta Rap \/ G-Funk<\/p>\n","protected":false},"featured_media":69509,"comment_status":"open","ping_status":"closed","template":"","meta":{"om_disable_all_campaigns":false,"_monsterinsights_skip_tracking":false,"_monsterinsights_sitenote_active":false,"_monsterinsights_sitenote_note":"","_monsterinsights_sitenote_category":0},"product_brand":[],"product_cat":[6171,6175],"product_tag":[5341,5344,5340,6110,5339,5325,5326,7693,7695,5342,5927,5328],"class_list":{"0":"post-69508","1":"product","2":"type-product","3":"status-publish","4":"has-post-thumbnail","6":"product_cat-golden-age","7":"product_cat-west-coast","8":"product_tag-death-row-records","9":"product_tag-dr-dre","10":"product_tag-g-funk","11":"product_tag-gangsta-rap","12":"product_tag-golden-age","13":"product_tag-hip-hop","14":"product_tag-rap-us","15":"product_tag-reedition","16":"product_tag-remasterise","17":"product_tag-snoop-dogg","18":"product_tag-the-chronic","19":"product_tag-west-coast","20":"product_shipping_class-2-lp","22":"first","23":"outofstock","24":"taxable","25":"shipping-taxable","26":"purchasable","27":"product-type-simple"},"aioseo_notices":[],"_links":{"self":[{"href":"https:\/\/hiphop4life.fr\/shop\/wp-json\/wp\/v2\/product\/69508","targetHints":{"allow":["GET"]}}],"collection":[{"href":"https:\/\/hiphop4life.fr\/shop\/wp-json\/wp\/v2\/product"}],"about":[{"href":"https:\/\/hiphop4life.fr\/shop\/wp-json\/wp\/v2\/types\/product"}],"replies":[{"embeddable":true,"href":"https:\/\/hiphop4life.fr\/shop\/wp-json\/wp\/v2\/comments?post=69508"}],"wp:featuredmedia":[{"embeddable":true,"href":"https:\/\/hiphop4life.fr\/shop\/wp-json\/wp\/v2\/media\/69509"}],"wp:attachment":[{"href":"https:\/\/hiphop4life.fr\/shop\/wp-json\/wp\/v2\/media?parent=69508"}],"wp:term":[{"taxonomy":"product_brand","embeddable":true,"href":"https:\/\/hiphop4life.fr\/shop\/wp-json\/wp\/v2\/product_brand?post=69508"},{"taxonomy":"product_cat","embeddable":true,"href":"https:\/\/hiphop4life.fr\/shop\/wp-json\/wp\/v2\/product_cat?post=69508"},{"taxonomy":"product_tag","embeddable":true,"href":"https:\/\/hiphop4life.fr\/shop\/wp-json\/wp\/v2\/product_tag?post=69508"}],"curies":[{"name":"wp","href":"https:\/\/api.w.org\/{rel}","templated":true}]}}