{"id":69681,"date":"2016-06-14T12:03:38","date_gmt":"2016-06-14T10:03:38","guid":{"rendered":"http:\/\/hiphop4life.fr\/shop\/produit\/warren-g-regulate-g-funk-era-vinyle\/"},"modified":"2022-01-17T16:09:25","modified_gmt":"2022-01-17T15:09:25","slug":"warren-g-regulate-g-funk-era-vinyle","status":"publish","type":"product","link":"https:\/\/hiphop4life.fr\/shop\/produit\/warren-g-regulate-g-funk-era-vinyle\/","title":{"rendered":"Warren G &#8211; Regulate&#8230;G Funk Era [Vinyle 20\u00e8me Anniversaire]"},"content":{"rendered":"<div class=\"wpb-content-wrapper\"><p>[vc_row][vc_column width=\u00a0\u00bb1\/1&Prime;][vc_column_text]Port\u00e9 par les hits <em>This D.J.<\/em> et <em>Regulate<\/em> avec le regrett\u00e9 Nate Dogg, Warren G suit le sillon trac\u00e9 par son demi-fr\u00e8re Dr. Dre avec ce classique du G-Funk, un album essentiel pour les fans du son West Coast du Golden Age.[\/vc_column_text][vc_single_image media=\u00a0\u00bb69683&Prime; media_width_percent=\u00a0\u00bb100&Prime;][vc_column_text]<\/p>\n<p><strong>Tracklist<\/strong><\/p>\n<p><em>1. Regulate (Ft. Nate Dogg)<\/em><br \/>\n<em>2. Do You See<\/em><br \/>\n<em>3. Gangsta Sermon (Ft. B-Tip and Ricky Harris)<\/em><br \/>\n<em>4. Recognize (Ft. The Twinz)<\/em><br \/>\n<em>5. Super Soul Sis (Ft. Jah Skills)<\/em><br \/>\n<em>6. &rsquo;94 Ho Draft (Ft. B-Tip and Ricky Harris)<\/em><br \/>\n<em>7. So Many Ways (Ft. Wayniac and Lady Levi)<\/em><br \/>\n<em>8. This D.J. (Ft. O.G.L.B.)<\/em><br \/>\n<em>9. This Is the Shack (Ft. The Dove Shack)<\/em><br \/>\n<em>10. What&rsquo;s Next (Ft. Mr. Malik)<\/em><br \/>\n<em>11. And Ya Don&rsquo;t Stop<\/em><br \/>\n<em>12. Runnin&rsquo; wit No Breaks (Ft. Jah Skills, Bo Roc, G Child &amp; The Twinz)<\/em><\/p>\n<p>Album pionnier du G-Funk\u00a0\u00e0 retrouver dans la playlist Hip-Hop 4 Life : <strong><a href=\"http:\/\/hiphop4life.fr\/chroniques\/playlists\/\" target=\"_blank\" rel=\"noopener noreferrer\">2 Live N Die In L.A.<\/a><\/strong>[\/vc_column_text][\/vc_column][\/vc_row]<\/p>\n<\/div>","protected":false},"excerpt":{"rendered":"<p><strong>Album :<\/strong> Regulate&#8230;G Funk Era<br \/>\n<strong>Artiste :<\/strong>\u00a0Warren G<br \/>\n<strong>Etat :<\/strong>\u00a0Neuf<br \/>\n<strong>Format :<\/strong>\u00a0Vinyle, 2 LP, Album<br \/>\n<strong>Label :<\/strong>\u00a0Def Jam Recordings<br \/>\n<strong>Edition :<\/strong> R\u00e9\u00e9dition 2014 20\u00e8me Anniversaire &#8211; Def Jam Recordings 30<br \/>\n<strong>Date de sortie :<\/strong>\u00a01994<br \/>\n<strong>Genre :<\/strong>\u00a0Hip-Hop \/ Rap US \/ West Coast \/ G-Funk<\/p>\n","protected":false},"featured_media":69682,"comment_status":"open","ping_status":"closed","template":"","meta":{"om_disable_all_campaigns":false,"_monsterinsights_skip_tracking":false,"_monsterinsights_sitenote_active":false,"_monsterinsights_sitenote_note":"","_monsterinsights_sitenote_category":0},"product_brand":[],"product_cat":[6171,6175],"product_tag":[5340,5339,5325,5326,7693,5514,5513,5328],"class_list":{"0":"post-69681","1":"product","2":"type-product","3":"status-publish","4":"has-post-thumbnail","6":"product_cat-golden-age","7":"product_cat-west-coast","8":"product_tag-g-funk","9":"product_tag-golden-age","10":"product_tag-hip-hop","11":"product_tag-rap-us","12":"product_tag-reedition","13":"product_tag-regulate-g-funk-era","14":"product_tag-warren-g","15":"product_tag-west-coast","16":"product_shipping_class-lp","18":"first","19":"outofstock","20":"taxable","21":"shipping-taxable","22":"purchasable","23":"product-type-simple"},"aioseo_notices":[],"_links":{"self":[{"href":"https:\/\/hiphop4life.fr\/shop\/wp-json\/wp\/v2\/product\/69681","targetHints":{"allow":["GET"]}}],"collection":[{"href":"https:\/\/hiphop4life.fr\/shop\/wp-json\/wp\/v2\/product"}],"about":[{"href":"https:\/\/hiphop4life.fr\/shop\/wp-json\/wp\/v2\/types\/product"}],"replies":[{"embeddable":true,"href":"https:\/\/hiphop4life.fr\/shop\/wp-json\/wp\/v2\/comments?post=69681"}],"wp:featuredmedia":[{"embeddable":true,"href":"https:\/\/hiphop4life.fr\/shop\/wp-json\/wp\/v2\/media\/69682"}],"wp:attachment":[{"href":"https:\/\/hiphop4life.fr\/shop\/wp-json\/wp\/v2\/media?parent=69681"}],"wp:term":[{"taxonomy":"product_brand","embeddable":true,"href":"https:\/\/hiphop4life.fr\/shop\/wp-json\/wp\/v2\/product_brand?post=69681"},{"taxonomy":"product_cat","embeddable":true,"href":"https:\/\/hiphop4life.fr\/shop\/wp-json\/wp\/v2\/product_cat?post=69681"},{"taxonomy":"product_tag","embeddable":true,"href":"https:\/\/hiphop4life.fr\/shop\/wp-json\/wp\/v2\/product_tag?post=69681"}],"curies":[{"name":"wp","href":"https:\/\/api.w.org\/{rel}","templated":true}]}}