{"id":70076,"date":"2016-05-10T11:00:05","date_gmt":"2016-05-10T09:00:05","guid":{"rendered":"http:\/\/hiphop4life.fr\/shop\/?post_type=product&#038;p=70076"},"modified":"2023-08-15T04:10:04","modified_gmt":"2023-08-15T02:10:04","slug":"kendrick-lamar-damn-vinyle-dedicace","status":"publish","type":"product","link":"https:\/\/hiphop4life.fr\/shop\/produit\/kendrick-lamar-damn-vinyle-dedicace\/","title":{"rendered":"Kendrick Lamar &#8211; DAMN. [Vinyle D\u00e9dicac\u00e9]"},"content":{"rendered":"<div class=\"wpb-content-wrapper\"><p>[vc_row][vc_column width=\u00a0\u00bb1\/1&Prime;][vc_column_text]<strong>Extrait de la chronique Hip-Hop 4 Life :<\/strong><\/p>\n<p>[&#8230;]<em><strong> DAMN. <\/strong>est plus direct que ses pr\u00e9d\u00e9cesseurs,<strong> Kendrick<\/strong> est cette fois au centre de la toile : son sang, son ADN et ses p\u00each\u00e9s comme miroirs de notre soci\u00e9t\u00e9, il r\u00eave d\u2019\u00eatre immortel comme<strong> 2Pac <\/strong>et seul son art le sauvera de la damnation<\/em>\u00a0[&#8230;]<\/p>\n<p>La chronique compl\u00e8te de <em><strong>DAMN.<\/strong><\/em>\u00a0dispo\u00a0<a href=\"http:\/\/hiphop4life.fr\/chroniques\/kendrick-lamar-damn-chronique\/\" target=\"_blank\" rel=\"noopener noreferrer\">ici<\/a>.[\/vc_column_text][vc_single_image media=\u00a0\u00bb70077&Prime; media_width_percent=\u00a0\u00bb100&Prime;][vc_column_text]<iframe src=\"https:\/\/open.spotify.com\/embed\/album\/4eLPsYPBmXABThSJ821sqY\" width=\"300\" height=\"380\" frameborder=\"0\"><\/iframe><\/p>\n<p><strong>Tracklist<\/strong><\/p>\n<p><em>1. Blood<\/em><br \/>\n<em>2. DNA<\/em><br \/>\n<em>3. Yah<\/em><br \/>\n<em>4. Element<\/em><br \/>\n<em>5. Feel<\/em><br \/>\n<em>6. Loyalty (Ft. Rihanna)<\/em><br \/>\n<em>7. Pride<\/em><br \/>\n<em>8. Humble<\/em><br \/>\n<em>9. Lust<\/em><br \/>\n<em>10. Love (Ft. Zacari)<\/em><br \/>\n<em>11. XXX (Ft. U2)<\/em><br \/>\n<em>12. Fear<\/em><br \/>\n<em>13. God<\/em><br \/>\n<em>14. Duckworth<\/em>[\/vc_column_text][\/vc_column][\/vc_row]<\/p>\n<\/div>","protected":false},"excerpt":{"rendered":"<p><strong>Album :\u00a0<\/strong>DAMN.<br \/>\n<strong>Artiste :<\/strong>\u00a0Kendrick Lamar<br \/>\n<strong>Etat :<\/strong>\u00a0Neuf<br \/>\n<strong>Format :<\/strong>\u00a0Vinyle d\u00e9dicac\u00e9, 2 LP, Album, \u00c9dition limit\u00e9e<br \/>\n<strong>Label :<\/strong>\u00a0Top Dawg Entertainment<br \/>\n<strong>Edition :<\/strong> Originale &#8211; D\u00e9dicac\u00e9<br \/>\n<strong>Date de sortie :<\/strong>\u00a02017<br \/>\n<strong>Genre :<\/strong>\u00a0Hip-Hop \/ Rap US \/ West Coast \/ Rap Conscient<\/p>\n<p>Le vinyle du dernier album de <strong>Kendrick Lamar<\/strong>, <em><strong>DAMN.<\/strong><\/em>, d\u00e9dicac\u00e9 par le rappeur + le t\u00e9l\u00e9chargement\u00a0de l&rsquo;album en digital.<\/p>\n","protected":false},"featured_media":71583,"comment_status":"open","ping_status":"closed","template":"","meta":{"om_disable_all_campaigns":false,"_monsterinsights_skip_tracking":false,"_monsterinsights_sitenote_active":false,"_monsterinsights_sitenote_note":"","_monsterinsights_sitenote_category":0},"product_brand":[],"product_cat":[9206,6175],"product_tag":[7266,6859,7719,9688,8273,5325,5999,5855,7701,5361,5326,5895,5328],"class_list":{"0":"post-70076","1":"product","2":"type-product","3":"status-publish","4":"has-post-thumbnail","6":"product_cat-new-school","7":"product_cat-west-coast","8":"product_tag-collector","9":"product_tag-damn","10":"product_tag-dedicace","11":"product_tag-dreamville-vs-tde","12":"product_tag-hh4l-awards-2017-fr","13":"product_tag-hip-hop","14":"product_tag-kendrick-lamar","15":"product_tag-new-school","16":"product_tag-original","17":"product_tag-rap-conscient","18":"product_tag-rap-us","19":"product_tag-tde","20":"product_tag-west-coast","21":"product_shipping_class-2-lp","23":"first","24":"outofstock","25":"sold-individually","26":"taxable","27":"shipping-taxable","28":"purchasable","29":"product-type-simple"},"aioseo_notices":[],"_links":{"self":[{"href":"https:\/\/hiphop4life.fr\/shop\/wp-json\/wp\/v2\/product\/70076","targetHints":{"allow":["GET"]}}],"collection":[{"href":"https:\/\/hiphop4life.fr\/shop\/wp-json\/wp\/v2\/product"}],"about":[{"href":"https:\/\/hiphop4life.fr\/shop\/wp-json\/wp\/v2\/types\/product"}],"replies":[{"embeddable":true,"href":"https:\/\/hiphop4life.fr\/shop\/wp-json\/wp\/v2\/comments?post=70076"}],"wp:featuredmedia":[{"embeddable":true,"href":"https:\/\/hiphop4life.fr\/shop\/wp-json\/wp\/v2\/media\/71583"}],"wp:attachment":[{"href":"https:\/\/hiphop4life.fr\/shop\/wp-json\/wp\/v2\/media?parent=70076"}],"wp:term":[{"taxonomy":"product_brand","embeddable":true,"href":"https:\/\/hiphop4life.fr\/shop\/wp-json\/wp\/v2\/product_brand?post=70076"},{"taxonomy":"product_cat","embeddable":true,"href":"https:\/\/hiphop4life.fr\/shop\/wp-json\/wp\/v2\/product_cat?post=70076"},{"taxonomy":"product_tag","embeddable":true,"href":"https:\/\/hiphop4life.fr\/shop\/wp-json\/wp\/v2\/product_tag?post=70076"}],"curies":[{"name":"wp","href":"https:\/\/api.w.org\/{rel}","templated":true}]}}