{"id":70566,"date":"2017-06-15T11:21:15","date_gmt":"2017-06-15T09:21:15","guid":{"rendered":"http:\/\/hiphop4life.fr\/shop\/?post_type=product&#038;p=70566"},"modified":"2022-01-17T16:00:41","modified_gmt":"2022-01-17T15:00:41","slug":"brother-ali-all-the-beauty-in-this-whole-life-vinyle","status":"publish","type":"product","link":"https:\/\/hiphop4life.fr\/shop\/produit\/brother-ali-all-the-beauty-in-this-whole-life-vinyle\/","title":{"rendered":"Brother Ali &#8211; All The Beauty In This Whole Life [Vinyle]"},"content":{"rendered":"<div class=\"wpb-content-wrapper\"><p>[vc_row][vc_column width=\u00a0\u00bb1\/1&Prime;][vc_column_text]<strong>Extrait de la chronique Hip-Hop 4 Life :<\/strong><\/p>\n<p>[&#8230;] <em>Le combat de <strong>Brother Ali<\/strong> est bien plus noble qu\u2019une quelconque r\u00e9ussite commerciale, comme Gandhi, Bob Marley ou son homonyme Mohamed Ali, il veut r\u00e9ussir \u00e0 toucher le c\u0153ur des gens, changer les mentalit\u00e9s et transmettre des id\u00e9aux de paix et d\u2019amour tout en d\u00e9non\u00e7ant les injustices.<\/em><br \/>\n<em>Du micro d\u2019<strong>Ali<\/strong> \u00e9mane toutes sortes d\u2019\u00e9motions, de l\u2019amour \u00e9videmment dans le lumineux <strong>Own Light<\/strong>, de la rage dans le puissant <strong>Pen To Paper<\/strong>, de la tristesse quand il \u00e9voque les suicides de son p\u00e8re et de son grand-p\u00e8re dans le poignant hommage <strong>Out of Here<\/strong>.<\/em>\u00a0[&#8230;]<\/p>\n<p>La chronique compl\u00e8te de <em><strong>All The Beauty In This Whole Life<\/strong><\/em>\u00a0\u00e0 lire <a href=\"http:\/\/hiphop4life.fr\/chroniques\/brother-ali-all-the-beauty-in-this-whole-life\">ici<\/a>.[\/vc_column_text][vc_single_image media=\u00a0\u00bb70567&Prime; media_width_percent=\u00a0\u00bb100&Prime;][vc_column_text]<iframe src=\"https:\/\/embed.spotify.com\/?uri=spotify%3Aalbum%3A0gFBkSVG8rDireG2Y9JaqI\" width=\"300\" height=\"380\" frameborder=\"0\"><\/iframe><\/p>\n<p><strong>Tracklist<\/strong><\/p>\n<p><em>1. Pen To Paper Ft. Amir Sulaiman<\/em><br \/>\n<em>2. Own Light (What Hearts Are For)<\/em><br \/>\n<em>3. Special Effects Ft. deM atlaS<\/em><br \/>\n<em>4. Can&rsquo;t Take That Away<\/em><br \/>\n<em>5. Dear Black Son<\/em><br \/>\n<em>6. We Got This Ft. Sa-Roc<\/em><br \/>\n<em>7. Uncle Usi Taught Me<\/em><br \/>\n<em>8. Pray For Me<\/em><br \/>\n<em>9. It Ain&rsquo;t Easy<\/em><br \/>\n<em>10. Never Learn<\/em><br \/>\n<em>11. Tremble<\/em><br \/>\n<em>12. Before They Called You White<\/em><br \/>\n<em>13. The Bitten Apple Ft. Idris Philips<\/em><br \/>\n<em>14. Out of Here<\/em><br \/>\n<em>15. All The Beauty In This Whole Life<\/em><\/p>\n<p>Les meilleurs sons de Brother Ali sont dans la playlist Hip-Hop 4 Life : <a href=\"http:\/\/hiphop4life.fr\/chroniques\/playlists\/\">GodLovesUgly<\/a>.[\/vc_column_text][vc_single_image media=\u00a0\u00bb70572&Prime; media_width_percent=\u00a0\u00bb100&Prime;][\/vc_column][\/vc_row]<\/p>\n<\/div>","protected":false},"excerpt":{"rendered":"<p><strong>Album :<\/strong> All The Beauty In This Whole Life<br \/>\n<strong>Artiste :<\/strong>\u00a0Brother Ali<br \/>\n<strong>Etat :<\/strong>\u00a0Neuf<br \/>\n<strong>Format :<\/strong>\u00a0Vinyle, 2 LP, Album + Lyrics Booklet<br \/>\n<strong>Label :<\/strong> Rhymesayers<br \/>\n<strong>Edition :<\/strong> Originale &#8211; Translucent 3-Color Splatter Vinyl<br \/>\n<strong>Date de sortie :<\/strong>\u00a02017<br \/>\n<strong>Genre :<\/strong>\u00a0Hip-Hop \/ Rap US \/ Rap Conscient \/ Underground<\/p>\n","protected":false},"featured_media":70568,"comment_status":"open","ping_status":"closed","template":"","meta":{"om_disable_all_campaigns":false,"_monsterinsights_skip_tracking":false,"_monsterinsights_sitenote_active":false,"_monsterinsights_sitenote_note":"","_monsterinsights_sitenote_category":0},"product_brand":[],"product_cat":[6177],"product_tag":[6940,6938,6936,9093,8273,5325,7701,5361,5326,6934,6986],"class_list":{"0":"post-70566","1":"product","2":"type-product","3":"status-publish","4":"has-post-thumbnail","6":"product_cat-midwest","7":"product_tag-all-the-beauty-in-this-whole-life","8":"product_tag-ant","9":"product_tag-brother-ali","10":"product_tag-colored-vinyl-fr","11":"product_tag-hh4l-awards-2017-fr","12":"product_tag-hip-hop","13":"product_tag-original","14":"product_tag-rap-conscient","15":"product_tag-rap-us","16":"product_tag-rhymesayers","17":"product_tag-underground-fr","18":"product_shipping_class-2-lp","20":"first","21":"instock","22":"taxable","23":"shipping-taxable","24":"purchasable","25":"product-type-simple"},"aioseo_notices":[],"_links":{"self":[{"href":"https:\/\/hiphop4life.fr\/shop\/wp-json\/wp\/v2\/product\/70566","targetHints":{"allow":["GET"]}}],"collection":[{"href":"https:\/\/hiphop4life.fr\/shop\/wp-json\/wp\/v2\/product"}],"about":[{"href":"https:\/\/hiphop4life.fr\/shop\/wp-json\/wp\/v2\/types\/product"}],"replies":[{"embeddable":true,"href":"https:\/\/hiphop4life.fr\/shop\/wp-json\/wp\/v2\/comments?post=70566"}],"wp:featuredmedia":[{"embeddable":true,"href":"https:\/\/hiphop4life.fr\/shop\/wp-json\/wp\/v2\/media\/70568"}],"wp:attachment":[{"href":"https:\/\/hiphop4life.fr\/shop\/wp-json\/wp\/v2\/media?parent=70566"}],"wp:term":[{"taxonomy":"product_brand","embeddable":true,"href":"https:\/\/hiphop4life.fr\/shop\/wp-json\/wp\/v2\/product_brand?post=70566"},{"taxonomy":"product_cat","embeddable":true,"href":"https:\/\/hiphop4life.fr\/shop\/wp-json\/wp\/v2\/product_cat?post=70566"},{"taxonomy":"product_tag","embeddable":true,"href":"https:\/\/hiphop4life.fr\/shop\/wp-json\/wp\/v2\/product_tag?post=70566"}],"curies":[{"name":"wp","href":"https:\/\/api.w.org\/{rel}","templated":true}]}}