{"id":70613,"date":"2016-01-14T11:04:08","date_gmt":"2016-01-14T10:04:08","guid":{"rendered":"http:\/\/hiphop4life.fr\/shop\/?post_type=product&#038;p=70613"},"modified":"2024-06-04T15:01:43","modified_gmt":"2024-06-04T13:01:43","slug":"mobb-deep-the-infamous-vinyle","status":"publish","type":"product","link":"https:\/\/hiphop4life.fr\/shop\/produit\/mobb-deep-the-infamous-vinyle\/","title":{"rendered":"Mobb Deep &#8211; The Infamous [Vinyle]"},"content":{"rendered":"<div class=\"wpb-content-wrapper\"><p>[vc_row][vc_column width=\u00a0\u00bb1\/1&Prime;][vc_column_text]<strong>Extrait de la chronique Hip-Hop 4 Life :<\/strong><\/p>\n<p>[&#8230;]<em> Tel un peintre r\u00e9aliste, <strong>Havoc<\/strong> r\u00e9ussit \u00e0 retranscrire la froideur du monde dans lequel ils survivent, la vision n\u00e9faste des bas-fonds new-yorkais venait de trouver son \u00e9cho musical.<br \/>\nUne noirceur riche de son minimalisme qui se retrouve dans des textures sonores lentes et \u00e9pur\u00e9es parsem\u00e9es de boucles d\u00e9pouill\u00e9es et hypnotiques.<br \/>\nSi la musique pouvait avoir une odeur, <strong>The Infamous<\/strong> sentirait la poudre \u00e0 canon, si elle pouvait avoir une couleur, \u00e7a serait rouge sang, le pessimisme d\u00e9sesp\u00e9rant de ce second opus va vous torturer sans r\u00e9pit du d\u00e9but \u00e0 la fin avant de vous ass\u00e9ner deux coups fatals : Shook Ones Pt. II et Survival Of The Fittest.<\/em>\u00a0[&#8230;]<\/p>\n<p>La chronique compl\u00e8te de <em><strong>The Infamous<\/strong><\/em>\u00a0dispo\u00a0<a href=\"http:\/\/hiphop4life.fr\/chroniques\/the-infamous\/\" target=\"_blank\" rel=\"noopener noreferrer\">ici<\/a>.[\/vc_column_text][vc_single_image media=\u00a0\u00bb70614&Prime; media_width_percent=\u00a0\u00bb100&Prime;][vc_column_text]<iframe src=\"https:\/\/embed.spotify.com\/?uri=spotify%3Aalbum%3A1cCAb1vN8uUsdfEylVmTLs\" width=\"300\" height=\"380\" frameborder=\"0\"><\/iframe><\/p>\n<p><strong>Tracklist<\/strong><\/p>\n<p><em>1. The Start of Your Ending (41st Side)<\/em><br \/>\n<em>2. The Infamous Prelude<\/em><br \/>\n<em>3. Survival of the Fittest<\/em><br \/>\n<em>4. Eye for an Eye (Ft. Nas &amp; Raekwon)<\/em><br \/>\n<em>5. Just Step (Prelude)<\/em><br \/>\n<em>6. Give Up the Goods (Just Step) (Ft. Big Noyd)<\/em><br \/>\n<em>7. Temperature&rsquo;s Rising (Ft. Crystal Johnson)<\/em><br \/>\n<em>8. Up North Trip<\/em><br \/>\n<em>9. Trife Life<\/em><br \/>\n<em>10. Q.U. &#8211; Hectic<\/em><br \/>\n<em>11. Right Back at You (Ft. Ghostface Killah, Raekwon &amp; Big Noyd)<\/em><br \/>\n<em>12. The Grave Prelude<\/em><br \/>\n<em>13. Cradle to the Grave<\/em><br \/>\n<em>14. Drink Away the Pain (Situations) (Ft. Q-Tip)<\/em><br \/>\n<em>15. Shook Ones Part II<\/em><br \/>\n<em>16. Party Over (Ft. Big Noyd)<\/em><\/p>\n<p>Tous les classiques de <strong>Mobb Deep<\/strong> \u00e0 retrouver dans la playlist <a href=\"http:\/\/hiphop4life.fr\/chroniques\/playlists\/\">The Infamous<\/a>.[\/vc_column_text][\/vc_column][\/vc_row]<\/p>\n<\/div>","protected":false},"excerpt":{"rendered":"<p><strong>Album :<\/strong>\u00a0The Infamous<br \/>\n<strong>Artiste :<\/strong>\u00a0Mobb Deep (Prodigy &amp; Havoc)<br \/>\n<strong>Etat :<\/strong> Neuf &#8211; Sous blister<br \/>\n<strong>Format :<\/strong>\u00a0Vinyle, 2 LP, Album<br \/>\n<strong>Label :<\/strong>\u00a0Loud<br \/>\n<strong>Edition :<\/strong> R\u00e9\u00e9dition 2015 \u00ab\u00a0Music On Vinyl\u00a0\u00bb &#8211; 180g Audiophile<br \/>\n<strong>Date de sortie :<\/strong>\u00a01995<br \/>\n<strong>Genre :<\/strong>\u00a0Hip-Hop\u00a0\/ Rap US \/ Gangsta Rap \/ East Coast \/ Hardcore<\/p>\n","protected":false},"featured_media":70615,"comment_status":"open","ping_status":"closed","template":"","meta":{"om_disable_all_campaigns":false,"_monsterinsights_skip_tracking":false,"_monsterinsights_sitenote_active":false,"_monsterinsights_sitenote_note":"","_monsterinsights_sitenote_category":0},"product_brand":[],"product_cat":[6174,6171],"product_tag":[7705,5337,6110,5339,5871,5967,5325,5381,5976,5326,7693,7019],"class_list":{"0":"post-70613","1":"product","2":"type-product","3":"status-publish","4":"has-post-thumbnail","6":"product_cat-east-coast","7":"product_cat-golden-age","8":"product_tag-180g","9":"product_tag-east-coast","10":"product_tag-gangsta-rap","11":"product_tag-golden-age","12":"product_tag-hardcore","13":"product_tag-havoc","14":"product_tag-hip-hop","15":"product_tag-mobb-deep","16":"product_tag-prodigy","17":"product_tag-rap-us","18":"product_tag-reedition","19":"product_tag-the-infamous","20":"product_shipping_class-2-lp","22":"first","23":"outofstock","24":"taxable","25":"shipping-taxable","26":"purchasable","27":"product-type-simple"},"aioseo_notices":[],"_links":{"self":[{"href":"https:\/\/hiphop4life.fr\/shop\/wp-json\/wp\/v2\/product\/70613","targetHints":{"allow":["GET"]}}],"collection":[{"href":"https:\/\/hiphop4life.fr\/shop\/wp-json\/wp\/v2\/product"}],"about":[{"href":"https:\/\/hiphop4life.fr\/shop\/wp-json\/wp\/v2\/types\/product"}],"replies":[{"embeddable":true,"href":"https:\/\/hiphop4life.fr\/shop\/wp-json\/wp\/v2\/comments?post=70613"}],"wp:featuredmedia":[{"embeddable":true,"href":"https:\/\/hiphop4life.fr\/shop\/wp-json\/wp\/v2\/media\/70615"}],"wp:attachment":[{"href":"https:\/\/hiphop4life.fr\/shop\/wp-json\/wp\/v2\/media?parent=70613"}],"wp:term":[{"taxonomy":"product_brand","embeddable":true,"href":"https:\/\/hiphop4life.fr\/shop\/wp-json\/wp\/v2\/product_brand?post=70613"},{"taxonomy":"product_cat","embeddable":true,"href":"https:\/\/hiphop4life.fr\/shop\/wp-json\/wp\/v2\/product_cat?post=70613"},{"taxonomy":"product_tag","embeddable":true,"href":"https:\/\/hiphop4life.fr\/shop\/wp-json\/wp\/v2\/product_tag?post=70613"}],"curies":[{"name":"wp","href":"https:\/\/api.w.org\/{rel}","templated":true}]}}