{"id":70639,"date":"2016-04-19T19:32:29","date_gmt":"2016-04-19T17:32:29","guid":{"rendered":"http:\/\/hiphop4life.fr\/shop\/?post_type=product&#038;p=70639"},"modified":"2022-01-17T16:12:59","modified_gmt":"2022-01-17T15:12:59","slug":"schoolboy-q-oxymoron-vinyle","status":"publish","type":"product","link":"https:\/\/hiphop4life.fr\/shop\/produit\/schoolboy-q-oxymoron-vinyle\/","title":{"rendered":"ScHoolboy Q &#8211; Oxymoron [Vinyle]"},"content":{"rendered":"<div class=\"wpb-content-wrapper\"><p>[vc_row][vc_column width=\u00a0\u00bb1\/1&Prime;][vc_column_text]<strong>Extrait de la chronique Hip-Hop 4 Life :<\/strong><\/p>\n<p><em>[&#8230;] ScHoolboy\u00a0Q a tout compris au MCing, le succ\u00e8s d\u2019Oxymoron ne doit pas se r\u00e9sumer \u00e0 la production magistrale, le MC de Figg St. est une force instoppable et impr\u00e9visible, il crie, acc\u00e9l\u00e8re, saute des mesures, l\u00e2che des <i>YAK YAK<\/i>, change de flow sur chaque track, parle \u00e0 moiti\u00e9 d\u00e9fonc\u00e9 sur ses intros, l\u00e2che des bridges et des hooks de malade, il est une vraie attraction \u00e0 lui tout seul et un des rares MC \u00e0 pouvoir tenir un album sans featuring.<\/em><em>\u00a0[&#8230;]<\/em><\/p>\n\n<p><strong>Tracklist<\/strong><\/p>\n<p><em>1. Gangsta<\/em><br \/>\n<em>2. Los Awesome (Ft. Jay Rock)<\/em><br \/>\n<em>3. Collard Greens (Ft. Kendrick Lamar)<\/em><br \/>\n<em>4. What They Want (Ft. 2 Chainz)<\/em><br \/>\n<em>5. Hoover Street<\/em><br \/>\n<em>6. Studio (Ft. BJ the Chicago Kid)<\/em><br \/>\n<em>7. Prescription\/Oxymoron<\/em><br \/>\n<em>8. The Purge (Ft. Tyler, the Creator &amp; Kurupt)<\/em><br \/>\n<em>9. Blind Threats (Ft. Raekwon)<\/em><br \/>\n<em>10. Hell of a Night<\/em><br \/>\n<em>11. Break the Bank<\/em><br \/>\n<em>12. Man of the Year<\/em><br \/>\n<em>13. His &amp; Her Friend (Ft. SZA)<\/em><br \/>\n<em>14. Grooveline Pt. 2 (Ft. Suga Free)<\/em><br \/>\n<em>15. Fuck LA<\/em>[\/vc_column_text][\/vc_column][\/vc_row]<\/p>\n<\/div>","protected":false},"excerpt":{"rendered":"<p><strong>Album :<\/strong>\u00a0Oxymoron<br \/>\n<strong>Artiste :<\/strong>\u00a0ScHoolboy Q<br \/>\n<strong>Etat :<\/strong>\u00a0Neuf<br \/>\n<strong>Format :<\/strong>\u00a0Vinyle, 2 LP, Album<br \/>\n<strong>Label :<\/strong>\u00a0Top Dawg Entertainment<br \/>\n<strong>Edition :<\/strong> Originale<br \/>\n<strong>Date de sortie :<\/strong>\u00a02014<br \/>\n<strong>Genre :<\/strong>\u00a0Hip-Hop\u00a0\/ Rap US \/ West Coast \/ Gangsta Rap<\/p>\n","protected":false},"featured_media":70641,"comment_status":"open","ping_status":"closed","template":"","meta":{"om_disable_all_campaigns":false,"_monsterinsights_skip_tracking":false,"_monsterinsights_sitenote_active":false,"_monsterinsights_sitenote_note":"","_monsterinsights_sitenote_category":0},"product_brand":[],"product_cat":[9206,6175],"product_tag":[9688,6110,5325,5855,7701,7051,5326,5897,5895,5328],"class_list":{"0":"post-70639","1":"product","2":"type-product","3":"status-publish","4":"has-post-thumbnail","6":"product_cat-new-school","7":"product_cat-west-coast","8":"product_tag-dreamville-vs-tde","9":"product_tag-gangsta-rap","10":"product_tag-hip-hop","11":"product_tag-new-school","12":"product_tag-original","13":"product_tag-oxymoron","14":"product_tag-rap-us","15":"product_tag-schoolboy-q","16":"product_tag-tde","17":"product_tag-west-coast","18":"product_shipping_class-2-lp","20":"first","21":"outofstock","22":"taxable","23":"shipping-taxable","24":"purchasable","25":"product-type-simple"},"aioseo_notices":[],"_links":{"self":[{"href":"https:\/\/hiphop4life.fr\/shop\/wp-json\/wp\/v2\/product\/70639","targetHints":{"allow":["GET"]}}],"collection":[{"href":"https:\/\/hiphop4life.fr\/shop\/wp-json\/wp\/v2\/product"}],"about":[{"href":"https:\/\/hiphop4life.fr\/shop\/wp-json\/wp\/v2\/types\/product"}],"replies":[{"embeddable":true,"href":"https:\/\/hiphop4life.fr\/shop\/wp-json\/wp\/v2\/comments?post=70639"}],"wp:featuredmedia":[{"embeddable":true,"href":"https:\/\/hiphop4life.fr\/shop\/wp-json\/wp\/v2\/media\/70641"}],"wp:attachment":[{"href":"https:\/\/hiphop4life.fr\/shop\/wp-json\/wp\/v2\/media?parent=70639"}],"wp:term":[{"taxonomy":"product_brand","embeddable":true,"href":"https:\/\/hiphop4life.fr\/shop\/wp-json\/wp\/v2\/product_brand?post=70639"},{"taxonomy":"product_cat","embeddable":true,"href":"https:\/\/hiphop4life.fr\/shop\/wp-json\/wp\/v2\/product_cat?post=70639"},{"taxonomy":"product_tag","embeddable":true,"href":"https:\/\/hiphop4life.fr\/shop\/wp-json\/wp\/v2\/product_tag?post=70639"}],"curies":[{"name":"wp","href":"https:\/\/api.w.org\/{rel}","templated":true}]}}