{"id":70646,"date":"2016-06-15T23:00:38","date_gmt":"2016-06-15T21:00:38","guid":{"rendered":"http:\/\/hiphop4life.fr\/shop\/?post_type=product&#038;p=70646"},"modified":"2022-01-17T16:08:02","modified_gmt":"2022-01-17T15:08:02","slug":"skepta-konnichiwa-vinyle","status":"publish","type":"product","link":"https:\/\/hiphop4life.fr\/shop\/produit\/skepta-konnichiwa-vinyle\/","title":{"rendered":"Skepta &#8211; Konnichiwa [Vinyle]"},"content":{"rendered":"<div class=\"wpb-content-wrapper\"><p>[vc_row][vc_column width=\u00a0\u00bb1\/1&Prime;][vc_column_text]<strong>Extrait de la chronique Hip-Hop 4 Life :<\/strong><\/p>\n<p><em>[&#8230;] Konnichiwa\u00a0est un uppercut, banger sur banger, que des tueries, des beats explosifs, des flows ac\u00e9r\u00e9s et des lyrics abrasives.<\/em><br \/>\n<em><a href=\"http:\/\/hiphop4life.fr\/shop\/produit\/run-the-jewels-run-the-jewels-vinyle\/\">Run The Jewels<\/a> qui a fusionn\u00e9 avec <a href=\"http:\/\/hiphop4life.fr\/shop\/produit\/clipse-hell-hath-no-fury-vinyle\/\">Hell Hath No Fury<\/a>, Killer Mike et Pusha T avec des potaras et un accent anglais\u00a0!<\/em><br \/>\n<em>On a tous \u00e9t\u00e9 surpris par la signature de Drake sur le label d\u2019un mec bien moins connu que lui, au final ce mec nomm\u00e9 Skepta lui donne une le\u00e7on de rap en sortant cette petite bombe une semaine apr\u00e8s <a href=\"http:\/\/hiphop4life.fr\/shop\/produit\/drake-views-vinyle\/\">VIEWS<\/a>\u00a0!<\/em><em>\u00a0[&#8230;]<\/em><\/p>\n<p>La chronique compl\u00e8te de <em>Konnichiwa<\/em>\u00a0dispo\u00a0<a href=\"http:\/\/hiphop4life.fr\/chroniques\/skepta-konnichiwa-chronique\/\">ici<\/a>.[\/vc_column_text][vc_single_image media=\u00a0\u00bb70647&Prime; media_width_percent=\u00a0\u00bb100&Prime;][vc_column_text]<iframe src=\"https:\/\/open.spotify.com\/embed\/album\/2yegc4SUhhXxUXUavLHUqL\" width=\"300\" height=\"380\" frameborder=\"0\"><\/iframe><\/p>\n<p><strong>Tracklist<\/strong><\/p>\n<p><em>1. Konnichiwa<\/em><br \/>\n<em>2. Lyrics (Ft. Novelist)<\/em><br \/>\n<em>3. Corn on the Curb (Ft. Wiley &amp; Chip)<\/em><br \/>\n<em>4. Crime Riddim<\/em><br \/>\n<em>5. It Ain&rsquo;t Safe (Ft. Young Lord)<\/em><br \/>\n<em>6. Ladies Hit Squad (Ft. D Double E &amp; A$AP Nast)<\/em><br \/>\n<em>7. Numbers (Ft. Pharrell Williams)<\/em><br \/>\n<em>8. Man (Gang)<\/em><br \/>\n<em>9. Shutdown<\/em><br \/>\n<em>10. That&rsquo;s Not Me (Ft. Jme)<\/em><br \/>\n<em>11. Detox (Ft. Boy Better Know)<\/em><br \/>\n<em>12. Text Me Back<\/em>[\/vc_column_text][\/vc_column][\/vc_row]<\/p>\n<\/div>","protected":false},"excerpt":{"rendered":"<p><strong>Album :<\/strong>\u00a0Konnichiwa<br \/>\n<strong>Artiste :<\/strong>\u00a0Skepta<br \/>\n<strong>Etat :<\/strong>\u00a0Neuf<br \/>\n<strong>Format :<\/strong>\u00a0Vinyle, 2 LP, Album<br \/>\n<strong>Label :<\/strong>\u00a0Boy Better Know<br \/>\n<strong>Edition :<\/strong> Originale<br \/>\n<strong>Date de sortie :<\/strong>\u00a02016<br \/>\n<strong>Genre :<\/strong>\u00a0Hip-Hop\u00a0\/ Rap UK \/ Grime<\/p>\n","protected":false},"featured_media":70648,"comment_status":"open","ping_status":"closed","template":"","meta":{"om_disable_all_campaigns":false,"_monsterinsights_skip_tracking":false,"_monsterinsights_sitenote_active":false,"_monsterinsights_sitenote_note":"","_monsterinsights_sitenote_category":0},"product_brand":[],"product_cat":[9206,8053],"product_tag":[7064,7058,5325,7062,5855,7701,7056,7060],"class_list":{"0":"post-70646","1":"product","2":"type-product","3":"status-publish","4":"has-post-thumbnail","6":"product_cat-new-school","7":"product_cat-uk","8":"product_tag-boy-better-know","9":"product_tag-grime","10":"product_tag-hip-hop","11":"product_tag-konnichiwa","12":"product_tag-new-school","13":"product_tag-original","14":"product_tag-rap-uk","15":"product_tag-skepta","16":"product_shipping_class-lp","18":"first","19":"outofstock","20":"taxable","21":"shipping-taxable","22":"purchasable","23":"product-type-simple"},"aioseo_notices":[],"_links":{"self":[{"href":"https:\/\/hiphop4life.fr\/shop\/wp-json\/wp\/v2\/product\/70646","targetHints":{"allow":["GET"]}}],"collection":[{"href":"https:\/\/hiphop4life.fr\/shop\/wp-json\/wp\/v2\/product"}],"about":[{"href":"https:\/\/hiphop4life.fr\/shop\/wp-json\/wp\/v2\/types\/product"}],"replies":[{"embeddable":true,"href":"https:\/\/hiphop4life.fr\/shop\/wp-json\/wp\/v2\/comments?post=70646"}],"wp:featuredmedia":[{"embeddable":true,"href":"https:\/\/hiphop4life.fr\/shop\/wp-json\/wp\/v2\/media\/70648"}],"wp:attachment":[{"href":"https:\/\/hiphop4life.fr\/shop\/wp-json\/wp\/v2\/media?parent=70646"}],"wp:term":[{"taxonomy":"product_brand","embeddable":true,"href":"https:\/\/hiphop4life.fr\/shop\/wp-json\/wp\/v2\/product_brand?post=70646"},{"taxonomy":"product_cat","embeddable":true,"href":"https:\/\/hiphop4life.fr\/shop\/wp-json\/wp\/v2\/product_cat?post=70646"},{"taxonomy":"product_tag","embeddable":true,"href":"https:\/\/hiphop4life.fr\/shop\/wp-json\/wp\/v2\/product_tag?post=70646"}],"curies":[{"name":"wp","href":"https:\/\/api.w.org\/{rel}","templated":true}]}}